{"id":149793,"date":"2021-01-15T11:00:45","date_gmt":"2021-01-15T11:00:45","guid":{"rendered":"https:\/\/codengine3.ch\/?product=import-placeholder-for-204118"},"modified":"2021-01-15T14:29:59","modified_gmt":"2021-01-15T14:29:59","slug":"die-alpenvereinskarte-und-ihr-gebrauch","status":"publish","type":"product","link":"https:\/\/pizbube.ch\/en\/shop\/die-alpenvereinskarte-und-ihr-gebrauch\/","title":{"rendered":"Die Alpenvereinskarte und ihr Gebrauch"},"content":{"rendered":"<p>Das B\u00fcchlein will versuchen, die Alpenvereinskarten einem gr\u00f6\u00dferen<br \/>\nInteressentenkreis vorzustellen und eine Anleitung zum Kartenlesen im<br \/>\nHochgebirge zu geben.<br \/>\nHerausgegeben im Rahmen der Alpenvereinskartographie vom DAV, bearbeitet von<br \/>\nR. Finsterwalder, M\u00fcnchen, 2. Auflage 1990<\/p>","protected":false},"excerpt":{"rendered":"<p>Das B\u00fcchlein will versuchen, die Alpenvereinskarten einem gr\u00f6\u00dferen Interessentenkreis vorzustellen und eine Anleitung zum Kartenlesen im Hochgebirge zu geben. Herausgegeben im Rahmen der Alpenvereinskartographie vom DAV, bearbeitet von R. Finsterwalder, M\u00fcnchen, 2. Auflage 1990<\/p>","protected":false},"featured_media":31872,"template":"","meta":[],"product_brand":[],"product_cat":[21538],"product_tag":[],"class_list":{"0":"post-149793","1":"product","2":"type-product","3":"status-publish","4":"has-post-thumbnail","6":"product_cat-lehrbuecher","7":"pa_autor-finsterwalder","8":"pa_erscheinungsjahr-22236","9":"pa_region-orientierung-wetter-ausbildung","10":"pa_sprache-de","12":"first","13":"instock","14":"taxable","15":"shipping-taxable","16":"purchasable","17":"product-type-simple"},"_links":{"self":[{"href":"https:\/\/pizbube.ch\/en\/wp-json\/wp\/v2\/product\/149793","targetHints":{"allow":["GET"]}}],"collection":[{"href":"https:\/\/pizbube.ch\/en\/wp-json\/wp\/v2\/product"}],"about":[{"href":"https:\/\/pizbube.ch\/en\/wp-json\/wp\/v2\/types\/product"}],"wp:featuredmedia":[{"embeddable":true,"href":"https:\/\/pizbube.ch\/en\/wp-json\/wp\/v2\/media\/31872"}],"wp:attachment":[{"href":"https:\/\/pizbube.ch\/en\/wp-json\/wp\/v2\/media?parent=149793"}],"wp:term":[{"taxonomy":"product_brand","embeddable":true,"href":"https:\/\/pizbube.ch\/en\/wp-json\/wp\/v2\/product_brand?post=149793"},{"taxonomy":"product_cat","embeddable":true,"href":"https:\/\/pizbube.ch\/en\/wp-json\/wp\/v2\/product_cat?post=149793"},{"taxonomy":"product_tag","embeddable":true,"href":"https:\/\/pizbube.ch\/en\/wp-json\/wp\/v2\/product_tag?post=149793"}],"curies":[{"name":"wp","href":"https:\/\/api.w.org\/{rel}","templated":true}]}}