{"id":149794,"date":"2021-01-15T11:00:45","date_gmt":"2021-01-15T11:00:45","guid":{"rendered":"https:\/\/codengine3.ch\/?product=import-placeholder-for-204529"},"modified":"2021-01-15T14:34:06","modified_gmt":"2021-01-15T14:34:06","slug":"trekking-im-stubai","status":"publish","type":"product","link":"https:\/\/pizbube.ch\/en\/shop\/trekking-im-stubai\/","title":{"rendered":"Trekking im Stubai"},"content":{"rendered":"<p>Sellrainer H\u00fcttenrunde &#8211; Stubaier H\u00f6henweg &#8211; Gschnitzer Talschlussrunde<\/p>\n<p>Wanderungen von H\u00fctte zu H\u00fctte bieten im Vergleich zu herk\u00f6mmlichen<br \/>\nTagestouren ein deutliches Mehr: mehr Zeit zum Abschalten vom Alltag, mehr<br \/>\nbesondere Stimmungen im Wechsel der Tageszeiten, mehr und vielseitigere<br \/>\nLandschaftseindr\u00fccke, kurzum: mehr Erlebniswert! Eine Region, um die<br \/>\nmannigfaltigen Facetten des \u00bbH\u00fcttentrekkings\u00ab bestens auszuleben, sind die<br \/>\nStubaier Alpen im Herzen Tirols, wo die zahlreichen Bergh\u00fctten \u00fcber spannende<br \/>\nH\u00f6hensteige perfekt vernetzt sind.<\/p>\n<p>Dieser Rother Wanderf\u00fchrer beinhaltet die erst j\u00fcngst konzipierte Sellrainer<br \/>\nH\u00fcttenrunde, den mittlerweile klassischen Stubaier H\u00f6henweg sowie eine nicht<br \/>\nminder interessante Gschnitzer Talschlussrunde. Gab es bisher lediglich kurz<br \/>\ngefasste Beschreibungen in Auswahlb\u00e4nden oder touristischen Prospekten, so<br \/>\nwerden die umfangreichen Trekkingm\u00f6glichkeiten im Stubai hiermit erstmals auf<br \/>\neine breite Basis gestellt. S\u00e4mtliche Etappen und Varianten sowie die<br \/>\nwichtigsten Gipfeloptionen erfahren eine ausf\u00fchrliche W\u00fcrdigung mit allen<br \/>\nwichtigen Infos, inklusive Kartenausschnitten, H\u00f6henprofilen und GPS-Tracks<br \/>\nzum Download. Ganz gleich, ob im Angesicht der popul\u00e4ren, oft vergletscherten<br \/>\nSzenerien am Stubaier H\u00f6henweg oder in den stilleren Winkeln des Sellrain und<br \/>\nGschnitz \u2013 passionierte Bergwanderer k\u00f6nnen auf diesen Routen stets in<br \/>\nfantastischen Landschaftsgen\u00fcssen schwelgen.<\/p>\n<p>1. Auflage 2013; 176 Seiten mit 131 Farbabbildungen; 41 H\u00f6henprofile, 32<br \/>\nWanderk\u00e4rtchen im Ma\u00dfstab 1:75.000, zwei \u00dcbersichtskarten<\/p>","protected":false},"excerpt":{"rendered":"<ul>\n<li><a href=\"https:\/\/pizbube.ch\/wp-content\/uploads\/attachments\/a_014\/4FE27969F85E90159C48695689A1C160.pdf\" target=\"_blank\" rel=\"noopener\">PDF: trekking im stubai_inhalt<\/a><\/li>\n<\/ul>","protected":false},"featured_media":32579,"template":"","meta":[],"product_brand":[],"product_cat":[21605],"product_tag":[],"class_list":{"0":"post-149794","1":"product","2":"type-product","3":"status-publish","4":"has-post-thumbnail","6":"product_cat-wanderfuehrer-trekking","7":"pa_autor-zahel","8":"pa_erscheinungsjahr-21568","9":"pa_region-oesterreich","10":"pa_sprache-de","12":"first","13":"instock","14":"taxable","15":"shipping-taxable","16":"purchasable","17":"product-type-simple"},"_links":{"self":[{"href":"https:\/\/pizbube.ch\/en\/wp-json\/wp\/v2\/product\/149794","targetHints":{"allow":["GET"]}}],"collection":[{"href":"https:\/\/pizbube.ch\/en\/wp-json\/wp\/v2\/product"}],"about":[{"href":"https:\/\/pizbube.ch\/en\/wp-json\/wp\/v2\/types\/product"}],"wp:featuredmedia":[{"embeddable":true,"href":"https:\/\/pizbube.ch\/en\/wp-json\/wp\/v2\/media\/32579"}],"wp:attachment":[{"href":"https:\/\/pizbube.ch\/en\/wp-json\/wp\/v2\/media?parent=149794"}],"wp:term":[{"taxonomy":"product_brand","embeddable":true,"href":"https:\/\/pizbube.ch\/en\/wp-json\/wp\/v2\/product_brand?post=149794"},{"taxonomy":"product_cat","embeddable":true,"href":"https:\/\/pizbube.ch\/en\/wp-json\/wp\/v2\/product_cat?post=149794"},{"taxonomy":"product_tag","embeddable":true,"href":"https:\/\/pizbube.ch\/en\/wp-json\/wp\/v2\/product_tag?post=149794"}],"curies":[{"name":"wp","href":"https:\/\/api.w.org\/{rel}","templated":true}]}}