{"id":149795,"date":"2021-01-15T11:00:45","date_gmt":"2021-01-15T11:00:45","guid":{"rendered":"https:\/\/codengine3.ch\/?product=import-placeholder-for-206347"},"modified":"2021-01-15T14:48:15","modified_gmt":"2021-01-15T14:48:15","slug":"oesterreichische-karte-125000","status":"publish","type":"product","link":"https:\/\/pizbube.ch\/en\/shop\/oesterreichische-karte-125000\/","title":{"rendered":"\u00d6sterreichische Karte 1:25&#8217;000"},"content":{"rendered":"<p>Amtliche \u00f6sterreichische Landkarten 1:25&#8217;000:<br \/>\n(Vergr\u00f6\u00dferung der \u00d6sterreichische Karte 1:50 000)  <\/p>\n<p>Fl\u00e4chendeckende Landkarten \u00d6sterreichs vom Bundesamt f. Vermessungswesen.<br \/>\nbitte Blatt\/ Gebiet im Feld &#8218;Bemerkungen&#8216; beim Ausf\u00fcllen der Rechnungsadresse<br \/>\nangeben!  <\/p>\n<p>**Blatteinteilung siehe:**<br \/>\nhttp:\/\/www.bev.gv.at\/pls\/portal\/docs\/PAGE\/BEV_PORTAL_CONTENT_ALLGEMEIN\/0200_PRODUKTE\/PDF\/Blattuebersicht_OEK25V-BMN_UTM.pdf  <\/p>","protected":false},"excerpt":{"rendered":"<p>Amtliche \u00f6sterreichische Landkarten 1:25&#8217;000: (Vergr\u00f6\u00dferung der \u00d6sterreichische Karte 1:50 000) Fl\u00e4chendeckende Landkarten \u00d6sterreichs vom Bundesamt f. Vermessungswesen. bitte Blatt\/ Gebiet im Feld &#8218;Bemerkungen&#8216; beim Ausf\u00fcllen der Rechnungsadresse angeben! **Blatteinteilung siehe:** http:\/\/www.bev.gv.at\/pls\/portal\/docs\/PAGE\/BEV_PORTAL_CONTENT_ALLGEMEIN\/0200_PRODUKTE\/PDF\/Blattuebersicht_OEK25V-BMN_UTM.pdf<\/p>","protected":false},"featured_media":36951,"template":"","meta":[],"product_brand":[],"product_cat":[21543],"product_tag":[],"class_list":{"0":"post-149795","1":"product","2":"type-product","3":"status-publish","4":"has-post-thumbnail","6":"product_cat-landkarten","7":"pa_autor-bev","8":"pa_region-oesterreich","9":"pa_sprache-de","11":"first","12":"instock","13":"taxable","14":"shipping-taxable","15":"purchasable","16":"product-type-simple"},"_links":{"self":[{"href":"https:\/\/pizbube.ch\/en\/wp-json\/wp\/v2\/product\/149795","targetHints":{"allow":["GET"]}}],"collection":[{"href":"https:\/\/pizbube.ch\/en\/wp-json\/wp\/v2\/product"}],"about":[{"href":"https:\/\/pizbube.ch\/en\/wp-json\/wp\/v2\/types\/product"}],"wp:featuredmedia":[{"embeddable":true,"href":"https:\/\/pizbube.ch\/en\/wp-json\/wp\/v2\/media\/36951"}],"wp:attachment":[{"href":"https:\/\/pizbube.ch\/en\/wp-json\/wp\/v2\/media?parent=149795"}],"wp:term":[{"taxonomy":"product_brand","embeddable":true,"href":"https:\/\/pizbube.ch\/en\/wp-json\/wp\/v2\/product_brand?post=149795"},{"taxonomy":"product_cat","embeddable":true,"href":"https:\/\/pizbube.ch\/en\/wp-json\/wp\/v2\/product_cat?post=149795"},{"taxonomy":"product_tag","embeddable":true,"href":"https:\/\/pizbube.ch\/en\/wp-json\/wp\/v2\/product_tag?post=149795"}],"curies":[{"name":"wp","href":"https:\/\/api.w.org\/{rel}","templated":true}]}}