{"id":149797,"date":"2021-01-15T11:00:46","date_gmt":"2021-01-15T11:00:46","guid":{"rendered":"https:\/\/codengine3.ch\/?product=import-placeholder-for-205547"},"modified":"2021-11-19T08:48:24","modified_gmt":"2021-11-19T07:48:24","slug":"vorarlberg-50-skitouren","status":"publish","type":"product","link":"https:\/\/pizbube.ch\/en\/shop\/vorarlberg-50-skitouren\/","title":{"rendered":"Vorarlberg 50 Skitouren"},"content":{"rendered":"<p>Bregenzerwald &#8211; R\u00e4tikon &#8211; Silvretta<br \/>\n50 Skitouren<\/p>\n<p>Das Skitourengebiet Vorarlbergs reicht vom Bregenzerwald \u00fcber den Arlberg und<br \/>\ndas R\u00e4tikon bis zur Silvretta. Ob gem\u00fctliche Vorgebirgstour oder schneesichere<br \/>\nGletschertour, von der Vielzahl an Touren werden 50 der sch\u00f6nsten im neuen<br \/>\nSkitourenf\u00fchrer &#8218;Vorarlberg&#8216; zusammengefasst und mit wertvollen Tipps zu<br \/>\nweiteren M\u00f6glichkeiten und Varianten erg\u00e4nzt.<\/p>\n<p>Das vielseitige und \u00fcberaus schneesichere Winterparadies zwischen dem Rheintal<br \/>\nund der Silvretta mit dem Piz Buin als h\u00f6chsten Gipfel Vorarlbergs ist unter<br \/>\nTourengehern zwar l\u00e4ngst kein Geheimtipp mehr, doch \u00fcberlaufen sind die Gipfel<br \/>\nkeineswegs. Und bei der einen oder anderen Tour ist es gar nicht einmal so<br \/>\nselten, dass man selbst bei besten Verh\u00e4ltnissen alleine unterwegs ist. Auf<br \/>\nden Grasbergen im Bregenzerwald und \u00fcber dem Laternser Tal startet die<br \/>\nSkitourensaison bereits mit den ersten gr\u00f6\u00dferen Schneef\u00e4llen im Fr\u00fchwinter.<\/p>\n<p>Hoch\u00e4lpelekopf, Hirschberg oder Feuerst\u00e4tterkopf z\u00e4hlen zu den beliebtesten<br \/>\nZielen, die auch ideal f\u00fcr Einsteiger sind und selbst bei Schlechtwetter zu<br \/>\nmachen sind. Hat der Winter erst richtig begonnen, stehen genussreiche Gipfel<br \/>\nwie Toblermannskopf und Winterstaude sowie etwas anspruchs-vollere wie etwa<br \/>\ndie Kanisfluh auf dem Programm. Sp\u00e4ter verlagert sich das Interesse auf die<br \/>\nh\u00f6heren und alpineren Ziele im Hinteren Bregenzerwald, im Montafon und am<br \/>\nArlberg. Im Fr\u00fchjahr geht es schlie\u00dflich auf die Dreitausender der Silvretta,<br \/>\nwo viele erst Mitte\/Ende Mai das furiose Finale ihrer Skisaison absolvieren.<\/p>\n<p>144 Seiten mit 60 Farbabbildungen, 50 Tourenk\u00e4rtchen im Ma\u00dfstab 1:50.000, eine<br \/>\n\u00dcbersichtskarte;<br \/>\n5. aktualis. Auflage 2021<\/p>","protected":false},"excerpt":{"rendered":"<ul>\n<li><a href=\"https:\/\/pizbube.ch\/wp-content\/uploads\/attachments\/a_024\/8965136293240D146C15B26C8F23AA1D.pdf\" target=\"_blank\" rel=\"noopener\">PDF: skitouren_vorarlberg_inhalt<\/a><\/li>\n<\/ul>","protected":false},"featured_media":159695,"template":"","meta":[],"product_brand":[],"product_cat":[21540],"product_tag":[],"class_list":{"0":"post-149797","1":"product","2":"type-product","3":"status-publish","4":"has-post-thumbnail","6":"product_cat-fuehrerliteratur-alpin-winter","7":"pa_autor-herbke","8":"pa_erscheinungsjahr-25440","9":"pa_region-oesterreich","10":"pa_sprache-de","12":"first","13":"instock","14":"taxable","15":"shipping-taxable","16":"purchasable","17":"product-type-simple"},"_links":{"self":[{"href":"https:\/\/pizbube.ch\/en\/wp-json\/wp\/v2\/product\/149797","targetHints":{"allow":["GET"]}}],"collection":[{"href":"https:\/\/pizbube.ch\/en\/wp-json\/wp\/v2\/product"}],"about":[{"href":"https:\/\/pizbube.ch\/en\/wp-json\/wp\/v2\/types\/product"}],"wp:featuredmedia":[{"embeddable":true,"href":"https:\/\/pizbube.ch\/en\/wp-json\/wp\/v2\/media\/159695"}],"wp:attachment":[{"href":"https:\/\/pizbube.ch\/en\/wp-json\/wp\/v2\/media?parent=149797"}],"wp:term":[{"taxonomy":"product_brand","embeddable":true,"href":"https:\/\/pizbube.ch\/en\/wp-json\/wp\/v2\/product_brand?post=149797"},{"taxonomy":"product_cat","embeddable":true,"href":"https:\/\/pizbube.ch\/en\/wp-json\/wp\/v2\/product_cat?post=149797"},{"taxonomy":"product_tag","embeddable":true,"href":"https:\/\/pizbube.ch\/en\/wp-json\/wp\/v2\/product_tag?post=149797"}],"curies":[{"name":"wp","href":"https:\/\/api.w.org\/{rel}","templated":true}]}}