{"id":149798,"date":"2021-01-15T11:00:46","date_gmt":"2021-01-15T11:00:46","guid":{"rendered":"https:\/\/codengine3.ch\/?product=import-placeholder-for-208684"},"modified":"2024-06-21T15:45:01","modified_gmt":"2024-06-21T13:45:01","slug":"kletterfuehrer-ostbayern","status":"publish","type":"product","link":"https:\/\/pizbube.ch\/en\/shop\/kletterfuehrer-ostbayern\/","title":{"rendered":"Kletterf\u00fchrer Ostbayern"},"content":{"rendered":"<p>Urgesteinskletterei vom Feinsten in direkter Nachbarschaft zum Frankenjura.<br \/>\nFichtelgebirge, Steinwald, Bayerischen Wald.<\/p>\n<p>Vielleicht unser Mittelgebirgsf\u00fchrer mit dem gr\u00f6\u00dften beschriebenen Gebiet,<br \/>\ndenn hinter dem Begriff &#171;Ostbayern&#187; verbergen sich s\u00e4mtliche<br \/>\nKletterm\u00f6glichkeiten zwischen Hof im Norden und Passau im S\u00fcden. Wer von den<br \/>\nfr\u00e4nkischen L\u00f6chern zwischenzeitlich mal genug hat, ist im Urgestein von<br \/>\nFichtelgebirge, Steinwald und Bayerischem Wald bestens aufgehoben.<\/p>\n<p>Und als Extraschmankerl f\u00fcr alle Geiz-ist-geil-Kletterer: das Bier danach ist<br \/>\nhier noch g\u00fcnstiger!<br \/>\n2. Auflage 2016, 464 Seiten, 148 x 185 mm, Softcover, komplett 4 Farbig<br \/>\n(incl. Freischaltcode f\u00fcr Vertical-Life App).<\/p>","protected":false},"excerpt":{"rendered":"<p>Urgesteinskletterei vom Feinsten in direkter Nachbarschaft zum Frankenjura. Fichtelgebirge, Steinwald, Bayerischen Wald. Vielleicht unser Mittelgebirgsf\u00fchrer mit dem gr\u00f6\u00dften beschriebenen Gebiet, denn hinter dem Begriff &#171;Ostbayern&#187; verbergen sich s\u00e4mtliche Kletterm\u00f6glichkeiten zwischen Hof im Norden und Passau im S\u00fcden. Wer von den fr\u00e4nkischen L\u00f6chern zwischenzeitlich mal genug hat, ist im Urgestein von Fichtelgebirge, Steinwald und Bayerischem Wald [&#8230;]\n","protected":false},"featured_media":173567,"template":"","meta":[],"product_brand":[],"product_cat":[21539],"product_tag":[],"class_list":{"0":"post-149798","1":"product","2":"type-product","3":"status-publish","4":"has-post-thumbnail","6":"product_cat-fuehrerliteratur-sportklettern-bouldern","7":"pa_autor-hartl","8":"pa_erscheinungsjahr-21571","9":"pa_region-deutschland","10":"pa_sprache-de","12":"first","13":"outofstock","14":"taxable","15":"shipping-taxable","16":"purchasable","17":"product-type-simple"},"_links":{"self":[{"href":"https:\/\/pizbube.ch\/en\/wp-json\/wp\/v2\/product\/149798","targetHints":{"allow":["GET"]}}],"collection":[{"href":"https:\/\/pizbube.ch\/en\/wp-json\/wp\/v2\/product"}],"about":[{"href":"https:\/\/pizbube.ch\/en\/wp-json\/wp\/v2\/types\/product"}],"wp:featuredmedia":[{"embeddable":true,"href":"https:\/\/pizbube.ch\/en\/wp-json\/wp\/v2\/media\/173567"}],"wp:attachment":[{"href":"https:\/\/pizbube.ch\/en\/wp-json\/wp\/v2\/media?parent=149798"}],"wp:term":[{"taxonomy":"product_brand","embeddable":true,"href":"https:\/\/pizbube.ch\/en\/wp-json\/wp\/v2\/product_brand?post=149798"},{"taxonomy":"product_cat","embeddable":true,"href":"https:\/\/pizbube.ch\/en\/wp-json\/wp\/v2\/product_cat?post=149798"},{"taxonomy":"product_tag","embeddable":true,"href":"https:\/\/pizbube.ch\/en\/wp-json\/wp\/v2\/product_tag?post=149798"}],"curies":[{"name":"wp","href":"https:\/\/api.w.org\/{rel}","templated":true}]}}