{"id":149804,"date":"2021-01-15T11:00:46","date_gmt":"2021-01-15T11:00:46","guid":{"rendered":"https:\/\/codengine3.ch\/?product=import-placeholder-for-208001"},"modified":"2026-01-15T09:00:26","modified_gmt":"2026-01-15T08:00:26","slug":"cordillere-royale-treks-et-alpinisme-en-bolivie","status":"publish","type":"product","link":"https:\/\/pizbube.ch\/en\/shop\/cordillere-royale-treks-et-alpinisme-en-bolivie\/","title":{"rendered":"Cordill\u00e8re Royale &#8211; Treks et alpinisme en Bolivie"},"content":{"rendered":"<p>Ce guide pratique d\u00e9livre les cl\u00e9s pour d\u00e9couvrir la cordill\u00e8re Royale soit en<br \/>\ntrek de plusieurs jours entre 4 500 et 5 500 m\u00e8tres d\u2019altitude, soit en<br \/>\ngravissant ses hauts sommets par des voies glaciaires, classiques et peu<br \/>\ntechniques ou par des voies tr\u00e8s techniques pour les andinistes confirm\u00e9s..<\/p>\n<p>Imaginez une population indienne, m\u00e9tiss\u00e9e, v\u00eatue de parures multicolores,<br \/>\navec toutes les nuances de jaune, d\u2019orange, de rouge, de violet. Imaginez un<br \/>\nciel intens\u00e9ment bleu, d\u2019une incroyable puret\u00e9, o\u00f9 plane un majestueux condor<br \/>\net de vastes terres arides occup\u00e9es par des troupeaux de lamas. Imaginez un<br \/>\nimmense lac, un lac l\u00e9gendaire, berceau de grandes civilisations, une<br \/>\nv\u00e9ritable mer int\u00e9rieure avec ses embarcations traditionnelles en roseaux<br \/>\ntress\u00e9s. Imaginez enfin \u00e0 l\u2019horizon, sous le soleil des Tropiques, des<br \/>\nmontagnes enneig\u00e9es, culminant \u00e0 plus de 6 000 m\u00e8tres d\u2019altitude.<\/p>\n<p>Imaginez, puis allez-y\u2026 Ce pays dont vous r\u00eavez, c\u2019est la Bolivie ; ce lac,<br \/>\nc\u2019est le lac Titicaca o\u00f9 se trouve le temple de l\u2019\u00eele du Soleil, un des lieux<br \/>\nsacr\u00e9s de l\u2019Empire inca ; ces montagnes, ce sont celles de la cordill\u00e8re<br \/>\nRoyale, au c\u0153ur de la cordill\u00e8re des Andes, avec ses innombrables chemins<br \/>\npr\u00e9colombiens, ses villages isol\u00e9s, ses lagunas d\u2019un bleu extraordinaire, et<br \/>\npuis, bien s\u00fbr, ses sommets blancs, tentateurs, avec leurs formations de glace<br \/>\nsi typiques, tellement andines, les ice-flutes\u2026 Illimani, Illampu, Huayna<br \/>\nPotosi, Condoriri\u2026 Marcher et grimper dans ces montagnes est toujours synonyme<br \/>\nd\u2019aventure, avec un grand A, que cette aventure soit humaine, culturelle et<br \/>\nsportive.<\/p>\n<p>C\u2019est leur exp\u00e9rience de la cordill\u00e8re Royale que nous offrent Anne Bialek et<br \/>\nPatrick Espel \u00e0 travers ce guide. Les itin\u00e9raires d\u00e9crits s\u2019adressent \u00e0 tous<br \/>\nceux qui aiment la montagne et r\u00eavent de d\u00e9couvrir le \u00ab royaume d\u2019altitude \u00bb,<br \/>\ndes randonneurs amateurs jusqu\u2019aux andinistes plus confirm\u00e9s. Vous y trouverez<br \/>\ndonc des itin\u00e9raires vari\u00e9s : des randonn\u00e9es ou des trekkings de plusieurs<br \/>\njours entre 4 500 et 5 500 m\u00e8tres d\u2019altitude pour les amateurs de marche, des<br \/>\nvoies d\u2019ascensions glaciaires, classiques et peu techniques sur les hauts<br \/>\nsommets de la cordill\u00e8re Royale (dont certains exc\u00e8dent 6 000 m) pour les<br \/>\nandinistes \u00ab d\u00e9butants \u00bb et des voies tr\u00e8s techniques pour les andinistes<br \/>\nconfirm\u00e9s. Les descriptions d\u2019itin\u00e9raires s\u2019accompagnent de photos, de<br \/>\nconseils pratiques mais aussi de r\u00e9cits d\u2019aventure \u00ab qui sentent le v\u00e9cu \u00bb, de<br \/>\nquoi ravir les passionn\u00e9s, les mordus, et m\u00eame \u00ab ceux \u00e0 qui on ne la fait plus<br \/>\n\u00bb\u2026<\/p>\n<p>192 pages, 140 x 225 mm,<br \/>\n1. \u00e9dit. 2015<\/p>","protected":false},"excerpt":{"rendered":"<p>Ce guide pratique d\u00e9livre les cl\u00e9s pour d\u00e9couvrir la cordill\u00e8re Royale soit en trek de plusieurs jours entre 4 500 et 5 500 m\u00e8tres d\u2019altitude, soit en gravissant ses hauts sommets par des voies glaciaires, classiques et peu techniques ou par des voies tr\u00e8s techniques pour les andinistes confirm\u00e9s.. Imaginez une population indienne, m\u00e9tiss\u00e9e, v\u00eatue [&#8230;]\n","protected":false},"featured_media":172313,"template":"","meta":[],"product_brand":[],"product_cat":[21544,21605],"product_tag":[],"class_list":{"0":"post-149804","1":"product","2":"type-product","3":"status-publish","4":"has-post-thumbnail","6":"product_cat-fuehrerliteratur-alpin-sommer","7":"product_cat-wanderfuehrer-trekking","8":"pa_autor-bialek-espel","9":"pa_erscheinungsjahr-21597","10":"pa_region-amerika-sued","11":"pa_sprache-f","13":"first","14":"instock","15":"taxable","16":"shipping-taxable","17":"purchasable","18":"product-type-simple"},"_links":{"self":[{"href":"https:\/\/pizbube.ch\/en\/wp-json\/wp\/v2\/product\/149804","targetHints":{"allow":["GET"]}}],"collection":[{"href":"https:\/\/pizbube.ch\/en\/wp-json\/wp\/v2\/product"}],"about":[{"href":"https:\/\/pizbube.ch\/en\/wp-json\/wp\/v2\/types\/product"}],"wp:featuredmedia":[{"embeddable":true,"href":"https:\/\/pizbube.ch\/en\/wp-json\/wp\/v2\/media\/172313"}],"wp:attachment":[{"href":"https:\/\/pizbube.ch\/en\/wp-json\/wp\/v2\/media?parent=149804"}],"wp:term":[{"taxonomy":"product_brand","embeddable":true,"href":"https:\/\/pizbube.ch\/en\/wp-json\/wp\/v2\/product_brand?post=149804"},{"taxonomy":"product_cat","embeddable":true,"href":"https:\/\/pizbube.ch\/en\/wp-json\/wp\/v2\/product_cat?post=149804"},{"taxonomy":"product_tag","embeddable":true,"href":"https:\/\/pizbube.ch\/en\/wp-json\/wp\/v2\/product_tag?post=149804"}],"curies":[{"name":"wp","href":"https:\/\/api.w.org\/{rel}","templated":true}]}}