{"id":149806,"date":"2021-01-15T11:00:46","date_gmt":"2021-01-15T11:00:46","guid":{"rendered":"https:\/\/codengine3.ch\/?product=import-placeholder-for-203891"},"modified":"2024-05-03T15:13:26","modified_gmt":"2024-05-03T13:13:26","slug":"climbs-and-treks-in-the-cordillera-huayhuash-of-peru","status":"publish","type":"product","link":"https:\/\/pizbube.ch\/en\/shop\/climbs-and-treks-in-the-cordillera-huayhuash-of-peru\/","title":{"rendered":"Climbs and Treks in the Cordillera Huayhuash of Peru"},"content":{"rendered":"<p>The definitive guide to the Cordillera Huayhuash a spectacular compact range south of the renowned Cordillera Blanca.<br \/>\nPlan your expedition or trek with this comprehensive guidebook!<\/p>\n<p>This is a selected guide to the Cordillera Huayhuash in Peru. This mountain range (made famous by Joe Simpson&#8217;s Touching the Void) features some of the most spectacular mountain settings and difficult alpine climbing in South America.<br \/>\nThe guide also describes two independent treks encircling the range; both of which are world class. It details the approaches, treks, climbs and travel.<\/p>\n<p>No of Pages: 216<br \/>\nPage Size: 117 x 190 mm<br \/>\nPublished Date: January 2006<br \/>\nBinding: Paperback<br \/>\nIllustrations: b&amp;w photos and topos<\/p>\n<p>Der vorliegende F\u00fchrer in Englisch beschreibt zwei sensationelle Rundtrekkings in dieser Gegend und bietet eine exzellente Auswahl von Besteigungen in allen Schwierigkeitsgraden. In der Einf\u00fchrung gibt es einen kurzen \u00dcberblick \u00fcber Kultur, Geschichte, Geografie und weitere n\u00fctzliche Tipps f\u00fcr den Aufenthalt in den peruanischen Cordilleras. Die Zustiege zu den Basislagern sind gut beschrieben und mit \u00fcbersichtlichen Kartenskizzen versehen. Geschildert werden 124 Routen in Eis, Fels und kombiniertem Gel\u00e4nde. Zu jeder Route gibt es zus\u00e4tzlich gute und sehr n\u00fctzliche Fotos mit dem eingetragenen Routenverlauf. Jeremy Frimer hat f\u00fcr die Cordillera Huayhuash den wohl umfassendsten F\u00fchrer geschrieben, der f\u00fcr eine Reise in diese faszinierende Gegend nicht fehlen darf.<\/p>","protected":false},"excerpt":{"rendered":"<p>The definitive guide to the Cordillera Huayhuash a spectacular compact range south of the renowned Cordillera Blanca. Plan your expedition or trek with this comprehensive guidebook! This is a selected guide to the Cordillera Huayhuash in Peru. This mountain range (made famous by Joe Simpson&#8217;s Touching the Void) features some of the most spectacular mountain [&#8230;]\n","protected":false},"featured_media":162907,"template":"","meta":[],"product_brand":[],"product_cat":[21544],"product_tag":[],"class_list":{"0":"post-149806","1":"product","2":"type-product","3":"status-publish","4":"has-post-thumbnail","6":"product_cat-fuehrerliteratur-alpin-sommer","7":"pa_autor-frimer","8":"pa_erscheinungsjahr-21776","9":"pa_region-amerika-sued","10":"pa_sprache-en","12":"first","13":"instock","14":"taxable","15":"shipping-taxable","16":"purchasable","17":"product-type-simple"},"_links":{"self":[{"href":"https:\/\/pizbube.ch\/en\/wp-json\/wp\/v2\/product\/149806","targetHints":{"allow":["GET"]}}],"collection":[{"href":"https:\/\/pizbube.ch\/en\/wp-json\/wp\/v2\/product"}],"about":[{"href":"https:\/\/pizbube.ch\/en\/wp-json\/wp\/v2\/types\/product"}],"wp:featuredmedia":[{"embeddable":true,"href":"https:\/\/pizbube.ch\/en\/wp-json\/wp\/v2\/media\/162907"}],"wp:attachment":[{"href":"https:\/\/pizbube.ch\/en\/wp-json\/wp\/v2\/media?parent=149806"}],"wp:term":[{"taxonomy":"product_brand","embeddable":true,"href":"https:\/\/pizbube.ch\/en\/wp-json\/wp\/v2\/product_brand?post=149806"},{"taxonomy":"product_cat","embeddable":true,"href":"https:\/\/pizbube.ch\/en\/wp-json\/wp\/v2\/product_cat?post=149806"},{"taxonomy":"product_tag","embeddable":true,"href":"https:\/\/pizbube.ch\/en\/wp-json\/wp\/v2\/product_tag?post=149806"}],"curies":[{"name":"wp","href":"https:\/\/api.w.org\/{rel}","templated":true}]}}