{"id":149807,"date":"2021-01-15T11:00:46","date_gmt":"2021-01-15T11:00:46","guid":{"rendered":"https:\/\/codengine3.ch\/?product=import-placeholder-for-203588"},"modified":"2021-01-15T14:24:41","modified_gmt":"2021-01-15T14:24:41","slug":"guia-de-las-cordilleras-huayhuash-y-huallanca","status":"publish","type":"product","link":"https:\/\/pizbube.ch\/en\/shop\/guia-de-las-cordilleras-huayhuash-y-huallanca\/","title":{"rendered":"Gu\u00eda de las Cordilleras Huayhuash y Huallanca"},"content":{"rendered":"<p>Esta obra es la primera que trata de manera integral las Cordilleras Huayhuash<br \/>\ny Huallanca, libro-gu\u00eda en cuyo contenido figuran: todos los accesos por<br \/>\ncarretera, se habla de todas las poblaciones circundantes que sirven de punto<br \/>\nde partida para adentrarse en las monta\u00f1as; se describen todos los caminos<br \/>\nhasta el mismo pie de cada uno de los nevados; se clasifican y estudian, una<br \/>\npor una, todas las monta\u00f1as, cada una de ellas con su correspondiente historia<br \/>\ny presentaci\u00f3n y por \u00faltimo contempla y se\u00f1ala todas las rutas que ascienden a<br \/>\nsus cimas. Para completar el trabajo y facilitar su ubicaci\u00f3n e identificaci\u00f3n<br \/>\ncuenta con un documento gr\u00e1fico de m\u00e1s de 140 fotograf\u00edas, mapas parciales y<br \/>\ncroquis.<\/p>","protected":false},"excerpt":{"rendered":"<p>Esta obra es la primera que trata de manera integral las Cordilleras Huayhuash y Huallanca, libro-gu\u00eda en cuyo contenido figuran: todos los accesos por carretera, se habla de todas las poblaciones circundantes que sirven de punto de partida para adentrarse en las monta\u00f1as; se describen todos los caminos hasta el mismo pie de cada uno [&#8230;]\n","protected":false},"featured_media":31231,"template":"","meta":[],"product_brand":[],"product_cat":[21544],"product_tag":[],"class_list":{"0":"post-149807","1":"product","2":"type-product","3":"status-publish","4":"has-post-thumbnail","6":"product_cat-fuehrerliteratur-alpin-sommer","7":"pa_autor-tome","8":"pa_erscheinungsjahr-21920","9":"pa_region-amerika-sued","10":"pa_sprache-sp","12":"first","13":"outofstock","14":"taxable","15":"shipping-taxable","16":"purchasable","17":"product-type-simple"},"_links":{"self":[{"href":"https:\/\/pizbube.ch\/en\/wp-json\/wp\/v2\/product\/149807","targetHints":{"allow":["GET"]}}],"collection":[{"href":"https:\/\/pizbube.ch\/en\/wp-json\/wp\/v2\/product"}],"about":[{"href":"https:\/\/pizbube.ch\/en\/wp-json\/wp\/v2\/types\/product"}],"wp:featuredmedia":[{"embeddable":true,"href":"https:\/\/pizbube.ch\/en\/wp-json\/wp\/v2\/media\/31231"}],"wp:attachment":[{"href":"https:\/\/pizbube.ch\/en\/wp-json\/wp\/v2\/media?parent=149807"}],"wp:term":[{"taxonomy":"product_brand","embeddable":true,"href":"https:\/\/pizbube.ch\/en\/wp-json\/wp\/v2\/product_brand?post=149807"},{"taxonomy":"product_cat","embeddable":true,"href":"https:\/\/pizbube.ch\/en\/wp-json\/wp\/v2\/product_cat?post=149807"},{"taxonomy":"product_tag","embeddable":true,"href":"https:\/\/pizbube.ch\/en\/wp-json\/wp\/v2\/product_tag?post=149807"}],"curies":[{"name":"wp","href":"https:\/\/api.w.org\/{rel}","templated":true}]}}