{"id":149808,"date":"2021-01-15T11:00:46","date_gmt":"2021-01-15T11:00:46","guid":{"rendered":"https:\/\/codengine3.ch\/?product=import-placeholder-for-202885"},"modified":"2021-01-15T12:40:12","modified_gmt":"2021-01-15T12:40:12","slug":"les-andes-guide-de-trekking","status":"publish","type":"product","link":"https:\/\/pizbube.ch\/en\/shop\/les-andes-guide-de-trekking\/","title":{"rendered":"Les Andes &#8211; Guide de trekking"},"content":{"rendered":"<p>Ce topo, le premier \u00e0 couvrir l&#8217;ensemble des Andes et de la Patagonie, vous<br \/>\npropose une s\u00e9lection des plus beaux treks d&#8217;Am\u00e9rique du Sud, des plus r\u00e9put\u00e9s<br \/>\n-tels les Huayhuash ou les Torres del Paine -aux moins connus, ainsi que les<br \/>\nitin\u00e9raires d&#8217;ascension des principaux sommets de trekking.  <\/p>\n<p>Treks de plus ou moins grande envergure, dans des r\u00e9gions faciles d&#8217;acc\u00e8s ou<br \/>\ndans des coins recul\u00e9s, d&#8217;une dur\u00e9e d&#8217;une journ\u00e9e \u00e0 deux semaines, du plus<br \/>\nfacile au plus engag\u00e9, en refuge ou en pleine nature, vous trouverez dans ce<br \/>\nguide toutes les informations n\u00e9cessaires pour pr\u00e9parer et r\u00e9aliser une<br \/>\naventure inoubliable.<\/p>","protected":false},"excerpt":{"rendered":"<p>Ce topo, le premier \u00e0 couvrir l&#8217;ensemble des Andes et de la Patagonie, vous propose une s\u00e9lection des plus beaux treks d&#8217;Am\u00e9rique du Sud, des plus r\u00e9put\u00e9s -tels les Huayhuash ou les Torres del Paine -aux moins connus, ainsi que les itin\u00e9raires d&#8217;ascension des principaux sommets de trekking. Treks de plus ou moins grande envergure, [&#8230;]\n","protected":false},"featured_media":30356,"template":"","meta":[],"product_brand":[],"product_cat":[21605],"product_tag":[],"class_list":{"0":"post-149808","1":"product","2":"type-product","3":"status-publish","4":"has-post-thumbnail","6":"product_cat-wanderfuehrer-trekking","7":"pa_autor-biggar","8":"pa_erscheinungsjahr-22144","9":"pa_region-amerika-sued","10":"pa_sprache-fr","12":"first","13":"instock","14":"taxable","15":"shipping-taxable","16":"purchasable","17":"product-type-simple"},"_links":{"self":[{"href":"https:\/\/pizbube.ch\/en\/wp-json\/wp\/v2\/product\/149808","targetHints":{"allow":["GET"]}}],"collection":[{"href":"https:\/\/pizbube.ch\/en\/wp-json\/wp\/v2\/product"}],"about":[{"href":"https:\/\/pizbube.ch\/en\/wp-json\/wp\/v2\/types\/product"}],"wp:featuredmedia":[{"embeddable":true,"href":"https:\/\/pizbube.ch\/en\/wp-json\/wp\/v2\/media\/30356"}],"wp:attachment":[{"href":"https:\/\/pizbube.ch\/en\/wp-json\/wp\/v2\/media?parent=149808"}],"wp:term":[{"taxonomy":"product_brand","embeddable":true,"href":"https:\/\/pizbube.ch\/en\/wp-json\/wp\/v2\/product_brand?post=149808"},{"taxonomy":"product_cat","embeddable":true,"href":"https:\/\/pizbube.ch\/en\/wp-json\/wp\/v2\/product_cat?post=149808"},{"taxonomy":"product_tag","embeddable":true,"href":"https:\/\/pizbube.ch\/en\/wp-json\/wp\/v2\/product_tag?post=149808"}],"curies":[{"name":"wp","href":"https:\/\/api.w.org\/{rel}","templated":true}]}}