{"id":149817,"date":"2021-01-15T11:00:53","date_gmt":"2021-01-15T11:00:53","guid":{"rendered":"https:\/\/codengine3.ch\/?product=import-placeholder-for-205494"},"modified":"2021-11-23T12:37:57","modified_gmt":"2021-11-23T11:37:57","slug":"patagonien-fitz-roy-cerro-torre","status":"publish","type":"product","link":"https:\/\/pizbube.ch\/en\/shop\/patagonien-fitz-roy-cerro-torre\/","title":{"rendered":"Patagonien: Fitz Roy &amp; Cerro Torre"},"content":{"rendered":"<p>Patagonien, das \u201eLand, in dem der Wind wohnt\u201c, bietet mit seinen imposanten<br \/>\nGranitmassiven, urspr\u00fcnglichen Seen und sturmgezeichneten W\u00e4ldern inmitten<br \/>\nendlos weiter und einsamer Steppe sowie der gr\u00f6\u00dften Eisfelder au\u00dferhalb der<br \/>\nPolregionen eine der kontrastreichsten Landschaften S\u00fcdamerikas. Im<br \/>\nargentinischen Nationalpark Los Glaciares pr\u00e4sentieren sich die ber\u00fchmten<br \/>\nGipfel Fitz Roy und Cerro Torre auf eine raue, unvergessliche Art und Weise,<br \/>\nwie sie nur Mutter Natur zu arrangieren vermag.<\/p>\n<p>Dieser Trekkingf\u00fchrer beschreibt die Wanderungen durch die T\u00e4ler im n\u00f6rdlichen<br \/>\nTeil des Nationalparks \u2013 hin zu den Basislagern der Bergsteiger und den<br \/>\nsch\u00f6nsten Aussichtspunkten mit Blick auf Fitz Roy und Cerro Torre. Es werden<br \/>\nzahlreiche Varianten, Abstecher sowie Tagestouren rund um die \u201eTrekking-<br \/>\nHauptstadt\u201c El Chalt\u00e9n vorgestellt. Wanderwege am nahe gelegenen Lago del<br \/>\nDesierto und im Gebiet des Privatreservats Los Huemules sind ebenso<br \/>\naufgef\u00fchrt.<\/p>\n<p>2. \u00fcberarbeit. Auflage 2017<\/p>","protected":false},"excerpt":{"rendered":"<p><strong><span class=\"value\">Vergriffen, Neuauflage\/Nachdruck laut Verlag Sommer 2022<br \/>\n<\/span><\/strong><\/p>","protected":false},"featured_media":159760,"template":"","meta":[],"product_brand":[],"product_cat":[21605],"product_tag":[],"class_list":{"0":"post-149817","1":"product","2":"type-product","3":"status-publish","4":"has-post-thumbnail","6":"product_cat-wanderfuehrer-trekking","7":"pa_autor-seligmann-hueske","8":"pa_erscheinungsjahr-21574","9":"pa_region-amerika-sued","10":"pa_sprache-de","12":"first","13":"outofstock","14":"taxable","15":"shipping-taxable","16":"purchasable","17":"product-type-simple"},"_links":{"self":[{"href":"https:\/\/pizbube.ch\/en\/wp-json\/wp\/v2\/product\/149817","targetHints":{"allow":["GET"]}}],"collection":[{"href":"https:\/\/pizbube.ch\/en\/wp-json\/wp\/v2\/product"}],"about":[{"href":"https:\/\/pizbube.ch\/en\/wp-json\/wp\/v2\/types\/product"}],"wp:featuredmedia":[{"embeddable":true,"href":"https:\/\/pizbube.ch\/en\/wp-json\/wp\/v2\/media\/159760"}],"wp:attachment":[{"href":"https:\/\/pizbube.ch\/en\/wp-json\/wp\/v2\/media?parent=149817"}],"wp:term":[{"taxonomy":"product_brand","embeddable":true,"href":"https:\/\/pizbube.ch\/en\/wp-json\/wp\/v2\/product_brand?post=149817"},{"taxonomy":"product_cat","embeddable":true,"href":"https:\/\/pizbube.ch\/en\/wp-json\/wp\/v2\/product_cat?post=149817"},{"taxonomy":"product_tag","embeddable":true,"href":"https:\/\/pizbube.ch\/en\/wp-json\/wp\/v2\/product_tag?post=149817"}],"curies":[{"name":"wp","href":"https:\/\/api.w.org\/{rel}","templated":true}]}}