{"id":149818,"date":"2021-01-15T11:00:53","date_gmt":"2021-01-15T11:00:53","guid":{"rendered":"https:\/\/codengine3.ch\/?product=import-placeholder-for-203304"},"modified":"2021-01-15T14:21:58","modified_gmt":"2021-01-15T14:21:58","slug":"cerro-torre-mythos-patagonien","status":"publish","type":"product","link":"https:\/\/pizbube.ch\/en\/shop\/cerro-torre-mythos-patagonien\/","title":{"rendered":"Cerro Torre &#8211; Mythos Patagonien"},"content":{"rendered":"<p>\nWie an keinem anderen Berg vereinen sich am Cerro Torre in Patagonien<br \/>\nnaturromantische \u00c4sthetik, alpinistischer Reiz und mythischer Flair. Seine<br \/>\nBesteigungsgeschichte ist eines der letzten ungel\u00f6sten R\u00e4tsel des Alpinismus.<br \/>\nPatagonien zog die Kletterelite in ihren Bann und gilt bis heute unter<br \/>\nReisenden und Bergsteigern als magischer Ort.<\/p>\n<p>Unter den patagonischen Gipfeln ist der Cerro Torre zwar nicht der h\u00f6chste,<br \/>\naber der faszinierendste. Der schlanke Granitobelisk war Schauplatz eines der<br \/>\numstrittensten Dramen der Alpingeschichte: Maestri und Egger versuchten 1959,<br \/>\nden Gipfel zu erreichen. Versuchten sie es nur, oder schafften sie es<br \/>\ntats\u00e4chlich?<\/p>\n<p>Egger starb beim Abstieg in einer Lawine; Maestri behauptet bis heute, was<br \/>\nviele bezweifeln: oben gewesen zu sein.Am 13. Januar 2004 j\u00e4hrt sich die erste<br \/>\nunbestrittene Besteigung des Cerro Torre durch Casimiro Ferrari zum 30. Mal.<br \/>\nVon der Ankunft Magellans in Feuerland \u00fcber Maestris Geheimnis bis zu den<br \/>\nRouten von heute rollt Dauer die Geschichte des ber\u00fchmtesten patagonischen<br \/>\nBerges auf und l\u00e4sst internationale Protagonisten zu Wort kommen. Die Optik<br \/>\ndes Bandes ist gepr\u00e4gt von den ausgezeichneten Aufnahmen Ulrichs.  <\/p>","protected":false},"excerpt":{"rendered":"<p>Wie an keinem anderen Berg vereinen sich am Cerro Torre in Patagonien naturromantische \u00c4sthetik, alpinistischer Reiz und mythischer Flair. Seine Besteigungsgeschichte ist eines der letzten ungel\u00f6sten R\u00e4tsel des Alpinismus. Patagonien zog die Kletterelite in ihren Bann und gilt bis heute unter Reisenden und Bergsteigern als magischer Ort. Unter den patagonischen Gipfeln ist der Cerro Torre [&#8230;]\n","protected":false},"featured_media":30888,"template":"","meta":[],"product_brand":[],"product_cat":[21542],"product_tag":[],"class_list":{"0":"post-149818","1":"product","2":"type-product","3":"status-publish","4":"has-post-thumbnail","6":"product_cat-sachbuecher-dokumentationen","7":"pa_autor-dauer","8":"pa_erscheinungsjahr-21920","9":"pa_region-amerika-sued","10":"pa_sprache-de","12":"first","13":"outofstock","14":"taxable","15":"shipping-taxable","16":"purchasable","17":"product-type-simple"},"_links":{"self":[{"href":"https:\/\/pizbube.ch\/en\/wp-json\/wp\/v2\/product\/149818","targetHints":{"allow":["GET"]}}],"collection":[{"href":"https:\/\/pizbube.ch\/en\/wp-json\/wp\/v2\/product"}],"about":[{"href":"https:\/\/pizbube.ch\/en\/wp-json\/wp\/v2\/types\/product"}],"wp:featuredmedia":[{"embeddable":true,"href":"https:\/\/pizbube.ch\/en\/wp-json\/wp\/v2\/media\/30888"}],"wp:attachment":[{"href":"https:\/\/pizbube.ch\/en\/wp-json\/wp\/v2\/media?parent=149818"}],"wp:term":[{"taxonomy":"product_brand","embeddable":true,"href":"https:\/\/pizbube.ch\/en\/wp-json\/wp\/v2\/product_brand?post=149818"},{"taxonomy":"product_cat","embeddable":true,"href":"https:\/\/pizbube.ch\/en\/wp-json\/wp\/v2\/product_cat?post=149818"},{"taxonomy":"product_tag","embeddable":true,"href":"https:\/\/pizbube.ch\/en\/wp-json\/wp\/v2\/product_tag?post=149818"}],"curies":[{"name":"wp","href":"https:\/\/api.w.org\/{rel}","templated":true}]}}