{"id":149824,"date":"2021-01-15T11:00:53","date_gmt":"2021-01-15T11:00:53","guid":{"rendered":"https:\/\/codengine3.ch\/?product=import-placeholder-for-203437"},"modified":"2023-04-06T11:21:54","modified_gmt":"2023-04-06T09:21:54","slug":"the-pamirs-1500000","status":"publish","type":"product","link":"https:\/\/pizbube.ch\/en\/shop\/the-pamirs-1500000\/","title":{"rendered":"The Pamirs 1:500`000"},"content":{"rendered":"<p>The Pamirs Touristenkarte, Massstab 1:500`000, GPS-Kompatibel.<br \/>\nSchattenplastisches Relief mit farbiger H\u00f6hengliederung<br \/>\nKarakorum Highway (KKH)<br \/>\nOrtsplan Khorog 1:30`000<br \/>\nOrtsplan Murghab 1:15`000<br \/>\n\u00dcbersichtskarte von Zentralasien<br \/>\nInformationen und Verhaltensregeln f\u00fcr den Reisenden<\/p>\n<p>3. Auflage 2016, GPS-Kompatibel<\/p>\n<p>Karteninhalt: Touristenkarte 1:500&#8217;000 mit Karakorum Highway (KKH), Ortsplan<br \/>\nKhorog 1:42&#8217;000, Ortsplan Murghab 1:23&#8217;500, Karte Barchadif-Usoi Dam (Lake<br \/>\nSarez) 1:110&#8217;000, Informationen und Verhaltensregeln f\u00fcr den Reisenden.<\/p>\n<p>Zusammen mit den anderen beiden Tadschikistan-Landkarten decken die drei<br \/>\nKarten die ganze Staatsfl\u00e4che von Tadschikistan und weite angrenzende Gebiete<br \/>\nvon Afghanistan, China, Kirgistan, Pakistan und Usbekistan ab. Die<br \/>\nFinanzierung des Druckes \u00fcbernahm das &#171;Swiss Cooperation Office&#187; in Dushanbe<br \/>\nim Rahmen eines Hilfsprojektes.<\/p>","protected":false},"excerpt":{"rendered":"<p>The Pamirs Touristenkarte, Massstab 1:500`000, GPS-Kompatibel. Schattenplastisches Relief mit farbiger H\u00f6hengliederung Karakorum Highway (KKH) Ortsplan Khorog 1:30`000 Ortsplan Murghab 1:15`000 \u00dcbersichtskarte von Zentralasien Informationen und Verhaltensregeln f\u00fcr den Reisenden 3. Auflage 2016, GPS-Kompatibel Karteninhalt: Touristenkarte 1:500&#8217;000 mit Karakorum Highway (KKH), Ortsplan Khorog 1:42&#8217;000, Ortsplan Murghab 1:23&#8217;500, Karte Barchadif-Usoi Dam (Lake Sarez) 1:110&#8217;000, Informationen und Verhaltensregeln [&#8230;]\n","protected":false},"featured_media":40418,"template":"","meta":[],"product_brand":[],"product_cat":[21543],"product_tag":[],"class_list":{"0":"post-149824","1":"product","2":"type-product","3":"status-publish","4":"has-post-thumbnail","6":"product_cat-landkarten","7":"pa_autor-gecko-maps","8":"pa_erscheinungsjahr-21571","9":"pa_region-asien","10":"pa_sprache-de-en","12":"first","13":"instock","14":"taxable","15":"shipping-taxable","16":"purchasable","17":"product-type-simple"},"_links":{"self":[{"href":"https:\/\/pizbube.ch\/en\/wp-json\/wp\/v2\/product\/149824","targetHints":{"allow":["GET"]}}],"collection":[{"href":"https:\/\/pizbube.ch\/en\/wp-json\/wp\/v2\/product"}],"about":[{"href":"https:\/\/pizbube.ch\/en\/wp-json\/wp\/v2\/types\/product"}],"wp:featuredmedia":[{"embeddable":true,"href":"https:\/\/pizbube.ch\/en\/wp-json\/wp\/v2\/media\/40418"}],"wp:attachment":[{"href":"https:\/\/pizbube.ch\/en\/wp-json\/wp\/v2\/media?parent=149824"}],"wp:term":[{"taxonomy":"product_brand","embeddable":true,"href":"https:\/\/pizbube.ch\/en\/wp-json\/wp\/v2\/product_brand?post=149824"},{"taxonomy":"product_cat","embeddable":true,"href":"https:\/\/pizbube.ch\/en\/wp-json\/wp\/v2\/product_cat?post=149824"},{"taxonomy":"product_tag","embeddable":true,"href":"https:\/\/pizbube.ch\/en\/wp-json\/wp\/v2\/product_tag?post=149824"}],"curies":[{"name":"wp","href":"https:\/\/api.w.org\/{rel}","templated":true}]}}