{"id":149826,"date":"2021-01-15T11:00:53","date_gmt":"2021-01-15T11:00:53","guid":{"rendered":"https:\/\/codengine3.ch\/?product=import-placeholder-for-207510"},"modified":"2024-03-06T09:51:20","modified_gmt":"2024-03-06T08:51:20","slug":"pamir-1100000","status":"publish","type":"product","link":"https:\/\/pizbube.ch\/en\/shop\/pamir-1100000\/","title":{"rendered":"Pamir 1:100&#8217;000"},"content":{"rendered":"<p>Pamir &#8211; Pik Lenin \u00b7 Pik Leipzig &#8211; Westlicher Trans-Alai-Kamm 1:100.000<br \/>\nPamir &#8211; Western Trans Alai Range<br \/>\nEast Pamir SRTM Georelief Map<\/p>\n<p>Karte des Georeliefs des \u00f6rtlichen Pamirs (Pik-Lenin-Gebiet). Ma\u00dfstab<br \/>\n1:100000, hergestellt aus Daten der Shuttle Radar Topography Mission.<br \/>\nMit 50-Meter-H\u00f6henlinien und sehr vielen H\u00f6henangaben und Bennennungen von<br \/>\nBerggipfeln.<\/p>\n<p>Polychrome Kombinationsschummerung, plastische 1000-Meter-Farbh\u00f6henschichten,<br \/>\n1-Minuten-Gitternetz (Bezugssystem WGS84).<br \/>\nAbstandstreue Azimutalprojektion mit Zentralpunkt 72\u00b0 54&#8242; E 39\u00b0 21&#8242; N.<br \/>\nKarte f\u00fcr die Pik Leipzig Pamir Expedition 2012<\/p>","protected":false},"excerpt":{"rendered":"<p>Pamir &#8211; Pik Lenin \u00b7 Pik Leipzig &#8211; Westlicher Trans-Alai-Kamm 1:100.000 Pamir &#8211; Western Trans Alai Range East Pamir SRTM Georelief Map Karte des Georeliefs des \u00f6rtlichen Pamirs (Pik-Lenin-Gebiet). Ma\u00dfstab 1:100000, hergestellt aus Daten der Shuttle Radar Topography Mission. Mit 50-Meter-H\u00f6henlinien und sehr vielen H\u00f6henangaben und Bennennungen von Berggipfeln. Polychrome Kombinationsschummerung, plastische 1000-Meter-Farbh\u00f6henschichten, 1-Minuten-Gitternetz (Bezugssystem [&#8230;]\n","protected":false},"featured_media":37705,"template":"","meta":[],"product_brand":[],"product_cat":[21543],"product_tag":[],"class_list":{"0":"post-149826","1":"product","2":"type-product","3":"status-publish","4":"has-post-thumbnail","6":"product_cat-landkarten","7":"pa_autor-boehm","8":"pa_erscheinungsjahr-21568","9":"pa_region-asien","10":"pa_sprache-de-en-russ","12":"first","13":"instock","14":"taxable","15":"shipping-taxable","16":"purchasable","17":"product-type-simple"},"_links":{"self":[{"href":"https:\/\/pizbube.ch\/en\/wp-json\/wp\/v2\/product\/149826","targetHints":{"allow":["GET"]}}],"collection":[{"href":"https:\/\/pizbube.ch\/en\/wp-json\/wp\/v2\/product"}],"about":[{"href":"https:\/\/pizbube.ch\/en\/wp-json\/wp\/v2\/types\/product"}],"wp:featuredmedia":[{"embeddable":true,"href":"https:\/\/pizbube.ch\/en\/wp-json\/wp\/v2\/media\/37705"}],"wp:attachment":[{"href":"https:\/\/pizbube.ch\/en\/wp-json\/wp\/v2\/media?parent=149826"}],"wp:term":[{"taxonomy":"product_brand","embeddable":true,"href":"https:\/\/pizbube.ch\/en\/wp-json\/wp\/v2\/product_brand?post=149826"},{"taxonomy":"product_cat","embeddable":true,"href":"https:\/\/pizbube.ch\/en\/wp-json\/wp\/v2\/product_cat?post=149826"},{"taxonomy":"product_tag","embeddable":true,"href":"https:\/\/pizbube.ch\/en\/wp-json\/wp\/v2\/product_tag?post=149826"}],"curies":[{"name":"wp","href":"https:\/\/api.w.org\/{rel}","templated":true}]}}