{"id":149832,"date":"2021-01-15T11:00:54","date_gmt":"2021-01-15T11:00:54","guid":{"rendered":"https:\/\/codengine3.ch\/?product=import-placeholder-for-203083"},"modified":"2026-01-16T09:33:01","modified_gmt":"2026-01-16T08:33:01","slug":"nepal-1-500-000","status":"publish","type":"product","link":"https:\/\/pizbube.ch\/en\/shop\/nepal-1-500-000\/","title":{"rendered":"Nepal 1: 500&#8217;000"},"content":{"rendered":"<p><span class=\"value\">Hochrei\u00dffeste und 100% wasserfeste Landkarte &#171;Nepal&#187; aus der Serie world mapping project, erschienen im Reise Know-How Verlag.Reise Know-How Landkarten zeichnen sich durch besonders stabiles Kunststoffpapier aus, das beschreibbar ist wie Papier, sogar mit Bleistift. Der Pappumschlag ist abnehmbar, so dass sich die Karte bequem in jede Tasche stecken l\u00e4sst. Eine Schutzh\u00fclle ist nicht erforderlich. <\/span><\/p>\n<p><span class=\"value\">Die kartografische Darstellung konzentriert sich auf die wichtigsten Informationen f\u00fcr Reisende und ist besonders gut lesbar. Statt einer Schummerung werden farbige H\u00f6henschichten verwendet.Ausstattung: &#8211; H\u00f6henlinien mit H\u00f6henangaben; &#8211; Farbige H\u00f6henschichten; &#8211; Klassifiziertes Stra\u00dfennetz mit Entfernungsangaben; &#8211; Sehensw\u00fcrdigkeiten; &#8211; Ausf\u00fchrlicher Ortsindex; &#8211; GPS-genau; &#8211; L\u00e4ngen- und Breitengrade; &#8211; F\u00fcnfsprachige Legende (deutsch, englisch, franz\u00f6sisch, spanisch, russisch); &#8211; Stadtpl\u00e4ne Kathmandu und Bhaktapur. Handliches Format: 70&#215;100 cm, 2-seitig bedruckt. Sprachen: Englisch, Franz\u00f6sisch, Deutsch, Russisch, Spanisch<\/span><\/p>","protected":false},"excerpt":{"rendered":"<p>Hochrei\u00dffeste und 100% wasserfeste Landkarte &#171;Nepal&#187; aus der Serie world mapping project, erschienen im Reise Know-How Verlag.Reise Know-How Landkarten zeichnen sich durch besonders stabiles Kunststoffpapier aus, das beschreibbar ist wie Papier, sogar mit Bleistift. Der Pappumschlag ist abnehmbar, so dass sich die Karte bequem in jede Tasche stecken l\u00e4sst. Eine Schutzh\u00fclle ist nicht erforderlich. Die [&#8230;]\n","protected":false},"featured_media":182840,"template":"","meta":[],"product_brand":[],"product_cat":[21543],"product_tag":[],"class_list":{"0":"post-149832","1":"product","2":"type-product","3":"status-publish","4":"has-post-thumbnail","6":"product_cat-landkarten","7":"pa_autor-rump","8":"pa_erscheinungsjahr-21558","9":"pa_region-asien","10":"pa_sprache-d","11":"pa_sprache-e","13":"first","14":"instock","15":"taxable","16":"shipping-taxable","17":"purchasable","18":"product-type-simple"},"_links":{"self":[{"href":"https:\/\/pizbube.ch\/en\/wp-json\/wp\/v2\/product\/149832","targetHints":{"allow":["GET"]}}],"collection":[{"href":"https:\/\/pizbube.ch\/en\/wp-json\/wp\/v2\/product"}],"about":[{"href":"https:\/\/pizbube.ch\/en\/wp-json\/wp\/v2\/types\/product"}],"wp:featuredmedia":[{"embeddable":true,"href":"https:\/\/pizbube.ch\/en\/wp-json\/wp\/v2\/media\/182840"}],"wp:attachment":[{"href":"https:\/\/pizbube.ch\/en\/wp-json\/wp\/v2\/media?parent=149832"}],"wp:term":[{"taxonomy":"product_brand","embeddable":true,"href":"https:\/\/pizbube.ch\/en\/wp-json\/wp\/v2\/product_brand?post=149832"},{"taxonomy":"product_cat","embeddable":true,"href":"https:\/\/pizbube.ch\/en\/wp-json\/wp\/v2\/product_cat?post=149832"},{"taxonomy":"product_tag","embeddable":true,"href":"https:\/\/pizbube.ch\/en\/wp-json\/wp\/v2\/product_tag?post=149832"}],"curies":[{"name":"wp","href":"https:\/\/api.w.org\/{rel}","templated":true}]}}