{"id":149833,"date":"2021-01-15T11:00:54","date_gmt":"2021-01-15T11:00:54","guid":{"rendered":"https:\/\/codengine3.ch\/?product=import-placeholder-for-203643"},"modified":"2021-01-15T14:25:13","modified_gmt":"2021-01-15T14:25:13","slug":"kletterfuehrer-fuer-die-noerdlichste-fraenkische-schweiz","status":"publish","type":"product","link":"https:\/\/pizbube.ch\/en\/shop\/kletterfuehrer-fuer-die-noerdlichste-fraenkische-schweiz\/","title":{"rendered":"Kletterf\u00fchrer f\u00fcr die n\u00f6rdlichste Fr\u00e4nkische Schweiz"},"content":{"rendered":"<p>Alle Kletterfelsen der Bamberger Gebiete auf 300 Seiten; 40 neue Felsen! Mit<br \/>\nausf\u00fchrlichen Routenbeschreibungen, vielen Details und Hintergrundgeschichten<br \/>\num Bamberger Klettersport.<br \/>\nKletterziele um die Orte W\u00fcrgau, Burglesau, St\u00fcbig, Wattendorf, Niesten und<br \/>\nKr\u00f6gelstein, das Kleinziegenfelder Tal, der K\u00f6ttler Grund, das B\u00e4rental, das<br \/>\nParadiestal, das Oberste Wiesenttal und der Staffelberg.<\/p>","protected":false},"excerpt":{"rendered":"<p>Alle Kletterfelsen der Bamberger Gebiete auf 300 Seiten; 40 neue Felsen! Mit ausf\u00fchrlichen Routenbeschreibungen, vielen Details und Hintergrundgeschichten um Bamberger Klettersport. Kletterziele um die Orte W\u00fcrgau, Burglesau, St\u00fcbig, Wattendorf, Niesten und Kr\u00f6gelstein, das Kleinziegenfelder Tal, der K\u00f6ttler Grund, das B\u00e4rental, das Paradiestal, das Oberste Wiesenttal und der Staffelberg.<\/p>","protected":false},"featured_media":31292,"template":"","meta":[],"product_brand":[],"product_cat":[21539],"product_tag":[],"class_list":{"0":"post-149833","1":"product","2":"type-product","3":"status-publish","4":"has-post-thumbnail","6":"product_cat-fuehrerliteratur-sportklettern-bouldern","7":"pa_autor-kremer","8":"pa_erscheinungsjahr-21920","9":"pa_region-deutschland","10":"pa_sprache-de","12":"first","13":"instock","14":"taxable","15":"shipping-taxable","16":"purchasable","17":"product-type-simple"},"_links":{"self":[{"href":"https:\/\/pizbube.ch\/en\/wp-json\/wp\/v2\/product\/149833","targetHints":{"allow":["GET"]}}],"collection":[{"href":"https:\/\/pizbube.ch\/en\/wp-json\/wp\/v2\/product"}],"about":[{"href":"https:\/\/pizbube.ch\/en\/wp-json\/wp\/v2\/types\/product"}],"wp:featuredmedia":[{"embeddable":true,"href":"https:\/\/pizbube.ch\/en\/wp-json\/wp\/v2\/media\/31292"}],"wp:attachment":[{"href":"https:\/\/pizbube.ch\/en\/wp-json\/wp\/v2\/media?parent=149833"}],"wp:term":[{"taxonomy":"product_brand","embeddable":true,"href":"https:\/\/pizbube.ch\/en\/wp-json\/wp\/v2\/product_brand?post=149833"},{"taxonomy":"product_cat","embeddable":true,"href":"https:\/\/pizbube.ch\/en\/wp-json\/wp\/v2\/product_cat?post=149833"},{"taxonomy":"product_tag","embeddable":true,"href":"https:\/\/pizbube.ch\/en\/wp-json\/wp\/v2\/product_tag?post=149833"}],"curies":[{"name":"wp","href":"https:\/\/api.w.org\/{rel}","templated":true}]}}