{"id":149835,"date":"2021-01-15T11:00:54","date_gmt":"2021-01-15T11:00:54","guid":{"rendered":"https:\/\/codengine3.ch\/?product=import-placeholder-for-203969"},"modified":"2021-01-15T14:28:25","modified_gmt":"2021-01-15T14:28:25","slug":"franken-1","status":"publish","type":"product","link":"https:\/\/pizbube.ch\/en\/shop\/franken-1\/","title":{"rendered":"Franken 1"},"content":{"rendered":"<p>Kletterf\u00fchrer f\u00fcr den N\u00f6rdlichen Frankenjura, Band 1,<br \/>\nViele &#8217;neue&#8216; Felsen (insgesamt \u00fcber 360), \u00dcber 600 Einzeltopos, \u00dcber 4000<br \/>\nRouten, 528 S., zweisprachig deutsch\/englisch, Handgezeichnete, detailgetreue<br \/>\nTopos, Felsstrukturen und Routenverl\u00e4ufe, Exakte Zugangsbeschreibungen,<br \/>\nDetaillierte Zustiegsskizzen mit Entfernungsangaben.<\/p>\n<p>SONDERPREIS AUFLAGE 2005: CHF 19.00 statt 43.70<\/p>","protected":false},"excerpt":{"rendered":"<p>Kletterf\u00fchrer f\u00fcr den N\u00f6rdlichen Frankenjura, Band 1, Viele &#8217;neue&#8216; Felsen (insgesamt \u00fcber 360), \u00dcber 600 Einzeltopos, \u00dcber 4000 Routen, 528 S., zweisprachig deutsch\/englisch, Handgezeichnete, detailgetreue Topos, Felsstrukturen und Routenverl\u00e4ufe, Exakte Zugangsbeschreibungen, Detaillierte Zustiegsskizzen mit Entfernungsangaben. SONDERPREIS AUFLAGE 2005: CHF 19.00 statt 43.70<\/p>","protected":false},"featured_media":31690,"template":"","meta":[],"product_brand":[],"product_cat":[21539],"product_tag":[],"class_list":{"0":"post-149835","1":"product","2":"type-product","3":"status-publish","4":"has-post-thumbnail","6":"product_cat-fuehrerliteratur-sportklettern-bouldern","7":"pa_autor-roeker","8":"pa_erscheinungsjahr-21776","9":"pa_region-deutschland","10":"pa_sprache-d","11":"pa_sprache-e","13":"first","14":"instock","15":"taxable","16":"shipping-taxable","17":"purchasable","18":"product-type-simple"},"_links":{"self":[{"href":"https:\/\/pizbube.ch\/en\/wp-json\/wp\/v2\/product\/149835","targetHints":{"allow":["GET"]}}],"collection":[{"href":"https:\/\/pizbube.ch\/en\/wp-json\/wp\/v2\/product"}],"about":[{"href":"https:\/\/pizbube.ch\/en\/wp-json\/wp\/v2\/types\/product"}],"wp:featuredmedia":[{"embeddable":true,"href":"https:\/\/pizbube.ch\/en\/wp-json\/wp\/v2\/media\/31690"}],"wp:attachment":[{"href":"https:\/\/pizbube.ch\/en\/wp-json\/wp\/v2\/media?parent=149835"}],"wp:term":[{"taxonomy":"product_brand","embeddable":true,"href":"https:\/\/pizbube.ch\/en\/wp-json\/wp\/v2\/product_brand?post=149835"},{"taxonomy":"product_cat","embeddable":true,"href":"https:\/\/pizbube.ch\/en\/wp-json\/wp\/v2\/product_cat?post=149835"},{"taxonomy":"product_tag","embeddable":true,"href":"https:\/\/pizbube.ch\/en\/wp-json\/wp\/v2\/product_tag?post=149835"}],"curies":[{"name":"wp","href":"https:\/\/api.w.org\/{rel}","templated":true}]}}