{"id":149836,"date":"2021-01-15T11:00:54","date_gmt":"2021-01-15T11:00:54","guid":{"rendered":"https:\/\/codengine3.ch\/?product=import-placeholder-for-201646"},"modified":"2024-08-06T14:56:55","modified_gmt":"2024-08-06T12:56:55","slug":"wetterstein","status":"publish","type":"product","link":"https:\/\/pizbube.ch\/en\/shop\/wetterstein\/","title":{"rendered":"Wetterstein"},"content":{"rendered":"<p>Herausragender Bildband \u00fcber das Wettersteingebiet mit interessanten wie<br \/>\nunterhaltsamen Texten. Steile W\u00e4nde, schmale Grate, smaragdgr\u00fcne und<br \/>\nt\u00fcrkisblaue Seen, wildromatische T\u00e4ler und das Spiel zwischen Licht, Wasser<br \/>\nund Fels in den Klammen &#8211; Wetterstein und Mieminger Gebirge sind ein Paradies<br \/>\nf\u00fcr Wanderer, Kletterer und Bergsteiger! Der Schriftsteller Walter Klier<br \/>\nschildert auf am\u00fcsante Weise die Ersteigungs- und Erschlie\u00dfungsgeschichte der<br \/>\nZugspitze. Auch der Alpinsatiriker Franz Xaver Wagner setzt sich mit dem<br \/>\nh\u00f6chsten Gipfel Deutschlands auseinander.<\/p>","protected":false},"excerpt":{"rendered":"<p>Herausragender Bildband \u00fcber das Wettersteingebiet mit interessanten wie unterhaltsamen Texten. Steile W\u00e4nde, schmale Grate, smaragdgr\u00fcne und t\u00fcrkisblaue Seen, wildromatische T\u00e4ler und das Spiel zwischen Licht, Wasser und Fels in den Klammen &#8211; Wetterstein und Mieminger Gebirge sind ein Paradies f\u00fcr Wanderer, Kletterer und Bergsteiger! Der Schriftsteller Walter Klier schildert auf am\u00fcsante Weise die Ersteigungs- und [&#8230;]\n","protected":false},"featured_media":29020,"template":"","meta":[],"product_brand":[],"product_cat":[21542],"product_tag":[],"class_list":{"0":"post-149836","1":"product","2":"type-product","3":"status-publish","4":"has-post-thumbnail","6":"product_cat-sachbuecher-dokumentationen","7":"pa_autor-zak","8":"pa_erscheinungsjahr-22060","9":"pa_region-deutschland","10":"pa_sprache-de","12":"first","13":"outofstock","14":"taxable","15":"shipping-taxable","16":"purchasable","17":"product-type-simple"},"_links":{"self":[{"href":"https:\/\/pizbube.ch\/en\/wp-json\/wp\/v2\/product\/149836","targetHints":{"allow":["GET"]}}],"collection":[{"href":"https:\/\/pizbube.ch\/en\/wp-json\/wp\/v2\/product"}],"about":[{"href":"https:\/\/pizbube.ch\/en\/wp-json\/wp\/v2\/types\/product"}],"wp:featuredmedia":[{"embeddable":true,"href":"https:\/\/pizbube.ch\/en\/wp-json\/wp\/v2\/media\/29020"}],"wp:attachment":[{"href":"https:\/\/pizbube.ch\/en\/wp-json\/wp\/v2\/media?parent=149836"}],"wp:term":[{"taxonomy":"product_brand","embeddable":true,"href":"https:\/\/pizbube.ch\/en\/wp-json\/wp\/v2\/product_brand?post=149836"},{"taxonomy":"product_cat","embeddable":true,"href":"https:\/\/pizbube.ch\/en\/wp-json\/wp\/v2\/product_cat?post=149836"},{"taxonomy":"product_tag","embeddable":true,"href":"https:\/\/pizbube.ch\/en\/wp-json\/wp\/v2\/product_tag?post=149836"}],"curies":[{"name":"wp","href":"https:\/\/api.w.org\/{rel}","templated":true}]}}