{"id":149837,"date":"2021-01-15T11:00:54","date_gmt":"2021-01-15T11:00:54","guid":{"rendered":"https:\/\/codengine3.ch\/?product=import-placeholder-for-200975"},"modified":"2021-01-15T11:02:33","modified_gmt":"2021-01-15T11:02:33","slug":"wetterstein-avf","status":"publish","type":"product","link":"https:\/\/pizbube.ch\/en\/shop\/wetterstein-avf\/","title":{"rendered":"Wetterstein AVF"},"content":{"rendered":"<p>\nAlpenvereinsf\u00fchrer<\/p>\n<p>Hand auf&#8217;s Herz: Wer kennt sie nicht, die Zugspitze, Deutschlands h\u00f6chsten \u2013<br \/>\nund verbautesten \u2013 Gipfel. Charakteristisch dominiert ihr Profil den Blick aus<br \/>\ndem Alpenvorland. Doch das anschlie\u00dfende Zackengewirr der Wettersteink\u00e4mme hat<br \/>\nviel mehr zu bieten, als der Touristenmagnet Zugspitze zun\u00e4chst verhei\u00dft. Da<br \/>\ngibt es zauberhafte Klammen und saftige Almwiesen, gem\u00fctliche Wanderungen zu<br \/>\nurigen H\u00fctten und rassige Klettersteige auf schwindelnden Graten, aber auch \u2013<br \/>\nund vor allem \u2013 Kletterrouten f\u00fcr jeden Geschmack: von griffigen Genu\u00df-<br \/>\nKlassikern in rauhem Kalk \u00fcber wasserzerfressene Plattenschleicher bis hin zu<br \/>\nextremen, teilweise bestens abgesicherten alpinen Sportkletterrouten in den<br \/>\nh\u00f6chsten Schwierigkeitsgraden.  <\/p>\n<p>Daher legte Stefan Beulke den Schwerpunkt bei der Bearbeitung dieses<br \/>\nAlpenvereinsf\u00fchrers auf die Dokumentation der regen Erstbegehungst\u00e4tigkeiten<br \/>\nder letzten vier Jahrzehnte, in denen mittlerweile bereits der obere IX.<br \/>\nSchwierigkeitsgrad erreicht wurde.  <\/p>\n<p>Der vorliegende Band enth\u00e4lt 130 aktuelle und \u00fcbersichtliche Topos und tr\u00e4gt<br \/>\nsomit den Anforderungen eines modernen Kletterf\u00fchrers Rechnung. Dar\u00fcber hinaus<br \/>\nfanden auch die in den letzten Jahren durchgef\u00fchrten Sanierungen vieler<br \/>\nklassischer Routen und Klettersteige Eingang. Das gr\u00f6\u00dftenteils neue und<br \/>\numfangreiche Material an Wandbildern mit eingetragenen Routen soll dem<br \/>\nBergsteiger und Kletterer die Orientierung erleichtern, ebenso wie die farbige<br \/>\nFreytag &#038; Berndt-\u00dcbersichtskarte im Ma\u00dfstab 1: 100 000, in die alle<br \/>\nbedeutenden Wanderwege des Gebirges eingetragen sind. Der vorliegende<br \/>\nAlpenvereinsf\u00fchrer Wetterstein liefert also allen Bergfreunden, vor allem aber<br \/>\nden Kletterern, die an den wilden Kalkzinnen zwischen Loisach und Isar,<br \/>\nLeutasch und Garmisch unterwegs sind, einen zuverl\u00e4ssigen und informativen<br \/>\nWegbegleiter.  <\/p>","protected":false},"excerpt":{"rendered":"<p>Alpenvereinsf\u00fchrer Hand auf&#8217;s Herz: Wer kennt sie nicht, die Zugspitze, Deutschlands h\u00f6chsten \u2013 und verbautesten \u2013 Gipfel. Charakteristisch dominiert ihr Profil den Blick aus dem Alpenvorland. Doch das anschlie\u00dfende Zackengewirr der Wettersteink\u00e4mme hat viel mehr zu bieten, als der Touristenmagnet Zugspitze zun\u00e4chst verhei\u00dft. Da gibt es zauberhafte Klammen und saftige Almwiesen, gem\u00fctliche Wanderungen zu urigen [&#8230;]\n","protected":false},"featured_media":28120,"template":"","meta":[],"product_brand":[],"product_cat":[21544],"product_tag":[],"class_list":{"0":"post-149837","1":"product","2":"type-product","3":"status-publish","4":"has-post-thumbnail","6":"product_cat-fuehrerliteratur-alpin-sommer","7":"pa_autor-beulke","8":"pa_erscheinungsjahr-22151","9":"pa_region-oesterreich","10":"pa_sprache-de","12":"first","13":"outofstock","14":"taxable","15":"shipping-taxable","16":"purchasable","17":"product-type-simple"},"_links":{"self":[{"href":"https:\/\/pizbube.ch\/en\/wp-json\/wp\/v2\/product\/149837","targetHints":{"allow":["GET"]}}],"collection":[{"href":"https:\/\/pizbube.ch\/en\/wp-json\/wp\/v2\/product"}],"about":[{"href":"https:\/\/pizbube.ch\/en\/wp-json\/wp\/v2\/types\/product"}],"wp:featuredmedia":[{"embeddable":true,"href":"https:\/\/pizbube.ch\/en\/wp-json\/wp\/v2\/media\/28120"}],"wp:attachment":[{"href":"https:\/\/pizbube.ch\/en\/wp-json\/wp\/v2\/media?parent=149837"}],"wp:term":[{"taxonomy":"product_brand","embeddable":true,"href":"https:\/\/pizbube.ch\/en\/wp-json\/wp\/v2\/product_brand?post=149837"},{"taxonomy":"product_cat","embeddable":true,"href":"https:\/\/pizbube.ch\/en\/wp-json\/wp\/v2\/product_cat?post=149837"},{"taxonomy":"product_tag","embeddable":true,"href":"https:\/\/pizbube.ch\/en\/wp-json\/wp\/v2\/product_tag?post=149837"}],"curies":[{"name":"wp","href":"https:\/\/api.w.org\/{rel}","templated":true}]}}