{"id":149838,"date":"2021-01-15T11:00:54","date_gmt":"2021-01-15T11:00:54","guid":{"rendered":"https:\/\/codengine3.ch\/?product=import-placeholder-for-202413"},"modified":"2025-05-27T10:06:52","modified_gmt":"2025-05-27T08:06:52","slug":"wetterstein-sued-alpinkletterfuehrer","status":"publish","type":"product","link":"https:\/\/pizbube.ch\/en\/shop\/wetterstein-sued-alpinkletterfuehrer\/","title":{"rendered":"Wetterstein S\u00fcd Alpinkletterf\u00fchrer"},"content":{"rendered":"<p>Kletterf\u00fchrer Wetterstein S\u00fcd \u2013 auf der Sonnenseite:<br \/>\nSch\u00fcsselkar &#8211; Zugspitze &#8211; Mieminger Kette &#8211; inkl. Kletterg\u00e4rten<\/p>\n<p>Lange Jahre galt das Sch\u00fcsselkar \u2013 eines der traditionsreichsten<br \/>\nKletterreviere der Alpen \u2013 mit seinen klassischen und modernen Paradetouren<br \/>\nals Synonym f\u00fcr die Wetterstein-S\u00fcdseite. Noch immer geh\u00f6rt das Gebiet zu den<br \/>\nBesten weitum, und besonders an den Randbereichen sind auch neue Routen<br \/>\ndazugekommen. Aber die anderen Kletterziele haben weiter aufgeholt.<\/p>\n<p>In der komplett \u00fcberarbeiteten und enorm erweiterten 3. Auflage des F\u00fchrers<br \/>\nmachen die Region um Ehrwald und die Mieminger Kette inzwischen mehr als die<br \/>\nH\u00e4lfte des 432 Seiten starken Buchs aus. F\u00fcr Kletterer aus dem Allg\u00e4u, dem<br \/>\nM\u00fcnchner und Stuttgarter Raum stellen besonders diese Bereiche leicht<br \/>\nerreichbare und absolut ebenb\u00fcrtige Alternativen zu den bekannten Zielen in<br \/>\nden Tannheimern oder im Oberreintal dar.<\/p>\n<p>Manches hat sich schon herumgesprochen: die Seebenw\u00e4nde mit ihrem kurzen<br \/>\nZustieg, die gro\u00dfz\u00fcgigen Unternehmungen an der Sonnenspitze, der erstklassige<br \/>\nFels am Wampeter Schrofen und die perfekt gesicherten Routen um die Coburger<br \/>\nH\u00fctte. Und neue Insider-Tipps wollen getestet werden.<\/p>","protected":false},"excerpt":{"rendered":"<ul>\n<li><a href=\"https:\/\/pizbube.ch\/wp-content\/uploads\/attachments\/a_024\/85A75864BCB163906250F56D8A28C1BB.pdf\" target=\"_blank\" rel=\"noopener\">PDF: leseprobe-alpinklettern-wetterstein-sued.pdf<\/a><\/li>\n<\/ul>","protected":false},"featured_media":158512,"template":"","meta":[],"product_brand":[],"product_cat":[21539],"product_tag":[],"class_list":{"0":"post-149838","1":"product","2":"type-product","3":"status-publish","4":"has-post-thumbnail","6":"product_cat-fuehrerliteratur-sportklettern-bouldern","7":"pa_autor-gruebler-hangl-neuner","8":"pa_erscheinungsjahr-21571","9":"pa_region-deutschland","10":"pa_sprache-de","12":"first","13":"outofstock","14":"taxable","15":"shipping-taxable","16":"purchasable","17":"product-type-simple"},"_links":{"self":[{"href":"https:\/\/pizbube.ch\/en\/wp-json\/wp\/v2\/product\/149838","targetHints":{"allow":["GET"]}}],"collection":[{"href":"https:\/\/pizbube.ch\/en\/wp-json\/wp\/v2\/product"}],"about":[{"href":"https:\/\/pizbube.ch\/en\/wp-json\/wp\/v2\/types\/product"}],"wp:featuredmedia":[{"embeddable":true,"href":"https:\/\/pizbube.ch\/en\/wp-json\/wp\/v2\/media\/158512"}],"wp:attachment":[{"href":"https:\/\/pizbube.ch\/en\/wp-json\/wp\/v2\/media?parent=149838"}],"wp:term":[{"taxonomy":"product_brand","embeddable":true,"href":"https:\/\/pizbube.ch\/en\/wp-json\/wp\/v2\/product_brand?post=149838"},{"taxonomy":"product_cat","embeddable":true,"href":"https:\/\/pizbube.ch\/en\/wp-json\/wp\/v2\/product_cat?post=149838"},{"taxonomy":"product_tag","embeddable":true,"href":"https:\/\/pizbube.ch\/en\/wp-json\/wp\/v2\/product_tag?post=149838"}],"curies":[{"name":"wp","href":"https:\/\/api.w.org\/{rel}","templated":true}]}}