{"id":149839,"date":"2021-01-15T11:00:54","date_gmt":"2021-01-15T11:00:54","guid":{"rendered":"https:\/\/codengine3.ch\/?product=import-placeholder-for-200791"},"modified":"2024-10-19T11:39:55","modified_gmt":"2024-10-19T09:39:55","slug":"sportklettern-und-bouldern-am-kochelsee","status":"publish","type":"product","link":"https:\/\/pizbube.ch\/en\/shop\/sportklettern-und-bouldern-am-kochelsee\/","title":{"rendered":"Sportklettern und Bouldern am Kochelsee"},"content":{"rendered":"<p>&#171;DER F\u00fchrer, den die Welt noch braucht&#187; lautete der Untertitel der ersten<br \/>\nAuflage unseres Kochelf\u00fchrers. Was gro\u00dfspurig klang, war offensichtlich<br \/>\nrichtig, denn demn\u00e4chst liegt bereits die dritte Auflage vor. Wie gehabt mit<br \/>\neinem ausf\u00fchrlichem Boulderteil und &#8211; h\u00f6rt h\u00f6rt &#8211; sogar einem DWS (f\u00fcr Null-<br \/>\nPeiler zum mitlesen: deep water soloing)<\/p>\n<p>Spektakul\u00e4re Bilder zeigen die Fortschritte in Kochel bez\u00fcglich der<br \/>\nSchwierigkeiten. Dazu gibt es Kurzportraits s\u00e4mtlicher Kochelstars. Mit der<br \/>\nSteigerung des Niveaus ging auch die Entschl\u00fcsselung zahlreicher Projektlinien<br \/>\neinher, wodurch auf der Topliste auf Position 110 immerhin noch eine 9+<br \/>\nrangiert. Die Verschiebung des Schwierigkeitsniveaus nach oben ist mit<br \/>\nSicherheit auch ein Ergebnis der verst\u00e4rkten Boulderaktivit\u00e4ten.<\/p>\n<p>Aber nicht nur die Schwerathleten d\u00fcrfen sich auf neuen Stoff freuen. Auch f\u00fcr<br \/>\ngem\u00e4\u00dfigtere Kletterer hat sich das Angebot vergr\u00f6\u00dfert. Neue Touren gibt es am<br \/>\nSektor Urinstein, am Kienstein und an der Wiesenwand. Die Riversidewall wurde<br \/>\nin diesem F\u00fchrer neu aufgenommen, und um die Rockywand hat sich das<br \/>\nRoutenspektrum um die Touren an der Roxy-Wand (f\u00fcr Kids) und der Grauen Platte<br \/>\nerweitert.<\/p>\n<p>Insgesamt eine wirksamse Medizin gegen zerm\u00fcrbende Gro\u00dfstadt-Langeweile<br \/>\ngarantiert nicht frei von Nebenwirkungen. Geht schoo!<\/p>\n<p>Inklusive Vertical-Life App (digitale, personalisierte Fassung des<br \/>\nKletterf\u00fchrers f\u00fcr Smartphone und Tablet. Plattformen: Android und iOS)<br \/>\n4. Auflage 2017, 384 Seiten, 148 x 185 mm, Softcover, komplett 4 Farbig<\/p>","protected":false},"excerpt":{"rendered":"<p>&#171;DER F\u00fchrer, den die Welt noch braucht&#187; lautete der Untertitel der ersten Auflage unseres Kochelf\u00fchrers. Was gro\u00dfspurig klang, war offensichtlich richtig, denn demn\u00e4chst liegt bereits die dritte Auflage vor. Wie gehabt mit einem ausf\u00fchrlichem Boulderteil und &#8211; h\u00f6rt h\u00f6rt &#8211; sogar einem DWS (f\u00fcr Null- Peiler zum mitlesen: deep water soloing) Spektakul\u00e4re Bilder zeigen die [&#8230;]\n","protected":false},"featured_media":176831,"template":"","meta":[],"product_brand":[],"product_cat":[21539],"product_tag":[],"class_list":{"0":"post-149839","1":"product","2":"type-product","3":"status-publish","4":"has-post-thumbnail","6":"product_cat-fuehrerliteratur-sportklettern-bouldern","7":"pa_autor-lamprecht","8":"pa_erscheinungsjahr-21574","9":"pa_region-deutschland","10":"pa_sprache-de","12":"first","13":"instock","14":"taxable","15":"shipping-taxable","16":"purchasable","17":"product-type-simple"},"_links":{"self":[{"href":"https:\/\/pizbube.ch\/en\/wp-json\/wp\/v2\/product\/149839","targetHints":{"allow":["GET"]}}],"collection":[{"href":"https:\/\/pizbube.ch\/en\/wp-json\/wp\/v2\/product"}],"about":[{"href":"https:\/\/pizbube.ch\/en\/wp-json\/wp\/v2\/types\/product"}],"wp:featuredmedia":[{"embeddable":true,"href":"https:\/\/pizbube.ch\/en\/wp-json\/wp\/v2\/media\/176831"}],"wp:attachment":[{"href":"https:\/\/pizbube.ch\/en\/wp-json\/wp\/v2\/media?parent=149839"}],"wp:term":[{"taxonomy":"product_brand","embeddable":true,"href":"https:\/\/pizbube.ch\/en\/wp-json\/wp\/v2\/product_brand?post=149839"},{"taxonomy":"product_cat","embeddable":true,"href":"https:\/\/pizbube.ch\/en\/wp-json\/wp\/v2\/product_cat?post=149839"},{"taxonomy":"product_tag","embeddable":true,"href":"https:\/\/pizbube.ch\/en\/wp-json\/wp\/v2\/product_tag?post=149839"}],"curies":[{"name":"wp","href":"https:\/\/api.w.org\/{rel}","templated":true}]}}