{"id":149840,"date":"2021-01-15T11:00:54","date_gmt":"2021-01-15T11:00:54","guid":{"rendered":"https:\/\/codengine3.ch\/?product=import-placeholder-for-206486"},"modified":"2024-10-19T11:22:41","modified_gmt":"2024-10-19T09:22:41","slug":"muenchen-rockt","status":"publish","type":"product","link":"https:\/\/pizbube.ch\/en\/shop\/muenchen-rockt\/","title":{"rendered":"M\u00fcnchen rockt!"},"content":{"rendered":"<p>Kletterf\u00fchrer M\u00fcnchen rockt!.<br \/>\nKlettern an Naturfels und k\u00fcnstlichen Anlagen in und um die bayerische Landeshauptstadt herum.<\/p>\n<p>M\u00fcnchen gilt seit je her als die Bergsteigerstadt in Deutschland &#8211; an sch\u00f6nen Tagen sieht man vom Olympiaberg bis in die Alpen. Wer von der bayerischen Landeshauptstadt aus zum Klettern will muss zwar etwas fahren, hat daf\u00fcr aber eine abwechslungsreiche Palette an M\u00f6glichkeiten. Der neue Kletterf\u00fchrer beschreibt mit einfach zu erkennenden Fototopos die Einsteigerfelsen der M\u00fcnchener Hausgebiete. Wer nicht so oft drau\u00dfen unterwegs ist bzw. die einzelnen Gebiete erst mal erkunden will, ist mit der Auswahl bestens beraten und bekommt dazu noch eine ausf\u00fchrliche \u00dcbersicht \u00fcber alle k\u00fcnstlichen Kletterm\u00f6glichkeiten der Region &#8211; drinnen und drau\u00dfen.<\/p>\n<p>3. Auflage 2024, 224 Seiten,<br \/>\n148 x 185 mm, Softcover, komplett 4 Farbig<\/p>","protected":false},"excerpt":{"rendered":"<p><a href=\"https:\/\/pizbube.ch\/wp-content\/uploads\/2021\/01\/MuenchenRockt_Leseprobe.pdf\" target=\"_blank\" rel=\"noopener\"><strong>M\u00fcnchenRockt_Leseprobe<\/strong><\/a><\/p>","protected":false},"featured_media":176823,"template":"","meta":[],"product_brand":[],"product_cat":[21539],"product_tag":[],"class_list":{"0":"post-149840","1":"product","2":"type-product","3":"status-publish","4":"has-post-thumbnail","6":"product_cat-fuehrerliteratur-sportklettern-bouldern","7":"pa_autor-mira-herzberger-markus-stadler-lena-mueller-marc-stannartz","8":"pa_erscheinungsjahr-27339","9":"pa_region-deutschland","10":"pa_sprache-de","12":"first","13":"onbackorder","14":"taxable","15":"shipping-taxable","16":"purchasable","17":"product-type-simple"},"_links":{"self":[{"href":"https:\/\/pizbube.ch\/en\/wp-json\/wp\/v2\/product\/149840","targetHints":{"allow":["GET"]}}],"collection":[{"href":"https:\/\/pizbube.ch\/en\/wp-json\/wp\/v2\/product"}],"about":[{"href":"https:\/\/pizbube.ch\/en\/wp-json\/wp\/v2\/types\/product"}],"wp:featuredmedia":[{"embeddable":true,"href":"https:\/\/pizbube.ch\/en\/wp-json\/wp\/v2\/media\/176823"}],"wp:attachment":[{"href":"https:\/\/pizbube.ch\/en\/wp-json\/wp\/v2\/media?parent=149840"}],"wp:term":[{"taxonomy":"product_brand","embeddable":true,"href":"https:\/\/pizbube.ch\/en\/wp-json\/wp\/v2\/product_brand?post=149840"},{"taxonomy":"product_cat","embeddable":true,"href":"https:\/\/pizbube.ch\/en\/wp-json\/wp\/v2\/product_cat?post=149840"},{"taxonomy":"product_tag","embeddable":true,"href":"https:\/\/pizbube.ch\/en\/wp-json\/wp\/v2\/product_tag?post=149840"}],"curies":[{"name":"wp","href":"https:\/\/api.w.org\/{rel}","templated":true}]}}