{"id":149841,"date":"2021-01-15T11:00:54","date_gmt":"2021-01-15T11:00:54","guid":{"rendered":"https:\/\/codengine3.ch\/?product=import-placeholder-for-207252"},"modified":"2021-01-15T16:01:13","modified_gmt":"2021-01-15T16:01:13","slug":"isarwinkel-150000","status":"publish","type":"product","link":"https:\/\/pizbube.ch\/en\/shop\/isarwinkel-150000\/","title":{"rendered":"Isarwinkel 1:50`000"},"content":{"rendered":"<p>Isarwinkel, Bad T\u00f6lz, Lenggries, Blatt 182<\/p>\n<p>KOMPASS-Wanderkarten enthalten alles Wissenswerte f\u00fcr Wanderer wie aktuelle<br \/>\nWanderwege mit Markierungen, empfehlenswerte Radrouten und wichtige<br \/>\ntouristische Informationen. Der topographische Inhalt wird bei aller<br \/>\nDetailgenauigkeit leicht lesbar und anschaulich dargestellt. Ein \u00fcbersichtlich<br \/>\ngestaltetes Beiheft mit zahlreichen Farbfotos informiert \u00fcber Orte und<br \/>\nSchutzh\u00fctten sowie empfehlenswerte Touren, Sehensw\u00fcrdigkeiten und<br \/>\nFreizeiteinrichtungen. Die KOMPASS Wanderkarten \u00fcberzeugen durch . eine GPS-<br \/>\ngenaue und aktuelle Karte zur einfachen Orientierung . den beigelegten<br \/>\nKurzf\u00fchrer zu Wissenswerten in der Region . lesefreundliche Optik im idealen<br \/>\nMa\u00dfstab von 1:50.000<\/p>","protected":false},"excerpt":{"rendered":"<p>Isarwinkel, Bad T\u00f6lz, Lenggries, Blatt 182 KOMPASS-Wanderkarten enthalten alles Wissenswerte f\u00fcr Wanderer wie aktuelle Wanderwege mit Markierungen, empfehlenswerte Radrouten und wichtige touristische Informationen. Der topographische Inhalt wird bei aller Detailgenauigkeit leicht lesbar und anschaulich dargestellt. Ein \u00fcbersichtlich gestaltetes Beiheft mit zahlreichen Farbfotos informiert \u00fcber Orte und Schutzh\u00fctten sowie empfehlenswerte Touren, Sehensw\u00fcrdigkeiten und Freizeiteinrichtungen. Die KOMPASS [&#8230;]\n","protected":false},"featured_media":36907,"template":"","meta":[],"product_brand":[],"product_cat":[21543],"product_tag":[],"class_list":{"0":"post-149841","1":"product","2":"type-product","3":"status-publish","4":"has-post-thumbnail","6":"product_cat-landkarten","7":"pa_autor-kompass","8":"pa_erscheinungsjahr-21610","9":"pa_region-deutschland","10":"pa_sprache-de","12":"first","13":"instock","14":"taxable","15":"shipping-taxable","16":"purchasable","17":"product-type-simple"},"_links":{"self":[{"href":"https:\/\/pizbube.ch\/en\/wp-json\/wp\/v2\/product\/149841","targetHints":{"allow":["GET"]}}],"collection":[{"href":"https:\/\/pizbube.ch\/en\/wp-json\/wp\/v2\/product"}],"about":[{"href":"https:\/\/pizbube.ch\/en\/wp-json\/wp\/v2\/types\/product"}],"wp:featuredmedia":[{"embeddable":true,"href":"https:\/\/pizbube.ch\/en\/wp-json\/wp\/v2\/media\/36907"}],"wp:attachment":[{"href":"https:\/\/pizbube.ch\/en\/wp-json\/wp\/v2\/media?parent=149841"}],"wp:term":[{"taxonomy":"product_brand","embeddable":true,"href":"https:\/\/pizbube.ch\/en\/wp-json\/wp\/v2\/product_brand?post=149841"},{"taxonomy":"product_cat","embeddable":true,"href":"https:\/\/pizbube.ch\/en\/wp-json\/wp\/v2\/product_cat?post=149841"},{"taxonomy":"product_tag","embeddable":true,"href":"https:\/\/pizbube.ch\/en\/wp-json\/wp\/v2\/product_tag?post=149841"}],"curies":[{"name":"wp","href":"https:\/\/api.w.org\/{rel}","templated":true}]}}