{"id":149842,"date":"2021-01-15T11:00:54","date_gmt":"2021-01-15T11:00:54","guid":{"rendered":"https:\/\/codengine3.ch\/?product=import-placeholder-for-202568"},"modified":"2021-01-15T12:37:24","modified_gmt":"2021-01-15T12:37:24","slug":"werdenfels-aktiv-alpin","status":"publish","type":"product","link":"https:\/\/pizbube.ch\/en\/shop\/werdenfels-aktiv-alpin\/","title":{"rendered":"Werdenfels Aktiv Alpin"},"content":{"rendered":"<p>Freizeitf\u00fchrer f\u00fcr Garmisch-Partenkirchen und Umgebung; mit den sch\u00f6nsten<br \/>\nRouten und Tourenbeschreibungen f\u00fcr Mountainbiker, Klettersteigbegeisterte,<br \/>\nSkitourengeher, Kletter und Gleitschirmpiloten.<\/p>","protected":false},"excerpt":{"rendered":"<p>Freizeitf\u00fchrer f\u00fcr Garmisch-Partenkirchen und Umgebung; mit den sch\u00f6nsten Routen und Tourenbeschreibungen f\u00fcr Mountainbiker, Klettersteigbegeisterte, Skitourengeher, Kletter und Gleitschirmpiloten.<\/p>","protected":false},"featured_media":29973,"template":"","meta":[],"product_brand":[],"product_cat":[21544],"product_tag":[],"class_list":{"0":"post-149842","1":"product","2":"type-product","3":"status-publish","4":"has-post-thumbnail","6":"product_cat-fuehrerliteratur-alpin-sommer","7":"pa_autor-durner","8":"pa_autor-kuban","9":"pa_erscheinungsjahr-21750","10":"pa_region-deutschland","11":"pa_sprache-de","13":"first","14":"instock","15":"taxable","16":"shipping-taxable","17":"purchasable","18":"product-type-simple"},"_links":{"self":[{"href":"https:\/\/pizbube.ch\/en\/wp-json\/wp\/v2\/product\/149842","targetHints":{"allow":["GET"]}}],"collection":[{"href":"https:\/\/pizbube.ch\/en\/wp-json\/wp\/v2\/product"}],"about":[{"href":"https:\/\/pizbube.ch\/en\/wp-json\/wp\/v2\/types\/product"}],"wp:featuredmedia":[{"embeddable":true,"href":"https:\/\/pizbube.ch\/en\/wp-json\/wp\/v2\/media\/29973"}],"wp:attachment":[{"href":"https:\/\/pizbube.ch\/en\/wp-json\/wp\/v2\/media?parent=149842"}],"wp:term":[{"taxonomy":"product_brand","embeddable":true,"href":"https:\/\/pizbube.ch\/en\/wp-json\/wp\/v2\/product_brand?post=149842"},{"taxonomy":"product_cat","embeddable":true,"href":"https:\/\/pizbube.ch\/en\/wp-json\/wp\/v2\/product_cat?post=149842"},{"taxonomy":"product_tag","embeddable":true,"href":"https:\/\/pizbube.ch\/en\/wp-json\/wp\/v2\/product_tag?post=149842"}],"curies":[{"name":"wp","href":"https:\/\/api.w.org\/{rel}","templated":true}]}}