{"id":149843,"date":"2021-01-15T11:00:54","date_gmt":"2021-01-15T11:00:54","guid":{"rendered":"https:\/\/codengine3.ch\/?product=import-placeholder-for-202569"},"modified":"2021-01-15T12:37:27","modified_gmt":"2021-01-15T12:37:27","slug":"sportklettern-allgaeu-oberland-tirol","status":"publish","type":"product","link":"https:\/\/pizbube.ch\/en\/shop\/sportklettern-allgaeu-oberland-tirol\/","title":{"rendered":"Sportklettern Allg\u00e4u Oberland Tirol"},"content":{"rendered":"<p>Es werden 35 Gebiete, 108 Kletterg\u00e4rten mit \u00fcber 3900 Routen in allen<br \/>\nSchwierigkeitsgraden beschrieben. Besonders das Gebiet &#8218;Allg\u00e4u, Oberland und<br \/>\nTirol&#8216; ist ein wahres Eldorado f\u00fcr Freunde des Klettersports. Das kompakte und<br \/>\nstabile Ringbuch im modernen Design beinhaltet detaillierte \u00dcbersichtskarten<br \/>\nzur einfachen Orientierung, Topos und Beschreibungen der Klettergebiete.<br \/>\nAlle Gebiete mit: Routenauflistung, Routenstatistik, Gebietsbeschreibung,<br \/>\nSymbolleiste. Insgesamt 9 \u00dcbersichtsskizzen, 91 Anfahrtsskizzen, 221 Topos,<br \/>\n375 Wand- und \u00dcbersichtsfotos.  <\/p>\n<p>Beschriebene Gebiete: Bad Hindelang, F\u00fcssen, Vils, Reutte, Gaichtpa\u00df, Rieden<br \/>\nLechtal, Ehrwald, Nassereith, Imst, Starkenbach, Schnann, Zams, Ried<br \/>\nOberinntal, Kaunertal, Pitztal, \u00d6tztal, Haiming, Simmering, Silz, Stams,<br \/>\nTelfs, Leutaschtal, Kirchplatzl, Scharnitz, Mittenwald, Garmisch, Oberau,<br \/>\nOberammergau, Kochel, Bad Heilbrunn, Lenggries, Zirl, Martinswand,<br \/>\nKranebitten, H\u00f6ttingen.<br \/>\nv\u00f6llig neu \u00fcberarbeitete 4. Auflage.  <\/p>","protected":false},"excerpt":{"rendered":"<p>Es werden 35 Gebiete, 108 Kletterg\u00e4rten mit \u00fcber 3900 Routen in allen Schwierigkeitsgraden beschrieben. Besonders das Gebiet &#8218;Allg\u00e4u, Oberland und Tirol&#8216; ist ein wahres Eldorado f\u00fcr Freunde des Klettersports. Das kompakte und stabile Ringbuch im modernen Design beinhaltet detaillierte \u00dcbersichtskarten zur einfachen Orientierung, Topos und Beschreibungen der Klettergebiete. Alle Gebiete mit: Routenauflistung, Routenstatistik, Gebietsbeschreibung, Symbolleiste. [&#8230;]\n","protected":false},"featured_media":29975,"template":"","meta":[],"product_brand":[],"product_cat":[21539],"product_tag":[],"class_list":{"0":"post-149843","1":"product","2":"type-product","3":"status-publish","4":"has-post-thumbnail","6":"product_cat-fuehrerliteratur-sportklettern-bouldern","7":"pa_autor-durner-adelbert","8":"pa_erscheinungsjahr-21693","9":"pa_region-oesterreich","10":"pa_sprache-de","12":"first","13":"outofstock","14":"taxable","15":"shipping-taxable","16":"purchasable","17":"product-type-simple"},"_links":{"self":[{"href":"https:\/\/pizbube.ch\/en\/wp-json\/wp\/v2\/product\/149843","targetHints":{"allow":["GET"]}}],"collection":[{"href":"https:\/\/pizbube.ch\/en\/wp-json\/wp\/v2\/product"}],"about":[{"href":"https:\/\/pizbube.ch\/en\/wp-json\/wp\/v2\/types\/product"}],"wp:featuredmedia":[{"embeddable":true,"href":"https:\/\/pizbube.ch\/en\/wp-json\/wp\/v2\/media\/29975"}],"wp:attachment":[{"href":"https:\/\/pizbube.ch\/en\/wp-json\/wp\/v2\/media?parent=149843"}],"wp:term":[{"taxonomy":"product_brand","embeddable":true,"href":"https:\/\/pizbube.ch\/en\/wp-json\/wp\/v2\/product_brand?post=149843"},{"taxonomy":"product_cat","embeddable":true,"href":"https:\/\/pizbube.ch\/en\/wp-json\/wp\/v2\/product_cat?post=149843"},{"taxonomy":"product_tag","embeddable":true,"href":"https:\/\/pizbube.ch\/en\/wp-json\/wp\/v2\/product_tag?post=149843"}],"curies":[{"name":"wp","href":"https:\/\/api.w.org\/{rel}","templated":true}]}}