{"id":149845,"date":"2021-01-15T11:00:54","date_gmt":"2021-01-15T11:00:54","guid":{"rendered":"https:\/\/codengine3.ch\/?product=import-placeholder-for-200792"},"modified":"2025-09-25T08:50:27","modified_gmt":"2025-09-25T06:50:27","slug":"alpinkletterfuehrer-karwendelgebirge","status":"publish","type":"product","link":"https:\/\/pizbube.ch\/en\/shop\/alpinkletterfuehrer-karwendelgebirge\/","title":{"rendered":"Alpinkletterf\u00fchrer Karwendelgebirge"},"content":{"rendered":"<p>Kletterf\u00fchrer Karwendel \u2013 zwischen Plaisir und Abenteuer.<\/p>\n<p>Karwendel = Laliderer = Bruch. Dieses Vorurteil haftet bei vielen Kletterern<br \/>\nso hartn\u00e4ckig im Hirn wie Angebranntes an einem Topfboden. Wenn wir jetzt hier<br \/>\nbehaupten, dass beide Gleichungen falsch sind, tun wir das nicht nur, weil wir<br \/>\nden F\u00fchrer verkaufen wollen. Sondern weil es schlicht falsch ist.<\/p>\n<p>Nat\u00fcrlich stehen die Lalidererw\u00e4nde immer noch im Karwendel und sind auch<br \/>\nzwischenzeitlich nicht zu Verdonfels geronnen \u2013 wer das gro\u00dfe Abenteuer sucht,<br \/>\nwird hier immer noch f\u00fcndig werden.<\/p>\n<p>Aber die Kletterepochen sind selbstverst\u00e4ndlich auch an den Bergen zwischen<br \/>\nMittenwald und Achensee nicht vorbeigerauscht, und so gibt es nat\u00fcrlich<br \/>\ninzwischen auch leichter Verdauliches und unbeschwert Genie\u00dfbares: Gro\u00dfz\u00fcgige<br \/>\nalpine Klassiker in festem Fels, moderne alpine Sportklettereien und<br \/>\nplaisirm\u00e4\u00dfig abgesicherte Bohrhaken-Baseclimbs.<\/p>\n<p>Ziele:<br \/>\nGebiet Mittenwald &#8211; N\u00f6rdliche Karwendelkette<br \/>\nGebiet Hinterri\u00df &#8211; N\u00f6rdliche Karwendelkette, Falkengruppe, Gamsjochgruppe<br \/>\nGebiet Ahornboden &#8211; Hinterautal-Vomperkette (Nordseite)<br \/>\nGebiet Gramai &#8211; Sonnjochgruppe, Rauer Kn\u00f6ll-Verzweigung<br \/>\nGebiet Lamsenjochh\u00fctte &#8211; Hinterautal-Vomperkette (Lamsengebiet)<br \/>\nGebiet Halltal\/Halltalkette &#8211; (Gleirsch)-Halltalkette<br \/>\nGebiet Nordkette &#8211; Nordkette<br \/>\nGebiet Innsbruck &#8211; Nordkette<br \/>\nGebiet Scharnitz &#8211; Gleirsch-(Halltal)-Kette, Hinterautal-Vomperkette<br \/>\n(S\u00fcdseite)<br \/>\nGebiet Halleranger &#8211; Gleirsch-Halltalkette (Nordseite)<\/p>\n<p>5. Auflage 2020, 468 Seiten, 40 Topokarten, 115 x 185 mm, Softcover, komplett<br \/>\n4 Farbig, Schutzh\u00fclle<\/p>\n<p><strong>SONDERPREIS 5. AUFLAGE: CHF28.00 STATT 56.80<\/strong><\/p>","protected":false},"excerpt":{"rendered":"<ul>\n<li><a href=\"https:\/\/pizbube.ch\/wp-content\/uploads\/attachments\/a_027\/AF6486C29E2671877D49D991C5863E83.pdf\" target=\"_blank\" rel=\"noopener\">PDF: Kletterf\u00fchrer Karwendel_Leseprobe<\/a><\/li>\n<\/ul>","protected":false},"featured_media":158516,"template":"","meta":[],"product_brand":[],"product_cat":[21539],"product_tag":[],"class_list":{"0":"post-149845","1":"product","2":"type-product","3":"status-publish","4":"has-post-thumbnail","6":"product_cat-fuehrerliteratur-sportklettern-bouldern","7":"pa_autor-eberle-mair-rutter-scherrer-sussmann","8":"pa_erscheinungsjahr-21558","9":"pa_region-oesterreich","10":"pa_sprache-de","12":"first","13":"instock","14":"sale","15":"taxable","16":"shipping-taxable","17":"purchasable","18":"product-type-simple"},"_links":{"self":[{"href":"https:\/\/pizbube.ch\/en\/wp-json\/wp\/v2\/product\/149845","targetHints":{"allow":["GET"]}}],"collection":[{"href":"https:\/\/pizbube.ch\/en\/wp-json\/wp\/v2\/product"}],"about":[{"href":"https:\/\/pizbube.ch\/en\/wp-json\/wp\/v2\/types\/product"}],"wp:featuredmedia":[{"embeddable":true,"href":"https:\/\/pizbube.ch\/en\/wp-json\/wp\/v2\/media\/158516"}],"wp:attachment":[{"href":"https:\/\/pizbube.ch\/en\/wp-json\/wp\/v2\/media?parent=149845"}],"wp:term":[{"taxonomy":"product_brand","embeddable":true,"href":"https:\/\/pizbube.ch\/en\/wp-json\/wp\/v2\/product_brand?post=149845"},{"taxonomy":"product_cat","embeddable":true,"href":"https:\/\/pizbube.ch\/en\/wp-json\/wp\/v2\/product_cat?post=149845"},{"taxonomy":"product_tag","embeddable":true,"href":"https:\/\/pizbube.ch\/en\/wp-json\/wp\/v2\/product_tag?post=149845"}],"curies":[{"name":"wp","href":"https:\/\/api.w.org\/{rel}","templated":true}]}}