{"id":149846,"date":"2021-01-15T11:00:54","date_gmt":"2021-01-15T11:00:54","guid":{"rendered":"https:\/\/codengine3.ch\/?product=import-placeholder-for-200985"},"modified":"2021-03-27T12:47:42","modified_gmt":"2021-03-27T11:47:42","slug":"karwendel-alpin","status":"publish","type":"product","link":"https:\/\/pizbube.ch\/en\/shop\/karwendel-alpin\/","title":{"rendered":"Karwendel alpin"},"content":{"rendered":"<p>AV F\u00fchrer: Das Karwendel, jenes urweltliche Gebirg&#8216; zwischen Achensee und<br \/>\nIsar, z\u00e4hlt schon seit langem zu den beliebtesten Revieren oberbayerischer und<br \/>\nTiroler Wanderer und Bergsteiger. Und obwohl an den Felsfluchten der Laliderer<br \/>\nW\u00e4nde in den 30er Jahren Klettergeschichte geschrieben wurde, meiden in<br \/>\nheutiger Zeit gerade die Kraxler den als br\u00fcchig verrufenen Karwendelfels \u2013<br \/>\nideales Terrain also f\u00fcr den zweiten Band der neuen Reihe Alpenvereinsf\u00fchrer<br \/>\nalpin.<\/p>\n<p>Walter Klier, Innsbrucker Schriftsteller und bew\u00e4hrter F\u00fchrerautor, hat sich<br \/>\nin seinen Heimatbergen \u00fcber Jahrzehnte hinweg umgesehen und aus der<br \/>\nun\u00fcberschaubaren Menge von Anstiegen alle lohnenden und interessanten<br \/>\nausgew\u00e4hlt. Sein Hauptaugenmerk legte er dabei auf die detaillierte<br \/>\nBeschreibung der H\u00fcttenzug\u00e4nge und beliebten H\u00f6henwege des Gebirges. Dar\u00fcber<br \/>\nhinaus fanden nat\u00fcrlich auch alle Normalwege und die h\u00e4ufiger besuchten<br \/>\n\u00dcberschreitungen der langen Gipfelketten, sofern sie den III.<br \/>\nSchwierigkeitsgrad nicht \u00fcberschreiten, ganz besondere Beachtung.<\/p>","protected":false},"excerpt":{"rendered":"<p>AV F\u00fchrer: Das Karwendel, jenes urweltliche Gebirg&#8216; zwischen Achensee und Isar, z\u00e4hlt schon seit langem zu den beliebtesten Revieren oberbayerischer und Tiroler Wanderer und Bergsteiger. Und obwohl an den Felsfluchten der Laliderer W\u00e4nde in den 30er Jahren Klettergeschichte geschrieben wurde, meiden in heutiger Zeit gerade die Kraxler den als br\u00fcchig verrufenen Karwendelfels \u2013 ideales Terrain [&#8230;]\n","protected":false},"featured_media":28132,"template":"","meta":[],"product_brand":[],"product_cat":[21544],"product_tag":[],"class_list":{"0":"post-149846","1":"product","2":"type-product","3":"status-publish","4":"has-post-thumbnail","6":"product_cat-fuehrerliteratur-alpin-sommer","7":"pa_autor-klier","8":"pa_erscheinungsjahr-22151","9":"pa_region-oesterreich","10":"pa_sprache-de","12":"first","13":"outofstock","14":"taxable","15":"shipping-taxable","16":"purchasable","17":"product-type-simple"},"_links":{"self":[{"href":"https:\/\/pizbube.ch\/en\/wp-json\/wp\/v2\/product\/149846","targetHints":{"allow":["GET"]}}],"collection":[{"href":"https:\/\/pizbube.ch\/en\/wp-json\/wp\/v2\/product"}],"about":[{"href":"https:\/\/pizbube.ch\/en\/wp-json\/wp\/v2\/types\/product"}],"wp:featuredmedia":[{"embeddable":true,"href":"https:\/\/pizbube.ch\/en\/wp-json\/wp\/v2\/media\/28132"}],"wp:attachment":[{"href":"https:\/\/pizbube.ch\/en\/wp-json\/wp\/v2\/media?parent=149846"}],"wp:term":[{"taxonomy":"product_brand","embeddable":true,"href":"https:\/\/pizbube.ch\/en\/wp-json\/wp\/v2\/product_brand?post=149846"},{"taxonomy":"product_cat","embeddable":true,"href":"https:\/\/pizbube.ch\/en\/wp-json\/wp\/v2\/product_cat?post=149846"},{"taxonomy":"product_tag","embeddable":true,"href":"https:\/\/pizbube.ch\/en\/wp-json\/wp\/v2\/product_tag?post=149846"}],"curies":[{"name":"wp","href":"https:\/\/api.w.org\/{rel}","templated":true}]}}