{"id":149847,"date":"2021-01-15T11:00:54","date_gmt":"2021-01-15T11:00:54","guid":{"rendered":"https:\/\/codengine3.ch\/?product=import-placeholder-for-202898"},"modified":"2021-01-15T12:40:16","modified_gmt":"2021-01-15T12:40:16","slug":"karwendel-und-wetterstein","status":"publish","type":"product","link":"https:\/\/pizbube.ch\/en\/shop\/karwendel-und-wetterstein\/","title":{"rendered":"Karwendel und Wetterstein"},"content":{"rendered":"<p>\nDie 40 sch\u00f6nsten Touren  <\/p>\n<p>Glasklare Bergseen, idyllische Almen, imposante Gebirgsmassive. Im<br \/>\nWettersteingebirge und dem direkt angrenzenden Karwendel finden sich<br \/>\neinzigartige Wanderziele f\u00fcr jeden Geschmack:<br \/>\nLeichte Vorgebirgstouren mit anschlie\u00dfendem Badespa\u00df sprechen Eltern und<br \/>\nKinder gleicherma\u00dfen an. Besondere Highlights sind die Touren durch die<br \/>\nH\u00f6llentalklamm oder zum verwunschenen Jagdschloss K\u00f6nig Ludwigs hoch \u00fcber der<br \/>\nPartnachklamm.<\/p>","protected":false},"excerpt":{"rendered":"<ul>\n<li><b>INFO: Vergriffen, keine Neuauflage\/Nachdruck<b><\/li>\n<\/ul>","protected":false},"featured_media":41266,"template":"","meta":[],"product_brand":[],"product_cat":[21605],"product_tag":[],"class_list":{"0":"post-149847","1":"product","2":"type-product","3":"status-publish","4":"has-post-thumbnail","6":"product_cat-wanderfuehrer-trekking","7":"pa_autor-proettel","8":"pa_erscheinungsjahr-21610","9":"pa_region-deutschland","10":"pa_sprache-de","12":"first","13":"outofstock","14":"taxable","15":"shipping-taxable","16":"purchasable","17":"product-type-simple"},"_links":{"self":[{"href":"https:\/\/pizbube.ch\/en\/wp-json\/wp\/v2\/product\/149847","targetHints":{"allow":["GET"]}}],"collection":[{"href":"https:\/\/pizbube.ch\/en\/wp-json\/wp\/v2\/product"}],"about":[{"href":"https:\/\/pizbube.ch\/en\/wp-json\/wp\/v2\/types\/product"}],"wp:featuredmedia":[{"embeddable":true,"href":"https:\/\/pizbube.ch\/en\/wp-json\/wp\/v2\/media\/41266"}],"wp:attachment":[{"href":"https:\/\/pizbube.ch\/en\/wp-json\/wp\/v2\/media?parent=149847"}],"wp:term":[{"taxonomy":"product_brand","embeddable":true,"href":"https:\/\/pizbube.ch\/en\/wp-json\/wp\/v2\/product_brand?post=149847"},{"taxonomy":"product_cat","embeddable":true,"href":"https:\/\/pizbube.ch\/en\/wp-json\/wp\/v2\/product_cat?post=149847"},{"taxonomy":"product_tag","embeddable":true,"href":"https:\/\/pizbube.ch\/en\/wp-json\/wp\/v2\/product_tag?post=149847"}],"curies":[{"name":"wp","href":"https:\/\/api.w.org\/{rel}","templated":true}]}}