{"id":149849,"date":"2021-01-15T11:00:55","date_gmt":"2021-01-15T11:00:55","guid":{"rendered":"https:\/\/codengine3.ch\/?product=import-placeholder-for-203145"},"modified":"2021-03-13T09:50:19","modified_gmt":"2021-03-13T08:50:19","slug":"kletterfuehrer-bayerische-alpen-nordtirol","status":"publish","type":"product","link":"https:\/\/pizbube.ch\/en\/shop\/kletterfuehrer-bayerische-alpen-nordtirol\/","title":{"rendered":"Kletterf\u00fchrer Bayerische Alpen &#8211; Nordtirol"},"content":{"rendered":"<p>123 mal Klettergenuss Richard Goedeke pr\u00e4sentiert in seinem neuen Topo-<br \/>\nAuswahlf\u00fchrer empfehlenswerte alpine Kletterrouten im Schwierigkeitsbereich<br \/>\nIII bis VII in den Bayerischen Voralpen, im Wetterstein und in der Mieminger<br \/>\nKette, im Karwendel, im Rofan und im Wilden Kaiser, in den Loferer<br \/>\nSteinbergen, den Berchtesgadener Alpen und im Hochk\u00f6nig.<\/p>\n<p>Die ausgew\u00e4hlten Routen decken ein weites Spektrum an Klettereien ab: lohnende<br \/>\nEinsteigerrouten im III. und IV. Grad, extreme Routen wie z.B. am Gro\u00dfen<br \/>\nM\u00fchlsturzhorn in den Berchtesgadener Alpen oder an der Sch\u00fcsselkarspitze im<br \/>\nWetterstein. Moderne Touren mit Sportklettercharakter stehen neben Klassikern<br \/>\nan so ber\u00fchmten Felsw\u00e4nden wie Totenkirchl und Fleischbank, die einst von<br \/>\neinem Hans D\u00fclfer oder Fritz Wiessner er\u00f6ffnet wurden. Der Kletterf\u00fchrer<br \/>\nbietet f\u00fcr jeden etwas: kurze und lange Touren, abgelegene und stra\u00dfennahe,<br \/>\nmit Bohrhaken ausger\u00fcstete und weitgehend selbst abzusichernde \u2013 und dar\u00fcber<br \/>\nhinaus auch so manchen Geheimtipp des Autors.<\/p>\n<p>Alle vorgestellten Routen werden mit genauen Angaben zu Erstbegehern,<br \/>\nAusgangspunkt, Zu- und Abstieg, Schwierigkeit, L\u00e4nge der Route,<br \/>\nAbsicherungsm\u00f6glichkeiten, Ausr\u00fcstung und Begehungszeit vorgestellt. Ein<br \/>\n\u00fcbersichtliches, meist ganzseitiges Topo zeigt bei jeder Route den genauen<br \/>\nVerlauf. Die erste Orientierung erleichtern dar\u00fcber hinaus Wandfotos mit<br \/>\neingezeichnetem Routenverlauf.<\/p>\n<p>Zus\u00e4tzlich zur Freikletterbewertung nach UIAA ber\u00fccksichtigt dieser F\u00fchrer die<br \/>\nso genannte E- Bewertung, die es dem Benutzer erm\u00f6glicht, auf den ersten Blick<br \/>\ndie Ernsthaftigkeit der Route hinsichtlich der Absicherung, der Orientierung<br \/>\noder erh\u00f6hten alpinistischen Anforderungen einzusch\u00e4tzen.<\/p>\n<p>2. aktualisierte Auflage 2009<\/p>","protected":false},"excerpt":{"rendered":"<ul>\n<li><a href=\"https:\/\/pizbube.ch\/wp-content\/uploads\/attachments\/a_001\/09594CACB0EBFAE152CAE7A77715EF4D.pdf\" target=\"_blank\" rel=\"noopener\">PDF: Kletterf\u00fchrer Bayerische Alpen &#8211; Nordtirol_Inhaltsverzeichnis<\/a><\/li>\n<\/ul>","protected":false},"featured_media":30683,"template":"","meta":[],"product_brand":[],"product_cat":[21539],"product_tag":[],"class_list":{"0":"post-149849","1":"product","2":"type-product","3":"status-publish","4":"has-post-thumbnail","6":"product_cat-fuehrerliteratur-sportklettern-bouldern","7":"pa_autor-goedeke","8":"pa_erscheinungsjahr-21693","9":"pa_region-deutschland","10":"pa_sprache-de","12":"first","13":"outofstock","14":"taxable","15":"shipping-taxable","16":"purchasable","17":"product-type-simple"},"_links":{"self":[{"href":"https:\/\/pizbube.ch\/en\/wp-json\/wp\/v2\/product\/149849","targetHints":{"allow":["GET"]}}],"collection":[{"href":"https:\/\/pizbube.ch\/en\/wp-json\/wp\/v2\/product"}],"about":[{"href":"https:\/\/pizbube.ch\/en\/wp-json\/wp\/v2\/types\/product"}],"wp:featuredmedia":[{"embeddable":true,"href":"https:\/\/pizbube.ch\/en\/wp-json\/wp\/v2\/media\/30683"}],"wp:attachment":[{"href":"https:\/\/pizbube.ch\/en\/wp-json\/wp\/v2\/media?parent=149849"}],"wp:term":[{"taxonomy":"product_brand","embeddable":true,"href":"https:\/\/pizbube.ch\/en\/wp-json\/wp\/v2\/product_brand?post=149849"},{"taxonomy":"product_cat","embeddable":true,"href":"https:\/\/pizbube.ch\/en\/wp-json\/wp\/v2\/product_cat?post=149849"},{"taxonomy":"product_tag","embeddable":true,"href":"https:\/\/pizbube.ch\/en\/wp-json\/wp\/v2\/product_tag?post=149849"}],"curies":[{"name":"wp","href":"https:\/\/api.w.org\/{rel}","templated":true}]}}