{"id":149850,"date":"2021-01-15T11:00:55","date_gmt":"2021-01-15T11:00:55","guid":{"rendered":"https:\/\/codengine3.ch\/?product=import-placeholder-for-208753"},"modified":"2021-01-15T17:57:26","modified_gmt":"2021-01-15T17:57:26","slug":"karwendel","status":"publish","type":"product","link":"https:\/\/pizbube.ch\/en\/shop\/karwendel\/","title":{"rendered":"Karwendel"},"content":{"rendered":"<p>Ein Bildband. Mit vielen Infos f\u00fcr Wanderer, Bergsteiger und Kletterer<\/p>\n<p>Konkurrenzlos und lange erwartet: der gro\u00dfe, neue Karwendel-Bildband von Heinz<br \/>\nZak! \u00dcber 200 einzigartige, gro\u00dfformatige Fotos in erstklassiger<br \/>\nDruckqualit\u00e4t. Mit vielen pers\u00f6nlichen Erz\u00e4hlungen und einem ausf\u00fchrlichen<br \/>\nInfoteil zu Wanderwegen, Gipfelzielen, Skitouren, Kletter- und Mountainbike-<br \/>\nRouten.<\/p>\n<p>Die gro\u00dfartige Bergwelt zwischen Isar und Inn in einem einzigartigen Bildband.<br \/>\nMit ca. 750 Quadratkilometern ist das Karwendel das gr\u00f6\u00dfte Naturschutzgebiet<br \/>\nder Ostalpen. Die vier m\u00e4chtigen und schroffen Hauptketten, die kargen Almen<br \/>\nund die abgeschiedenen, urweltlichen T\u00e4ler haben das ihre dazu beigetragen,<br \/>\ndie Urspr\u00fcnglichkeit dieses wildromantischen Gebirges trotz seiner Beliebtheit<br \/>\nin den nahen Ballungsr\u00e4umen M\u00fcnchen und Innsbruck weitgehend zu erhalten. Kein<br \/>\nanderer Name ist so eng mit diesem Gebirge verbunden wie der von Heinz Zak:<br \/>\nSeit nun mehr 30 Jahren ist er immer wieder in seinen Bergen unterwegs, zu<br \/>\njeder Tages- und Jahreszeit.<\/p>\n<p>Als Bergsteiger \u00fcberschritt er alle Karwendelketten, als Kletterer er\u00f6ffnete<br \/>\ner zahlreiche extreme Routen und durchstieg drei Klassiker der ber\u00fcchtigten<br \/>\nLaliderer-Nordwand an einem Tag. Mit seiner Kamera begleitete er Kletterer,<br \/>\nWildwasserfahrer und Mountainbiker auf ihren ungew\u00f6hnlichen Wegen, nahm extrem<br \/>\nlange Zustiege in Kauf, um einsame, wilde Orte und ausgesetzte Gipfel zu<br \/>\nerreichen und biwakierte in eisigen N\u00e4chten, um traumhafte Sonnenunter- und<br \/>\n-aufg\u00e4nge oder bezaubernde Vollmondstimmungen festzuhalten. So entstanden<br \/>\nungew\u00f6hnliche, zum Teil unter extremen Bedingungen aufgenommene<br \/>\nLandschaftsimpressionen und ein Bildband, der so vielseitig und einzigartig<br \/>\nist wie das Karwendelgebirge selbst.<\/p>","protected":false},"excerpt":{"rendered":"<p>Ein Bildband. Mit vielen Infos f\u00fcr Wanderer, Bergsteiger und Kletterer Konkurrenzlos und lange erwartet: der gro\u00dfe, neue Karwendel-Bildband von Heinz Zak! \u00dcber 200 einzigartige, gro\u00dfformatige Fotos in erstklassiger Druckqualit\u00e4t. Mit vielen pers\u00f6nlichen Erz\u00e4hlungen und einem ausf\u00fchrlichen Infoteil zu Wanderwegen, Gipfelzielen, Skitouren, Kletter- und Mountainbike- Routen. Die gro\u00dfartige Bergwelt zwischen Isar und Inn in einem einzigartigen [&#8230;]\n","protected":false},"featured_media":41256,"template":"","meta":[],"product_brand":[],"product_cat":[21542],"product_tag":[],"class_list":{"0":"post-149850","1":"product","2":"type-product","3":"status-publish","4":"has-post-thumbnail","6":"product_cat-sachbuecher-dokumentationen","7":"pa_autor-zak","8":"pa_erscheinungsjahr-21550","9":"pa_region-oesterreich","10":"pa_sprache-de","12":"first","13":"instock","14":"taxable","15":"shipping-taxable","16":"purchasable","17":"product-type-simple"},"_links":{"self":[{"href":"https:\/\/pizbube.ch\/en\/wp-json\/wp\/v2\/product\/149850","targetHints":{"allow":["GET"]}}],"collection":[{"href":"https:\/\/pizbube.ch\/en\/wp-json\/wp\/v2\/product"}],"about":[{"href":"https:\/\/pizbube.ch\/en\/wp-json\/wp\/v2\/types\/product"}],"wp:featuredmedia":[{"embeddable":true,"href":"https:\/\/pizbube.ch\/en\/wp-json\/wp\/v2\/media\/41256"}],"wp:attachment":[{"href":"https:\/\/pizbube.ch\/en\/wp-json\/wp\/v2\/media?parent=149850"}],"wp:term":[{"taxonomy":"product_brand","embeddable":true,"href":"https:\/\/pizbube.ch\/en\/wp-json\/wp\/v2\/product_brand?post=149850"},{"taxonomy":"product_cat","embeddable":true,"href":"https:\/\/pizbube.ch\/en\/wp-json\/wp\/v2\/product_cat?post=149850"},{"taxonomy":"product_tag","embeddable":true,"href":"https:\/\/pizbube.ch\/en\/wp-json\/wp\/v2\/product_tag?post=149850"}],"curies":[{"name":"wp","href":"https:\/\/api.w.org\/{rel}","templated":true}]}}