{"id":149852,"date":"2021-01-15T11:00:55","date_gmt":"2021-01-15T11:00:55","guid":{"rendered":"https:\/\/codengine3.ch\/?product=import-placeholder-for-202994"},"modified":"2021-01-15T12:53:08","modified_gmt":"2021-01-15T12:53:08","slug":"mistral-2-sportkletterfuehrer-suedfrankreich-ost","status":"publish","type":"product","link":"https:\/\/pizbube.ch\/en\/shop\/mistral-2-sportkletterfuehrer-suedfrankreich-ost\/","title":{"rendered":"Mistral 2 Sportkletterf\u00fchrer S\u00fcdfrankreich Ost"},"content":{"rendered":"<p>Die Kletterf\u00fchrerserie -Mistral- geh\u00f6rt seit Jahren zu den beliebtesten<br \/>\nAuswahlf\u00fchrern \u00fcber S\u00fcdfrankreich.<br \/>\nDer neue Mistral 2 stellt die 38 besten Sportklettergebiete \u00f6stlich der Rhone<br \/>\nvor.<br \/>\nDie 4. Auflage wurde in 4 Regionen aufgeteilt und eine gro\u00dfe Karte im<br \/>\nKlappcover und Detailkarten im Innenteil des Buchs erm\u00f6glichen nicht nur einen<br \/>\nguten \u00dcberblick, sondern machen die Anfahrt zu den Gebieten zum Kinderspiel.<br \/>\nMit Beschreibungen der Bl\u00f6cke bei Arnot sind au\u00dferdem Infos \u00fcber eines der<br \/>\nbesten Bouldergebiete in S\u00fcdfrankreich im F\u00fchrer enthalten, um auch hier dem<br \/>\nBouldertrend gerecht zu werden.<br \/>\nKurzum: Der -Mistral 2- ist Pflichtlekt\u00fcre f\u00fcr die n\u00e4chste Ausfahrt nach<br \/>\nS\u00fcdfrankreich.  <\/p>\n<p>Folgende Gebiete sind im Mistral 2:<br \/>\nCe\u00fcse, Ventavon, Orpierre, Chateauneuf de Chabre, Volx, Sainte Victoire,<br \/>\nMeyrargues, La Consolation, Grand Canyon du Verdon, Chateaudouble,<br \/>\nChateauvert, Calanques, Sainte Baume, Toulon, Cimai, Destel, Baou de 4 Ouro,<br \/>\nMt. Faron, Tourris, Coudon, Annot, Saint-Auban, Saint Cezaire, L-Esterel,<br \/>\nGorges du Loup, Saint Jeannet, Monaco, La Turbie, Peillon, Gorbio, Castillon<\/p>","protected":false},"excerpt":{"rendered":"<p>Die Kletterf\u00fchrerserie -Mistral- geh\u00f6rt seit Jahren zu den beliebtesten Auswahlf\u00fchrern \u00fcber S\u00fcdfrankreich. Der neue Mistral 2 stellt die 38 besten Sportklettergebiete \u00f6stlich der Rhone vor. Die 4. Auflage wurde in 4 Regionen aufgeteilt und eine gro\u00dfe Karte im Klappcover und Detailkarten im Innenteil des Buchs erm\u00f6glichen nicht nur einen guten \u00dcberblick, sondern machen die Anfahrt [&#8230;]\n","protected":false},"featured_media":30499,"template":"","meta":[],"product_brand":[],"product_cat":[21539],"product_tag":[],"class_list":{"0":"post-149852","1":"product","2":"type-product","3":"status-publish","4":"has-post-thumbnail","6":"product_cat-fuehrerliteratur-sportklettern-bouldern","7":"pa_autor-ixmeier-marschner","8":"pa_erscheinungsjahr-21693","9":"pa_region-frankreich","10":"pa_sprache-de","12":"first","13":"outofstock","14":"taxable","15":"shipping-taxable","16":"purchasable","17":"product-type-simple"},"_links":{"self":[{"href":"https:\/\/pizbube.ch\/en\/wp-json\/wp\/v2\/product\/149852","targetHints":{"allow":["GET"]}}],"collection":[{"href":"https:\/\/pizbube.ch\/en\/wp-json\/wp\/v2\/product"}],"about":[{"href":"https:\/\/pizbube.ch\/en\/wp-json\/wp\/v2\/types\/product"}],"wp:featuredmedia":[{"embeddable":true,"href":"https:\/\/pizbube.ch\/en\/wp-json\/wp\/v2\/media\/30499"}],"wp:attachment":[{"href":"https:\/\/pizbube.ch\/en\/wp-json\/wp\/v2\/media?parent=149852"}],"wp:term":[{"taxonomy":"product_brand","embeddable":true,"href":"https:\/\/pizbube.ch\/en\/wp-json\/wp\/v2\/product_brand?post=149852"},{"taxonomy":"product_cat","embeddable":true,"href":"https:\/\/pizbube.ch\/en\/wp-json\/wp\/v2\/product_cat?post=149852"},{"taxonomy":"product_tag","embeddable":true,"href":"https:\/\/pizbube.ch\/en\/wp-json\/wp\/v2\/product_tag?post=149852"}],"curies":[{"name":"wp","href":"https:\/\/api.w.org\/{rel}","templated":true}]}}