{"id":149855,"date":"2021-01-15T11:00:55","date_gmt":"2021-01-15T11:00:55","guid":{"rendered":"https:\/\/codengine3.ch\/?product=import-placeholder-for-204688"},"modified":"2021-01-15T14:35:28","modified_gmt":"2021-01-15T14:35:28","slug":"saffres-topo-descalade","status":"publish","type":"product","link":"https:\/\/pizbube.ch\/en\/shop\/saffres-topo-descalade\/","title":{"rendered":"Saffres &#8211; Topo d&#8217;escalade"},"content":{"rendered":"<p>Topo de Saffres<\/p>\n<p>Ouvrage r\u00e9alis\u00e9 par Philippe Ducrot et Olivier Juaneda.<br \/>\nLe nouveau topo de Saffres, dans la lign\u00e9e des pr\u00e9c\u00e9dents mais &#171;relook\u00e9&#187; :<br \/>\nphotos, dessins des secteurs de la falaise.<\/p>\n<p>En parall\u00e8le \u00e0 l&#8217;\u00e9dition du topo, une campagne de v\u00e9rification de la falaise a<br \/>\n\u00e9t\u00e9 effectu\u00e9e : remplacement des moulinoxs vieillissants, test des points, et<br \/>\nchaque saison d\u00e9broussaillage.<\/p>\n<p>Ce topo pr\u00e9sente de mani\u00e8re synth\u00e9tique l&#8217;ensemble des voies de Saffres avec<br \/>\nleur cotation.<\/p>\n<p>Pour l&#8217;occasion, les falaises aussi on \u00e9t\u00e9 lift\u00e9es, ou plut\u00f4t nettoy\u00e9es,<br \/>\npurg\u00e9es, r\u00e9\u00e9quip\u00e9es et s\u00e9curis\u00e9es (gr\u00e2ce au financement de la Communaut\u00e9 de<br \/>\ncommunes de Vitteaux). Une aire de camping a m\u00eame \u00e9t\u00e9 am\u00e9nag\u00e9e en contrebas du<br \/>\nparking, ainsi qu\u2019un acc\u00e8s pour les personnes \u00e0 mobilit\u00e9 r\u00e9duite sur le haut<br \/>\nde la falaise.<\/p>\n<p>Un topo de 56 pages illustr\u00e9es<\/p>\n<p>N&#8217;oublions pas que la vente des topos finance l&#8217;\u00e9quipement et l&#8217;entretien des<br \/>\nfalaises!<\/p>","protected":false},"excerpt":{"rendered":"<p>Topo de Saffres Ouvrage r\u00e9alis\u00e9 par Philippe Ducrot et Olivier Juaneda. Le nouveau topo de Saffres, dans la lign\u00e9e des pr\u00e9c\u00e9dents mais &#171;relook\u00e9&#187; : photos, dessins des secteurs de la falaise. En parall\u00e8le \u00e0 l&#8217;\u00e9dition du topo, une campagne de v\u00e9rification de la falaise a \u00e9t\u00e9 effectu\u00e9e : remplacement des moulinoxs vieillissants, test des points, [&#8230;]\n","protected":false},"featured_media":32990,"template":"","meta":[],"product_brand":[],"product_cat":[21539],"product_tag":[],"class_list":{"0":"post-149855","1":"product","2":"type-product","3":"status-publish","4":"has-post-thumbnail","6":"product_cat-fuehrerliteratur-sportklettern-bouldern","7":"pa_autor-ducrot-juaneda","8":"pa_erscheinungsjahr-21842","9":"pa_region-frankreich","10":"pa_sprache-fr","12":"first","13":"instock","14":"taxable","15":"shipping-taxable","16":"purchasable","17":"product-type-simple"},"_links":{"self":[{"href":"https:\/\/pizbube.ch\/en\/wp-json\/wp\/v2\/product\/149855","targetHints":{"allow":["GET"]}}],"collection":[{"href":"https:\/\/pizbube.ch\/en\/wp-json\/wp\/v2\/product"}],"about":[{"href":"https:\/\/pizbube.ch\/en\/wp-json\/wp\/v2\/types\/product"}],"wp:featuredmedia":[{"embeddable":true,"href":"https:\/\/pizbube.ch\/en\/wp-json\/wp\/v2\/media\/32990"}],"wp:attachment":[{"href":"https:\/\/pizbube.ch\/en\/wp-json\/wp\/v2\/media?parent=149855"}],"wp:term":[{"taxonomy":"product_brand","embeddable":true,"href":"https:\/\/pizbube.ch\/en\/wp-json\/wp\/v2\/product_brand?post=149855"},{"taxonomy":"product_cat","embeddable":true,"href":"https:\/\/pizbube.ch\/en\/wp-json\/wp\/v2\/product_cat?post=149855"},{"taxonomy":"product_tag","embeddable":true,"href":"https:\/\/pizbube.ch\/en\/wp-json\/wp\/v2\/product_tag?post=149855"}],"curies":[{"name":"wp","href":"https:\/\/api.w.org\/{rel}","templated":true}]}}