{"id":149856,"date":"2021-01-15T11:00:55","date_gmt":"2021-01-15T11:00:55","guid":{"rendered":"https:\/\/codengine3.ch\/?product=import-placeholder-for-207976"},"modified":"2023-06-24T11:06:41","modified_gmt":"2023-06-24T09:06:41","slug":"escalade-en-perigord","status":"publish","type":"product","link":"https:\/\/pizbube.ch\/en\/shop\/escalade-en-perigord\/","title":{"rendered":"Escalade en P\u00e9rigord"},"content":{"rendered":"<p>Kletterf\u00fchrer der Region Aquitaine \/ Dorgogne, \u00f6stlich von Bordeaux<br \/>\nTopo des sites naturels d`escalade de Dordogne.<\/p>\n<p>On peut visiter le P\u00e9rigord pour son patrimoine historique inestimable.<br \/>\nQuelque soit l`\u00e9poque qui les int\u00e9resse, de la Pr\u00e9histoire (grotte de Lascaux<br \/>\n&#8230;) au Moyen-\u00c2ge (nombreux ch\u00e2teaux, abbayes, \u00e9glises, guerre de cent ans<br \/>\n&#8230;), tous les amateurs d`histoire seront combl\u00e9s par cette r\u00e9gion qui poss\u00e8de<br \/>\nles t\u00e9moignages de 20.000 ans de l`histoire de l`Homme !<br \/>\nLa r\u00e9gion autour de P\u00e9rigueux est \u00e9galement attrayante pour sa richesse<br \/>\nculinaire \u00e0 base de foie gras, de truffes &#8230; le tout arros\u00e9 avec les cuv\u00e9es<br \/>\nBergerac de renom (Montbazillac, P\u00e9charmant &#8230;). Sa gastronomie g\u00e9n\u00e9reuse<br \/>\nattire les \u00e9picuriens du monde entier \ud83d\ude42<\/p>\n<p>Et l`escalade dans tout \u00e7a ?<\/p>\n<p>Oui \u00e7a grimpe aussi dans le P\u00e9rigord ! D`ailleurs tout le monde (ou presque) a<br \/>\nd\u00e9j\u00e0 entendu parl\u00e9 de la falaise du C\u00e9ou. Ce site de caract\u00e8re a connu son<br \/>\nheure de gloire et les assauts des meilleurs grimpeurs dans les ann\u00e9es 80.<br \/>\nMais l`escalade p\u00e9rigordine s`est bien d\u00e9velopp\u00e9e et elle compte aujourd`hui<br \/>\n18 sites d`escalade. De la falaise, du bloc, il y a de quoi rassasier tout le<br \/>\nmonde ! En plus, tous ces sites sont compil\u00e9s dans le superbe topo &#171;Escalade<br \/>\nen P\u00e9rigord&#187; que vient de publier Matthieu Mercier il y a quelques mois \u00e0<br \/>\npeine.<\/p>\n<p>Alors pourquoi ne pas profiter des cong\u00e9s pris cet \u00e9t\u00e9 pour organiser un trip<br \/>\nculturo-grimpo-culinaire dans le P\u00e9rigord ?<\/p>","protected":false},"excerpt":{"rendered":"<ul>\n<li><a href=\"https:\/\/pizbube.ch\/wp-content\/uploads\/attachments\/a_003\/27073BA9ED39FA9F3CD78E9638324D3D.pdf\" target=\"_blank\" rel=\"noopener\">PDF: Leseprobe Perigord<\/a><\/li>\n<\/ul>","protected":false},"featured_media":167806,"template":"","meta":[],"product_brand":[],"product_cat":[21539],"product_tag":[],"class_list":{"0":"post-149856","1":"product","2":"type-product","3":"status-publish","4":"has-post-thumbnail","6":"product_cat-fuehrerliteratur-sportklettern-bouldern","7":"pa_autor-mercier","8":"pa_erscheinungsjahr-21610","9":"pa_region-frankreich","10":"pa_sprache-fr","12":"first","13":"instock","14":"taxable","15":"shipping-taxable","16":"purchasable","17":"product-type-simple"},"_links":{"self":[{"href":"https:\/\/pizbube.ch\/en\/wp-json\/wp\/v2\/product\/149856","targetHints":{"allow":["GET"]}}],"collection":[{"href":"https:\/\/pizbube.ch\/en\/wp-json\/wp\/v2\/product"}],"about":[{"href":"https:\/\/pizbube.ch\/en\/wp-json\/wp\/v2\/types\/product"}],"wp:featuredmedia":[{"embeddable":true,"href":"https:\/\/pizbube.ch\/en\/wp-json\/wp\/v2\/media\/167806"}],"wp:attachment":[{"href":"https:\/\/pizbube.ch\/en\/wp-json\/wp\/v2\/media?parent=149856"}],"wp:term":[{"taxonomy":"product_brand","embeddable":true,"href":"https:\/\/pizbube.ch\/en\/wp-json\/wp\/v2\/product_brand?post=149856"},{"taxonomy":"product_cat","embeddable":true,"href":"https:\/\/pizbube.ch\/en\/wp-json\/wp\/v2\/product_cat?post=149856"},{"taxonomy":"product_tag","embeddable":true,"href":"https:\/\/pizbube.ch\/en\/wp-json\/wp\/v2\/product_tag?post=149856"}],"curies":[{"name":"wp","href":"https:\/\/api.w.org\/{rel}","templated":true}]}}