{"id":149866,"date":"2021-01-15T11:00:56","date_gmt":"2021-01-15T11:00:56","guid":{"rendered":"https:\/\/codengine3.ch\/?product=import-placeholder-for-207676"},"modified":"2021-01-15T16:05:52","modified_gmt":"2021-01-15T16:05:52","slug":"bergwanderparadies-vinschgau","status":"publish","type":"product","link":"https:\/\/pizbube.ch\/en\/shop\/bergwanderparadies-vinschgau\/","title":{"rendered":"Bergwanderparadies Vinschgau"},"content":{"rendered":"<p>Bergtouren und Wanderungen von Rabland bis zum Reschenpass<\/p>\n<p>Dieser Gebietsf\u00fchrer umfasst Wanderungen, aber auch Bergtouren im gesamten<br \/>\nVinschgau von Naturns bis zum Reschenpass.<br \/>\nDie Routen beginnen bei einer Bew\u00e4ltigung von 700 H\u00f6henmetern, setzen also<br \/>\neine bestimmte Grundkondition voraus.<br \/>\nOb gem\u00fctlicheres Wandern entlangvon Almen und H\u00fctten oder anspruchsvolle<br \/>\nGipfeltouren, es ist f\u00fcr jeden etwas dabei!<\/p>\n<p>Jede Tour wird vorgestellt mit technischen Details, Anfahrt, ausf\u00fchrlicher<br \/>\nWegbeschreibung, einer topographischen Wanderkarte, Farbfotos und einem QR-<br \/>\nCode, der zu jeder Tour eine Video-Bilder-Sequenz aufzeigt.<\/p>\n<p>144 Seiten  <\/p>","protected":false},"excerpt":{"rendered":"<p>Bergtouren und Wanderungen von Rabland bis zum Reschenpass Dieser Gebietsf\u00fchrer umfasst Wanderungen, aber auch Bergtouren im gesamten Vinschgau von Naturns bis zum Reschenpass. Die Routen beginnen bei einer Bew\u00e4ltigung von 700 H\u00f6henmetern, setzen also eine bestimmte Grundkondition voraus. Ob gem\u00fctlicheres Wandern entlangvon Almen und H\u00fctten oder anspruchsvolle Gipfeltouren, es ist f\u00fcr jeden etwas dabei! Jede [&#8230;]\n","protected":false},"featured_media":38145,"template":"","meta":[],"product_brand":[],"product_cat":[21605],"product_tag":[],"class_list":{"0":"post-149866","1":"product","2":"type-product","3":"status-publish","4":"has-post-thumbnail","6":"product_cat-wanderfuehrer-trekking","7":"pa_autor-walder","8":"pa_erscheinungsjahr-21550","9":"pa_region-italien","10":"pa_sprache-de","12":"first","13":"instock","14":"taxable","15":"shipping-taxable","16":"purchasable","17":"product-type-simple"},"_links":{"self":[{"href":"https:\/\/pizbube.ch\/en\/wp-json\/wp\/v2\/product\/149866","targetHints":{"allow":["GET"]}}],"collection":[{"href":"https:\/\/pizbube.ch\/en\/wp-json\/wp\/v2\/product"}],"about":[{"href":"https:\/\/pizbube.ch\/en\/wp-json\/wp\/v2\/types\/product"}],"wp:featuredmedia":[{"embeddable":true,"href":"https:\/\/pizbube.ch\/en\/wp-json\/wp\/v2\/media\/38145"}],"wp:attachment":[{"href":"https:\/\/pizbube.ch\/en\/wp-json\/wp\/v2\/media?parent=149866"}],"wp:term":[{"taxonomy":"product_brand","embeddable":true,"href":"https:\/\/pizbube.ch\/en\/wp-json\/wp\/v2\/product_brand?post=149866"},{"taxonomy":"product_cat","embeddable":true,"href":"https:\/\/pizbube.ch\/en\/wp-json\/wp\/v2\/product_cat?post=149866"},{"taxonomy":"product_tag","embeddable":true,"href":"https:\/\/pizbube.ch\/en\/wp-json\/wp\/v2\/product_tag?post=149866"}],"curies":[{"name":"wp","href":"https:\/\/api.w.org\/{rel}","templated":true}]}}