{"id":149867,"date":"2021-01-15T11:00:56","date_gmt":"2021-01-15T11:00:56","guid":{"rendered":"https:\/\/codengine3.ch\/?product=import-placeholder-for-202078"},"modified":"2021-09-30T08:59:12","modified_gmt":"2021-09-30T06:59:12","slug":"ign-top-100-1-100000","status":"publish","type":"product","link":"https:\/\/pizbube.ch\/en\/shop\/ign-top-100-1-100000\/","title":{"rendered":"IGN TOP 100 &#8211; 1: 100&#8217;000"},"content":{"rendered":"<p>\u00dcbersichtskarten mit touriostischen Informationen (bitte Blattnummer angeben!)<\/p>\n<p>Une nouvelle version de la S\u00e9rie Verte pour d\u00e9couvrir les richesses<br \/>\nculturelles d&#8217;un pays et pratiquer les activit\u00e9s de pleine nature (promenade<br \/>\net randonn\u00e9e \u00e0 v\u00e9lo ou VTT), pendant les vacances ou lors d&#8217;un week-end.<\/p>","protected":false},"excerpt":{"rendered":"<p>\u00dcbersichtskarten mit touriostischen Informationen (bitte Blattnummer angeben!) Une nouvelle version de la S\u00e9rie Verte pour d\u00e9couvrir les richesses culturelles d&#8217;un pays et pratiquer les activit\u00e9s de pleine nature (promenade et randonn\u00e9e \u00e0 v\u00e9lo ou VTT), pendant les vacances ou lors d&#8217;un week-end.<\/p>","protected":false},"featured_media":29461,"template":"","meta":[],"product_brand":[],"product_cat":[21543],"product_tag":[],"class_list":{"0":"post-149867","1":"product","2":"type-product","3":"status-publish","4":"has-post-thumbnail","6":"product_cat-landkarten","7":"pa_autor-ign","8":"pa_region-frankreich","9":"pa_sprache-d","10":"pa_sprache-e","11":"pa_sprache-f","13":"first","14":"instock","15":"taxable","16":"shipping-taxable","17":"purchasable","18":"product-type-simple"},"_links":{"self":[{"href":"https:\/\/pizbube.ch\/en\/wp-json\/wp\/v2\/product\/149867","targetHints":{"allow":["GET"]}}],"collection":[{"href":"https:\/\/pizbube.ch\/en\/wp-json\/wp\/v2\/product"}],"about":[{"href":"https:\/\/pizbube.ch\/en\/wp-json\/wp\/v2\/types\/product"}],"wp:featuredmedia":[{"embeddable":true,"href":"https:\/\/pizbube.ch\/en\/wp-json\/wp\/v2\/media\/29461"}],"wp:attachment":[{"href":"https:\/\/pizbube.ch\/en\/wp-json\/wp\/v2\/media?parent=149867"}],"wp:term":[{"taxonomy":"product_brand","embeddable":true,"href":"https:\/\/pizbube.ch\/en\/wp-json\/wp\/v2\/product_brand?post=149867"},{"taxonomy":"product_cat","embeddable":true,"href":"https:\/\/pizbube.ch\/en\/wp-json\/wp\/v2\/product_cat?post=149867"},{"taxonomy":"product_tag","embeddable":true,"href":"https:\/\/pizbube.ch\/en\/wp-json\/wp\/v2\/product_tag?post=149867"}],"curies":[{"name":"wp","href":"https:\/\/api.w.org\/{rel}","templated":true}]}}