{"id":149868,"date":"2021-01-15T11:00:56","date_gmt":"2021-01-15T11:00:56","guid":{"rendered":"https:\/\/codengine3.ch\/?product=import-placeholder-for-204046"},"modified":"2023-07-28T09:14:37","modified_gmt":"2023-07-28T07:14:37","slug":"alpinisme-plaisir-dans-le-massif-du-mont-blanc-neige-et-mixte","status":"publish","type":"product","link":"https:\/\/pizbube.ch\/en\/shop\/alpinisme-plaisir-dans-le-massif-du-mont-blanc-neige-et-mixte\/","title":{"rendered":"Alpinisme plaisir dans le massif du Mont-Blanc neige et mixte"},"content":{"rendered":"<p>Une s\u00e9lection de 21 courses classiques pour le plus grand nombre par deux<br \/>\nsp\u00e9cialistes du massif.<\/p>\n<p>Comment s&#8217;y retrouver parmi les centaines d&#8217;itin\u00e9raires qui ont forg\u00e9 la<br \/>\nr\u00e9putation du massif du Mont-Blanc ? Dans cet ouvrage, deux des meilleurs<br \/>\nsp\u00e9cialistes du sujet nous pr\u00e9sentent les courses dont les noms reviennent<br \/>\navec \u00e9vidence d&#8217;ann\u00e9e en ann\u00e9e, celles qui m\u00e9ritent le label \u00abclassique\u00bb.<\/p>\n<p>Les crit\u00e8res de s\u00e9lection sont simples : beaut\u00e9, esth\u00e9tique du trac\u00e9, int\u00e9r\u00eat<br \/>\ntechnique, en terrain neige, glace et mixte, avec le souci de s&#8217;adresser au<br \/>\nplus grand nombre.<\/p>\n<p>Les descriptions sont soign\u00e9es, compl\u00e9t\u00e9es par une pr\u00e9sentation des refuges<br \/>\navec leurs coordonn\u00e9es GPS, illustr\u00e9es de photographies suggestives et de<br \/>\ncroquis d&#8217;une grande pr\u00e9cision.<\/p>\n<p>C&#8217;est aussi l&#8217;occasion de faire le point sur les modifications affectant les<br \/>\nitin\u00e9raires, cons\u00e9quence du r\u00e9chauffement climatique.<\/p>","protected":false},"excerpt":{"rendered":"<p>Une s\u00e9lection de 21 courses classiques pour le plus grand nombre par deux sp\u00e9cialistes du massif. Comment s&#8217;y retrouver parmi les centaines d&#8217;itin\u00e9raires qui ont forg\u00e9 la r\u00e9putation du massif du Mont-Blanc ? Dans cet ouvrage, deux des meilleurs sp\u00e9cialistes du sujet nous pr\u00e9sentent les courses dont les noms reviennent avec \u00e9vidence d&#8217;ann\u00e9e en ann\u00e9e, [&#8230;]\n","protected":false},"featured_media":168800,"template":"","meta":[],"product_brand":[],"product_cat":[21544],"product_tag":[],"class_list":{"0":"post-149868","1":"product","2":"type-product","3":"status-publish","4":"has-post-thumbnail","6":"product_cat-fuehrerliteratur-alpin-sommer","7":"pa_autor-laroche-lelong","8":"pa_erscheinungsjahr-21586","9":"pa_region-frankreich","10":"pa_sprache-fr","12":"first","13":"instock","14":"taxable","15":"shipping-taxable","16":"purchasable","17":"product-type-simple"},"_links":{"self":[{"href":"https:\/\/pizbube.ch\/en\/wp-json\/wp\/v2\/product\/149868","targetHints":{"allow":["GET"]}}],"collection":[{"href":"https:\/\/pizbube.ch\/en\/wp-json\/wp\/v2\/product"}],"about":[{"href":"https:\/\/pizbube.ch\/en\/wp-json\/wp\/v2\/types\/product"}],"wp:featuredmedia":[{"embeddable":true,"href":"https:\/\/pizbube.ch\/en\/wp-json\/wp\/v2\/media\/168800"}],"wp:attachment":[{"href":"https:\/\/pizbube.ch\/en\/wp-json\/wp\/v2\/media?parent=149868"}],"wp:term":[{"taxonomy":"product_brand","embeddable":true,"href":"https:\/\/pizbube.ch\/en\/wp-json\/wp\/v2\/product_brand?post=149868"},{"taxonomy":"product_cat","embeddable":true,"href":"https:\/\/pizbube.ch\/en\/wp-json\/wp\/v2\/product_cat?post=149868"},{"taxonomy":"product_tag","embeddable":true,"href":"https:\/\/pizbube.ch\/en\/wp-json\/wp\/v2\/product_tag?post=149868"}],"curies":[{"name":"wp","href":"https:\/\/api.w.org\/{rel}","templated":true}]}}