{"id":149869,"date":"2021-01-15T11:00:56","date_gmt":"2021-01-15T11:00:56","guid":{"rendered":"https:\/\/codengine3.ch\/?product=import-placeholder-for-202895"},"modified":"2021-01-15T12:40:15","modified_gmt":"2021-01-15T12:40:15","slug":"chambeyron-val-maira-no-7","status":"publish","type":"product","link":"https:\/\/pizbube.ch\/en\/shop\/chambeyron-val-maira-no-7\/","title":{"rendered":"Chambeyron Val Maira No. 7"},"content":{"rendered":"<p>Alpen ohne Grenzen \/ Alps without frontiers No.7: Wanderweg vom Genfersee bis<br \/>\nans Mittelmeer, immer entlang der Italienisch\/ Franz\u00f6sichen Grenze. Kurzf\u00fchrer<br \/>\nmit allen Infos und Landkarte im Massstab 1: 25 000 (Top-IGN Qualit\u00e4t und gute<br \/>\nZusammenschnitte!)<br \/>\nBlatt\u00fcbersicht s. Abbildung;  <\/p>","protected":false},"excerpt":{"rendered":"<p>Alpen ohne Grenzen \/ Alps without frontiers No.7: Wanderweg vom Genfersee bis ans Mittelmeer, immer entlang der Italienisch\/ Franz\u00f6sichen Grenze. Kurzf\u00fchrer mit allen Infos und Landkarte im Massstab 1: 25 000 (Top-IGN Qualit\u00e4t und gute Zusammenschnitte!) Blatt\u00fcbersicht s. Abbildung;<\/p>","protected":false},"featured_media":30369,"template":"","meta":[],"product_brand":[],"product_cat":[21543],"product_tag":[],"class_list":{"0":"post-149869","1":"product","2":"type-product","3":"status-publish","4":"has-post-thumbnail","6":"product_cat-landkarten","7":"pa_autor-ign","8":"pa_erscheinungsjahr-22144","9":"pa_region-italien","10":"pa_sprache-fr-it","12":"first","13":"outofstock","14":"taxable","15":"shipping-taxable","16":"purchasable","17":"product-type-simple"},"_links":{"self":[{"href":"https:\/\/pizbube.ch\/en\/wp-json\/wp\/v2\/product\/149869","targetHints":{"allow":["GET"]}}],"collection":[{"href":"https:\/\/pizbube.ch\/en\/wp-json\/wp\/v2\/product"}],"about":[{"href":"https:\/\/pizbube.ch\/en\/wp-json\/wp\/v2\/types\/product"}],"wp:featuredmedia":[{"embeddable":true,"href":"https:\/\/pizbube.ch\/en\/wp-json\/wp\/v2\/media\/30369"}],"wp:attachment":[{"href":"https:\/\/pizbube.ch\/en\/wp-json\/wp\/v2\/media?parent=149869"}],"wp:term":[{"taxonomy":"product_brand","embeddable":true,"href":"https:\/\/pizbube.ch\/en\/wp-json\/wp\/v2\/product_brand?post=149869"},{"taxonomy":"product_cat","embeddable":true,"href":"https:\/\/pizbube.ch\/en\/wp-json\/wp\/v2\/product_cat?post=149869"},{"taxonomy":"product_tag","embeddable":true,"href":"https:\/\/pizbube.ch\/en\/wp-json\/wp\/v2\/product_tag?post=149869"}],"curies":[{"name":"wp","href":"https:\/\/api.w.org\/{rel}","templated":true}]}}