{"id":149872,"date":"2021-01-15T11:00:56","date_gmt":"2021-01-15T11:00:56","guid":{"rendered":"https:\/\/codengine3.ch\/?product=import-placeholder-for-204187"},"modified":"2021-01-15T14:30:42","modified_gmt":"2021-01-15T14:30:42","slug":"50-exercices-specifiques","status":"publish","type":"product","link":"https:\/\/pizbube.ch\/en\/shop\/50-exercices-specifiques\/","title":{"rendered":"50 exercices sp\u00e9cifiques"},"content":{"rendered":"<p>Cahier technique de l&#8216; entrainement: L&#8217;entra\u00eenement en escalade est un sujet<br \/>\nen perp\u00e9tuelle \u00e9volution. Ces 50 exercices sp\u00e9cifiques sont le premier tome<br \/>\nd&#8217;une s\u00e9rie de publications abordant les diff\u00e9rentes probl\u00e9matiques de<br \/>\nl&#8217;entra\u00eenement. Vous y trouverez un recueil d&#8217;exercices concrets et facilement<br \/>\nadaptables aux diff\u00e9rentes situations d&#8217;entra\u00eenement.  <\/p>","protected":false},"excerpt":{"rendered":"<p>Cahier technique de l&#8216; entrainement: L&#8217;entra\u00eenement en escalade est un sujet en perp\u00e9tuelle \u00e9volution. Ces 50 exercices sp\u00e9cifiques sont le premier tome d&#8217;une s\u00e9rie de publications abordant les diff\u00e9rentes probl\u00e9matiques de l&#8217;entra\u00eenement. Vous y trouverez un recueil d&#8217;exercices concrets et facilement adaptables aux diff\u00e9rentes situations d&#8217;entra\u00eenement.<\/p>","protected":false},"featured_media":31972,"template":"","meta":[],"product_brand":[],"product_cat":[21538],"product_tag":[],"class_list":{"0":"post-149872","1":"product","2":"type-product","3":"status-publish","4":"has-post-thumbnail","6":"product_cat-lehrbuecher","7":"pa_autor-ffme","8":"pa_erscheinungsjahr-22292","9":"pa_region-klettertechnik","10":"pa_sprache-fr","12":"first","13":"instock","14":"taxable","15":"shipping-taxable","16":"purchasable","17":"product-type-simple"},"_links":{"self":[{"href":"https:\/\/pizbube.ch\/en\/wp-json\/wp\/v2\/product\/149872","targetHints":{"allow":["GET"]}}],"collection":[{"href":"https:\/\/pizbube.ch\/en\/wp-json\/wp\/v2\/product"}],"about":[{"href":"https:\/\/pizbube.ch\/en\/wp-json\/wp\/v2\/types\/product"}],"wp:featuredmedia":[{"embeddable":true,"href":"https:\/\/pizbube.ch\/en\/wp-json\/wp\/v2\/media\/31972"}],"wp:attachment":[{"href":"https:\/\/pizbube.ch\/en\/wp-json\/wp\/v2\/media?parent=149872"}],"wp:term":[{"taxonomy":"product_brand","embeddable":true,"href":"https:\/\/pizbube.ch\/en\/wp-json\/wp\/v2\/product_brand?post=149872"},{"taxonomy":"product_cat","embeddable":true,"href":"https:\/\/pizbube.ch\/en\/wp-json\/wp\/v2\/product_cat?post=149872"},{"taxonomy":"product_tag","embeddable":true,"href":"https:\/\/pizbube.ch\/en\/wp-json\/wp\/v2\/product_tag?post=149872"}],"curies":[{"name":"wp","href":"https:\/\/api.w.org\/{rel}","templated":true}]}}