{"id":149873,"date":"2021-01-15T11:00:56","date_gmt":"2021-01-15T11:00:56","guid":{"rendered":"https:\/\/codengine3.ch\/?product=import-placeholder-for-205047"},"modified":"2021-01-15T14:38:18","modified_gmt":"2021-01-15T14:38:18","slug":"klettern-und-bergwandern","status":"publish","type":"product","link":"https:\/\/pizbube.ch\/en\/shop\/klettern-und-bergwandern\/","title":{"rendered":"Klettern und Bergwandern"},"content":{"rendered":"<p>Das Buch zeigt inhaltlich eine praktisch wie theoretisch orientierte<br \/>\nZugehensweise auf zwei natursportlich begr\u00fcndete Bet\u00e4tigungsfelder auf, die im<br \/>\nBereich der F\u00f6rderung geistig behinderter Kinder und Jugendlicher bisher eine<br \/>\neher untergeordnete Rolle spielten.  <\/p>\n<p>Im ersten Teil des Buches werden das Klettern und das Bergwandern auf<br \/>\nspezifische technische und technomotorische Merkmale hin analysiert. Der<br \/>\nzweite Teil umrei\u00dft die Zielgruppe aus dem Blickwinkel unterschiedlichster<br \/>\nwissenschaftlicher Disziplinen, w\u00e4hrend im nachfolgenden Kapitel \u00fcber<br \/>\ngesammelte fotografische Momentaufnahmen das Interesse f\u00fcr die sport- und<br \/>\nerlebnisp\u00e4dagogischen Fundierungen zur Entwicklung einer umsetzbaren Methodik<br \/>\ngeweckt werden soll. Der abschlie\u00dfende Teil des Bandes orientiert sich dann<br \/>\nvoll und ganz an den Erfahrungen aus der Praxis, \u00fcber die sich wiederum<br \/>\nAbleitungen in weitere p\u00e4dagogische Felder ziehen lassen. Zudem werden dem<br \/>\nPraktiker konkrete Vorschl\u00e4ge zu Spielm\u00f6glichkeiten, Umsetzungen, Reflekti<br \/>\nonssequenzen und Checklisten an die Hand gegeben. Um ein zus\u00e4tzliches Ma\u00df an<br \/>\nAuthentizit\u00e4t zu schaffen, kommen an vielen Stellen Teilnehmer \u00fcber Zitate zu<br \/>\nWort.  <\/p>","protected":false},"excerpt":{"rendered":"<p>Das Buch zeigt inhaltlich eine praktisch wie theoretisch orientierte Zugehensweise auf zwei natursportlich begr\u00fcndete Bet\u00e4tigungsfelder auf, die im Bereich der F\u00f6rderung geistig behinderter Kinder und Jugendlicher bisher eine eher untergeordnete Rolle spielten. Im ersten Teil des Buches werden das Klettern und das Bergwandern auf spezifische technische und technomotorische Merkmale hin analysiert. Der zweite Teil umrei\u00dft [&#8230;]\n","protected":false},"featured_media":33639,"template":"","meta":[],"product_brand":[],"product_cat":[21538],"product_tag":[],"class_list":{"0":"post-149873","1":"product","2":"type-product","3":"status-publish","4":"has-post-thumbnail","6":"product_cat-lehrbuecher","7":"pa_autor-boeker","8":"pa_erscheinungsjahr-21920","9":"pa_region-klettertechnik","10":"pa_sprache-de","12":"first","13":"instock","14":"taxable","15":"shipping-taxable","16":"purchasable","17":"product-type-simple"},"_links":{"self":[{"href":"https:\/\/pizbube.ch\/en\/wp-json\/wp\/v2\/product\/149873","targetHints":{"allow":["GET"]}}],"collection":[{"href":"https:\/\/pizbube.ch\/en\/wp-json\/wp\/v2\/product"}],"about":[{"href":"https:\/\/pizbube.ch\/en\/wp-json\/wp\/v2\/types\/product"}],"wp:featuredmedia":[{"embeddable":true,"href":"https:\/\/pizbube.ch\/en\/wp-json\/wp\/v2\/media\/33639"}],"wp:attachment":[{"href":"https:\/\/pizbube.ch\/en\/wp-json\/wp\/v2\/media?parent=149873"}],"wp:term":[{"taxonomy":"product_brand","embeddable":true,"href":"https:\/\/pizbube.ch\/en\/wp-json\/wp\/v2\/product_brand?post=149873"},{"taxonomy":"product_cat","embeddable":true,"href":"https:\/\/pizbube.ch\/en\/wp-json\/wp\/v2\/product_cat?post=149873"},{"taxonomy":"product_tag","embeddable":true,"href":"https:\/\/pizbube.ch\/en\/wp-json\/wp\/v2\/product_tag?post=149873"}],"curies":[{"name":"wp","href":"https:\/\/api.w.org\/{rel}","templated":true}]}}