{"id":149875,"date":"2021-01-15T11:00:56","date_gmt":"2021-01-15T11:00:56","guid":{"rendered":"https:\/\/codengine3.ch\/?product=import-placeholder-for-204019"},"modified":"2021-01-15T14:28:55","modified_gmt":"2021-01-15T14:28:55","slug":"klettern-aber-sicher","status":"publish","type":"product","link":"https:\/\/pizbube.ch\/en\/shop\/klettern-aber-sicher\/","title":{"rendered":"Klettern &#8211; aber sicher!"},"content":{"rendered":"<p>Basiswissen zum Sportklettern und Bouldern: Braun beschreibt die Faszination<br \/>\ndes Kletterns und gibt zahlreiche praktische Tipps f\u00fcr die Disziplinen, bei<br \/>\ndenen auch Anf\u00e4nger schnell Erfolge erzielen k\u00f6nnen: Das Sportklettern, das in<br \/>\nKletterg\u00e4rten an nat\u00fcrlichen oder k\u00fcnstlichen Kletterw\u00e4nden oder in<br \/>\nSporthallen erlernt werden kann und das Bouldern, das derzeit voll im Trend<br \/>\nliegt: Klettern ohne Seil und Sicherung an niedrigen Felsw\u00e4nden. In diesem<br \/>\nBuch \u00fcber die Grundlagen des Kletterns spielen ferner die neuesten<br \/>\nErkenntnisse der Sicherheitsforschung sowie Risikoeinsch\u00e4tzung und das<br \/>\nVerhindern typischer Fehler eine zentrale Rolle.<\/p>","protected":false},"excerpt":{"rendered":"<p>Basiswissen zum Sportklettern und Bouldern: Braun beschreibt die Faszination des Kletterns und gibt zahlreiche praktische Tipps f\u00fcr die Disziplinen, bei denen auch Anf\u00e4nger schnell Erfolge erzielen k\u00f6nnen: Das Sportklettern, das in Kletterg\u00e4rten an nat\u00fcrlichen oder k\u00fcnstlichen Kletterw\u00e4nden oder in Sporthallen erlernt werden kann und das Bouldern, das derzeit voll im Trend liegt: Klettern ohne Seil [&#8230;]\n","protected":false},"featured_media":31750,"template":"","meta":[],"product_brand":[],"product_cat":[21538],"product_tag":[],"class_list":{"0":"post-149875","1":"product","2":"type-product","3":"status-publish","4":"has-post-thumbnail","6":"product_cat-lehrbuecher","7":"pa_autor-braun-heidorn","8":"pa_erscheinungsjahr-21763","9":"pa_region-klettertechnik","10":"pa_sprache-de","12":"first","13":"instock","14":"taxable","15":"shipping-taxable","16":"purchasable","17":"product-type-simple"},"_links":{"self":[{"href":"https:\/\/pizbube.ch\/en\/wp-json\/wp\/v2\/product\/149875","targetHints":{"allow":["GET"]}}],"collection":[{"href":"https:\/\/pizbube.ch\/en\/wp-json\/wp\/v2\/product"}],"about":[{"href":"https:\/\/pizbube.ch\/en\/wp-json\/wp\/v2\/types\/product"}],"wp:featuredmedia":[{"embeddable":true,"href":"https:\/\/pizbube.ch\/en\/wp-json\/wp\/v2\/media\/31750"}],"wp:attachment":[{"href":"https:\/\/pizbube.ch\/en\/wp-json\/wp\/v2\/media?parent=149875"}],"wp:term":[{"taxonomy":"product_brand","embeddable":true,"href":"https:\/\/pizbube.ch\/en\/wp-json\/wp\/v2\/product_brand?post=149875"},{"taxonomy":"product_cat","embeddable":true,"href":"https:\/\/pizbube.ch\/en\/wp-json\/wp\/v2\/product_cat?post=149875"},{"taxonomy":"product_tag","embeddable":true,"href":"https:\/\/pizbube.ch\/en\/wp-json\/wp\/v2\/product_tag?post=149875"}],"curies":[{"name":"wp","href":"https:\/\/api.w.org\/{rel}","templated":true}]}}