{"id":149880,"date":"2021-01-15T11:00:56","date_gmt":"2021-01-15T11:00:56","guid":{"rendered":"https:\/\/codengine3.ch\/?product=import-placeholder-for-201532"},"modified":"2021-01-15T12:02:25","modified_gmt":"2021-01-15T12:02:25","slug":"klettern-an-der-boulderwand","status":"publish","type":"product","link":"https:\/\/pizbube.ch\/en\/shop\/klettern-an-der-boulderwand\/","title":{"rendered":"Klettern an der Boulderwand"},"content":{"rendered":"<p>\u00dcbungen und Spiele f\u00fcr Kinder: Das neue Buch bietet zahlreiche Anregungen f\u00fcr<br \/>\n\u00dcbungen und Spiele mit Kindern und Jugendlichen zwischen 8 und 14 Jahren. Bei<br \/>\nden \u00dcbungen wird das richtige Greifen, Treten sowie die Schulung der Sinne<br \/>\nvermittelt und anhand zahlreicher Fotos dargestellt.  <\/p>\n<p>Die Spiele gliedern sich in: Such- und Merkspiele, Transport- und<br \/>\nGeschicklichkeitsspiele, Fang- und Verfolgungsspiele sowie kombinierte<br \/>\nWettspiele, bei denen die Kinder einzeln oder in Gruppen ihre F\u00e4higkeiten<br \/>\nspielerisch einsetzen und verbessern k\u00f6nnen &#8211; der Spa\u00df am Spiel steht im<br \/>\nVordergrund. Inklusive detaillierter Bauanleitung f\u00fcr eine Boulderwand! (4.<br \/>\nAuflg.)  <\/p>","protected":false},"excerpt":{"rendered":"<p>\u00dcbungen und Spiele f\u00fcr Kinder: Das neue Buch bietet zahlreiche Anregungen f\u00fcr \u00dcbungen und Spiele mit Kindern und Jugendlichen zwischen 8 und 14 Jahren. Bei den \u00dcbungen wird das richtige Greifen, Treten sowie die Schulung der Sinne vermittelt und anhand zahlreicher Fotos dargestellt. Die Spiele gliedern sich in: Such- und Merkspiele, Transport- und Geschicklichkeitsspiele, Fang- [&#8230;]\n","protected":false},"featured_media":28890,"template":"","meta":[],"product_brand":[],"product_cat":[21538],"product_tag":[],"class_list":{"0":"post-149880","1":"product","2":"type-product","3":"status-publish","4":"has-post-thumbnail","6":"product_cat-lehrbuecher","7":"pa_autor-kittsteiner-neumann","8":"pa_erscheinungsjahr-21591","9":"pa_region-klettertechnik","10":"pa_sprache-de","12":"first","13":"instock","14":"taxable","15":"shipping-taxable","16":"purchasable","17":"product-type-simple"},"_links":{"self":[{"href":"https:\/\/pizbube.ch\/en\/wp-json\/wp\/v2\/product\/149880","targetHints":{"allow":["GET"]}}],"collection":[{"href":"https:\/\/pizbube.ch\/en\/wp-json\/wp\/v2\/product"}],"about":[{"href":"https:\/\/pizbube.ch\/en\/wp-json\/wp\/v2\/types\/product"}],"wp:featuredmedia":[{"embeddable":true,"href":"https:\/\/pizbube.ch\/en\/wp-json\/wp\/v2\/media\/28890"}],"wp:attachment":[{"href":"https:\/\/pizbube.ch\/en\/wp-json\/wp\/v2\/media?parent=149880"}],"wp:term":[{"taxonomy":"product_brand","embeddable":true,"href":"https:\/\/pizbube.ch\/en\/wp-json\/wp\/v2\/product_brand?post=149880"},{"taxonomy":"product_cat","embeddable":true,"href":"https:\/\/pizbube.ch\/en\/wp-json\/wp\/v2\/product_cat?post=149880"},{"taxonomy":"product_tag","embeddable":true,"href":"https:\/\/pizbube.ch\/en\/wp-json\/wp\/v2\/product_tag?post=149880"}],"curies":[{"name":"wp","href":"https:\/\/api.w.org\/{rel}","templated":true}]}}