{"id":149883,"date":"2021-01-15T11:01:01","date_gmt":"2021-01-15T11:01:01","guid":{"rendered":"https:\/\/codengine3.ch\/?product=import-placeholder-for-206680"},"modified":"2021-01-15T14:50:47","modified_gmt":"2021-01-15T14:50:47","slug":"mountainbike-sicher-unterwegs-mit-dem-bergrad","status":"publish","type":"product","link":"https:\/\/pizbube.ch\/en\/shop\/mountainbike-sicher-unterwegs-mit-dem-bergrad\/","title":{"rendered":"Mountainbike &#8211; Sicher unterwegs mit dem Bergrad"},"content":{"rendered":"<p>Sicherheitsrelevante Aspekte des Mountainbikens<\/p>\n<p>Mit der vorliegenden Lehrschrift m\u00f6chte der Alpenverein einen Sicherheitsinput<br \/>\nf\u00fcr alle Bergradler anbieten. Aus der SicherAmBerg-Publikationsreihe des<br \/>\nAlpenvereins.  <\/p>\n<p>Anschaulich, pr\u00e4gnant, umfassend und witzig animierend werden praxisrelevante<br \/>\nAspekte des Bergradlfahrens dargestellt und f\u00fcr ein verst\u00e4ndnisvolles<br \/>\nMiteinander pl\u00e4diert werden.<\/p>","protected":false},"excerpt":{"rendered":"<p>Sicherheitsrelevante Aspekte des Mountainbikens Mit der vorliegenden Lehrschrift m\u00f6chte der Alpenverein einen Sicherheitsinput f\u00fcr alle Bergradler anbieten. Aus der SicherAmBerg-Publikationsreihe des Alpenvereins. Anschaulich, pr\u00e4gnant, umfassend und witzig animierend werden praxisrelevante Aspekte des Bergradlfahrens dargestellt und f\u00fcr ein verst\u00e4ndnisvolles Miteinander pl\u00e4diert werden.<\/p>","protected":false},"featured_media":35811,"template":"","meta":[],"product_brand":[],"product_cat":[21538],"product_tag":[],"class_list":{"0":"post-149883","1":"product","2":"type-product","3":"status-publish","4":"has-post-thumbnail","6":"product_cat-lehrbuecher","7":"pa_autor-oeav-2","8":"pa_erscheinungsjahr-21597","9":"pa_region-orientierung-wetter-ausbildung","10":"pa_sprache-de","12":"first","13":"instock","14":"taxable","15":"shipping-taxable","16":"purchasable","17":"product-type-simple"},"_links":{"self":[{"href":"https:\/\/pizbube.ch\/en\/wp-json\/wp\/v2\/product\/149883","targetHints":{"allow":["GET"]}}],"collection":[{"href":"https:\/\/pizbube.ch\/en\/wp-json\/wp\/v2\/product"}],"about":[{"href":"https:\/\/pizbube.ch\/en\/wp-json\/wp\/v2\/types\/product"}],"wp:featuredmedia":[{"embeddable":true,"href":"https:\/\/pizbube.ch\/en\/wp-json\/wp\/v2\/media\/35811"}],"wp:attachment":[{"href":"https:\/\/pizbube.ch\/en\/wp-json\/wp\/v2\/media?parent=149883"}],"wp:term":[{"taxonomy":"product_brand","embeddable":true,"href":"https:\/\/pizbube.ch\/en\/wp-json\/wp\/v2\/product_brand?post=149883"},{"taxonomy":"product_cat","embeddable":true,"href":"https:\/\/pizbube.ch\/en\/wp-json\/wp\/v2\/product_cat?post=149883"},{"taxonomy":"product_tag","embeddable":true,"href":"https:\/\/pizbube.ch\/en\/wp-json\/wp\/v2\/product_tag?post=149883"}],"curies":[{"name":"wp","href":"https:\/\/api.w.org\/{rel}","templated":true}]}}