{"id":149888,"date":"2021-01-15T11:01:02","date_gmt":"2021-01-15T11:01:02","guid":{"rendered":"https:\/\/codengine3.ch\/?product=import-placeholder-for-201735"},"modified":"2021-01-15T12:04:10","modified_gmt":"2021-01-15T12:04:10","slug":"petzi-als-bergsteiger","status":"publish","type":"product","link":"https:\/\/pizbube.ch\/en\/shop\/petzi-als-bergsteiger\/","title":{"rendered":"PETZI als Bergsteiger"},"content":{"rendered":"<p>F\u00fcr den kleinen B\u00e4ren Petzi und seine Freunde ist die Welt ein grosser<br \/>\nSpielplatz&#8230;  <\/p>\n<p>Der ber\u00fchmte kleine B\u00e4r Petzi feierte 1998 ein Jubil\u00e4um: Vor genau 45 Jahren<br \/>\nhatten er und seine Freunde ihren ersten Auftritt in Deutschland in &#8218;Petzi<br \/>\nbaut ein Schiff&#8216;. Das war der Auftakt zu vielen Abenteuern, die er mit Pelle,<br \/>\nPingo, Seeb\u00e4r, Papagei und Schildkr\u00f6te auf vielen Reisen rund um den Erdball<br \/>\nerlebt. Aber er kommt auch immer wieder gerne nach Hause, denn seine Mutter<br \/>\nbackt einfach die besten Pfannkuchen der Welt!  <\/p>","protected":false},"excerpt":{"rendered":"<ul>\n<li><b>INFO: Vergriffen, keine Neuauflage<b><\/li>\n<\/ul>","protected":false},"featured_media":29124,"template":"","meta":[],"product_brand":[],"product_cat":[21881],"product_tag":[],"class_list":{"0":"post-149888","1":"product","2":"type-product","3":"status-publish","4":"has-post-thumbnail","6":"product_cat-comics","7":"pa_autor-hansen","8":"pa_erscheinungsjahr-21610","9":"pa_region-deutschland","10":"pa_sprache-de","12":"first","13":"outofstock","14":"taxable","15":"shipping-taxable","16":"purchasable","17":"product-type-simple"},"_links":{"self":[{"href":"https:\/\/pizbube.ch\/en\/wp-json\/wp\/v2\/product\/149888","targetHints":{"allow":["GET"]}}],"collection":[{"href":"https:\/\/pizbube.ch\/en\/wp-json\/wp\/v2\/product"}],"about":[{"href":"https:\/\/pizbube.ch\/en\/wp-json\/wp\/v2\/types\/product"}],"wp:featuredmedia":[{"embeddable":true,"href":"https:\/\/pizbube.ch\/en\/wp-json\/wp\/v2\/media\/29124"}],"wp:attachment":[{"href":"https:\/\/pizbube.ch\/en\/wp-json\/wp\/v2\/media?parent=149888"}],"wp:term":[{"taxonomy":"product_brand","embeddable":true,"href":"https:\/\/pizbube.ch\/en\/wp-json\/wp\/v2\/product_brand?post=149888"},{"taxonomy":"product_cat","embeddable":true,"href":"https:\/\/pizbube.ch\/en\/wp-json\/wp\/v2\/product_cat?post=149888"},{"taxonomy":"product_tag","embeddable":true,"href":"https:\/\/pizbube.ch\/en\/wp-json\/wp\/v2\/product_tag?post=149888"}],"curies":[{"name":"wp","href":"https:\/\/api.w.org\/{rel}","templated":true}]}}