{"id":149889,"date":"2021-01-15T11:01:02","date_gmt":"2021-01-15T11:01:02","guid":{"rendered":"https:\/\/codengine3.ch\/?product=import-placeholder-for-204540"},"modified":"2021-01-15T14:34:14","modified_gmt":"2021-01-15T14:34:14","slug":"das-grosse-oesterreichische-alpenbuch-fuer-kinder","status":"publish","type":"product","link":"https:\/\/pizbube.ch\/en\/shop\/das-grosse-oesterreichische-alpenbuch-fuer-kinder\/","title":{"rendered":"Das grosse \u00f6sterreichische Alpenbuch f\u00fcr Kinder"},"content":{"rendered":"<p>Geschichte und Geschichten, Natur und Kultur  <\/p>\n<p>Wie entstanden die Alpen?<br \/>\nWie lebte \u00d6tzi und warum kam er ums Leben?<br \/>\nWelche Tiere und Pflanzen gibt es zu entdecken?<br \/>\nUnd wie unterscheidet sich das Leben in den Alpen heute von jenem in fr\u00fcheren<br \/>\nZeiten?  <\/p>\n<p>Das gro\u00dfe \u00f6sterreichische Alpenbuch f\u00fcr Kinder gibt Antworten auf all diese<br \/>\nFragen, stellt die bekanntesten Regionen vom Arlberg \u00fcber das Salzkammergut<br \/>\nbis zu den Wiener Alpen vor und macht Lust, diesen einzigartigen Lebensraum<br \/>\nselbst zu erforschen!<\/p>","protected":false},"excerpt":{"rendered":"<p>Geschichte und Geschichten, Natur und Kultur Wie entstanden die Alpen? Wie lebte \u00d6tzi und warum kam er ums Leben? Welche Tiere und Pflanzen gibt es zu entdecken? Und wie unterscheidet sich das Leben in den Alpen heute von jenem in fr\u00fcheren Zeiten? Das gro\u00dfe \u00f6sterreichische Alpenbuch f\u00fcr Kinder gibt Antworten auf all diese Fragen, stellt [&#8230;]\n","protected":false},"featured_media":32611,"template":"","meta":[],"product_brand":[],"product_cat":[21542],"product_tag":[],"class_list":{"0":"post-149889","1":"product","2":"type-product","3":"status-publish","4":"has-post-thumbnail","6":"product_cat-sachbuecher-dokumentationen","7":"pa_autor-fuernhammer-rivero","8":"pa_erscheinungsjahr-21571","9":"pa_region-oesterreich","10":"pa_sprache-de","12":"first","13":"instock","14":"taxable","15":"shipping-taxable","16":"purchasable","17":"product-type-simple"},"_links":{"self":[{"href":"https:\/\/pizbube.ch\/en\/wp-json\/wp\/v2\/product\/149889","targetHints":{"allow":["GET"]}}],"collection":[{"href":"https:\/\/pizbube.ch\/en\/wp-json\/wp\/v2\/product"}],"about":[{"href":"https:\/\/pizbube.ch\/en\/wp-json\/wp\/v2\/types\/product"}],"wp:featuredmedia":[{"embeddable":true,"href":"https:\/\/pizbube.ch\/en\/wp-json\/wp\/v2\/media\/32611"}],"wp:attachment":[{"href":"https:\/\/pizbube.ch\/en\/wp-json\/wp\/v2\/media?parent=149889"}],"wp:term":[{"taxonomy":"product_brand","embeddable":true,"href":"https:\/\/pizbube.ch\/en\/wp-json\/wp\/v2\/product_brand?post=149889"},{"taxonomy":"product_cat","embeddable":true,"href":"https:\/\/pizbube.ch\/en\/wp-json\/wp\/v2\/product_cat?post=149889"},{"taxonomy":"product_tag","embeddable":true,"href":"https:\/\/pizbube.ch\/en\/wp-json\/wp\/v2\/product_tag?post=149889"}],"curies":[{"name":"wp","href":"https:\/\/api.w.org\/{rel}","templated":true}]}}