{"id":149892,"date":"2021-01-15T11:01:02","date_gmt":"2021-01-15T11:01:02","guid":{"rendered":"https:\/\/codengine3.ch\/?product=import-placeholder-for-200805"},"modified":"2021-01-15T11:01:05","modified_gmt":"2021-01-15T11:01:05","slug":"neve-2-vert-soley","status":"publish","type":"product","link":"https:\/\/pizbube.ch\/en\/shop\/neve-2-vert-soley\/","title":{"rendered":"n\u00e9v\u00e9 2. vert sol\u00e8y"},"content":{"rendered":"<p>n\u00e9v\u00e9`s Spurensuche geht in die Berge von la R\u00e9union<\/p>","protected":false},"excerpt":{"rendered":"<p>n\u00e9v\u00e9`s Spurensuche geht in die Berge von la R\u00e9union<\/p>","protected":false},"featured_media":27879,"template":"","meta":[],"product_brand":[],"product_cat":[21881],"product_tag":[],"class_list":{"0":"post-149892","1":"product","2":"type-product","3":"status-publish","4":"has-post-thumbnail","6":"product_cat-comics","7":"pa_autor-dieter-lepage","8":"pa_erscheinungsjahr-22246","9":"pa_region-frankreich","10":"pa_sprache-fr","12":"first","13":"instock","14":"taxable","15":"shipping-taxable","16":"purchasable","17":"product-type-simple"},"_links":{"self":[{"href":"https:\/\/pizbube.ch\/en\/wp-json\/wp\/v2\/product\/149892","targetHints":{"allow":["GET"]}}],"collection":[{"href":"https:\/\/pizbube.ch\/en\/wp-json\/wp\/v2\/product"}],"about":[{"href":"https:\/\/pizbube.ch\/en\/wp-json\/wp\/v2\/types\/product"}],"wp:featuredmedia":[{"embeddable":true,"href":"https:\/\/pizbube.ch\/en\/wp-json\/wp\/v2\/media\/27879"}],"wp:attachment":[{"href":"https:\/\/pizbube.ch\/en\/wp-json\/wp\/v2\/media?parent=149892"}],"wp:term":[{"taxonomy":"product_brand","embeddable":true,"href":"https:\/\/pizbube.ch\/en\/wp-json\/wp\/v2\/product_brand?post=149892"},{"taxonomy":"product_cat","embeddable":true,"href":"https:\/\/pizbube.ch\/en\/wp-json\/wp\/v2\/product_cat?post=149892"},{"taxonomy":"product_tag","embeddable":true,"href":"https:\/\/pizbube.ch\/en\/wp-json\/wp\/v2\/product_tag?post=149892"}],"curies":[{"name":"wp","href":"https:\/\/api.w.org\/{rel}","templated":true}]}}