{"id":149895,"date":"2021-01-15T11:01:02","date_gmt":"2021-01-15T11:01:02","guid":{"rendered":"https:\/\/codengine3.ch\/?product=import-placeholder-for-200808"},"modified":"2021-01-15T11:01:05","modified_gmt":"2021-01-15T11:01:05","slug":"neve-5-noirs-desirs","status":"publish","type":"product","link":"https:\/\/pizbube.ch\/en\/shop\/neve-5-noirs-desirs\/","title":{"rendered":"n\u00e9v\u00e9 5. noirs d\u00e9sirs"},"content":{"rendered":"<p>Kletterabenteuer um Chamonix<\/p>","protected":false},"excerpt":{"rendered":"<p>Kletterabenteuer um Chamonix<\/p>","protected":false},"featured_media":27882,"template":"","meta":[],"product_brand":[],"product_cat":[21881],"product_tag":[],"class_list":{"0":"post-149895","1":"product","2":"type-product","3":"status-publish","4":"has-post-thumbnail","6":"product_cat-comics","7":"pa_autor-dieter-lepage","8":"pa_erscheinungsjahr-22133","9":"pa_region-frankreich","10":"pa_sprache-fr","12":"first","13":"instock","14":"taxable","15":"shipping-taxable","16":"purchasable","17":"product-type-simple"},"_links":{"self":[{"href":"https:\/\/pizbube.ch\/en\/wp-json\/wp\/v2\/product\/149895","targetHints":{"allow":["GET"]}}],"collection":[{"href":"https:\/\/pizbube.ch\/en\/wp-json\/wp\/v2\/product"}],"about":[{"href":"https:\/\/pizbube.ch\/en\/wp-json\/wp\/v2\/types\/product"}],"wp:featuredmedia":[{"embeddable":true,"href":"https:\/\/pizbube.ch\/en\/wp-json\/wp\/v2\/media\/27882"}],"wp:attachment":[{"href":"https:\/\/pizbube.ch\/en\/wp-json\/wp\/v2\/media?parent=149895"}],"wp:term":[{"taxonomy":"product_brand","embeddable":true,"href":"https:\/\/pizbube.ch\/en\/wp-json\/wp\/v2\/product_brand?post=149895"},{"taxonomy":"product_cat","embeddable":true,"href":"https:\/\/pizbube.ch\/en\/wp-json\/wp\/v2\/product_cat?post=149895"},{"taxonomy":"product_tag","embeddable":true,"href":"https:\/\/pizbube.ch\/en\/wp-json\/wp\/v2\/product_tag?post=149895"}],"curies":[{"name":"wp","href":"https:\/\/api.w.org\/{rel}","templated":true}]}}