{"id":149896,"date":"2021-01-15T11:01:02","date_gmt":"2021-01-15T11:01:02","guid":{"rendered":"https:\/\/codengine3.ch\/?product=import-placeholder-for-200810"},"modified":"2021-06-26T11:11:48","modified_gmt":"2021-06-26T09:11:48","slug":"bockmattli-bruegglerkette-amden","status":"publish","type":"product","link":"https:\/\/pizbube.ch\/en\/shop\/bockmattli-bruegglerkette-amden\/","title":{"rendered":"Bockmattli Br\u00fcgglerkette Amden"},"content":{"rendered":"<p>SAC Kletterf\u00fchrer: Topos von der Gallerie ob Weesen \u00fcber das Schiebenchn\u00f6lli,<br \/>\nVorder Mattstock, den Br\u00fcggler bis ins Bockmattli.<\/p>\n<p>Die Regionen Bockmattli, Br\u00fcgglerkette und Amden mit ihren Gebirgsw\u00e4nden aus<br \/>\nSchrattenkalk locken seit jeher die Kletterfreunde aus dem In- und Ausland in<br \/>\ndieses Gebiet der Voralpen an. Die dabei von den Verfassern Thomas G\u00f6tz und<br \/>\nMichael Wyser beschriebenen F\u00e4hrten, \u00fcber 300 an der Zahl, bieten f\u00fcr<br \/>\nKletterer verschiedensten Niveaus die M\u00f6glichkeit, dieses Kletter-Eldorado zu<br \/>\nerleben.<\/p>\n<p>Vom Klettergarten bis zu den langen, Ausdauer erfordernden Nordwandrouten. Die<br \/>\nebenfalls von den Verfassern angefertigten und hervorragend gestalteten<br \/>\nRoutentopos, sowie die Photos mit den eingezeichneten Routen werden jeden<br \/>\nKletterfreund erfreuen! Dazu beinhaltet der Kletterf\u00fchrer Angaben bez\u00fcglich<br \/>\nder optimalen Anreise, detailliert beschriebene Zugangs- und<br \/>\nAbstiegsm\u00f6glichkeiten wie auch einen kleinen historischen \u00dcberblick \u00fcber das<br \/>\nGebiet.<\/p>\n<p>212 Seiten; 75 Topos<\/p>","protected":false},"excerpt":{"rendered":"<p>SAC Kletterf\u00fchrer: Topos von der Gallerie ob Weesen \u00fcber das Schiebenchn\u00f6lli, Vorder Mattstock, den Br\u00fcggler bis ins Bockmattli. Die Regionen Bockmattli, Br\u00fcgglerkette und Amden mit ihren Gebirgsw\u00e4nden aus Schrattenkalk locken seit jeher die Kletterfreunde aus dem In- und Ausland in dieses Gebiet der Voralpen an. Die dabei von den Verfassern Thomas G\u00f6tz und Michael Wyser [&#8230;]\n","protected":false},"featured_media":156549,"template":"","meta":[],"product_brand":[],"product_cat":[21539],"product_tag":[],"class_list":{"0":"post-149896","1":"product","2":"type-product","3":"status-publish","4":"has-post-thumbnail","6":"product_cat-fuehrerliteratur-sportklettern-bouldern","7":"pa_autor-goetz-wyser","8":"pa_erscheinungsjahr-22246","9":"pa_region-schweiz","10":"pa_sprache-de","12":"first","13":"onbackorder","14":"taxable","15":"shipping-taxable","16":"purchasable","17":"product-type-simple"},"_links":{"self":[{"href":"https:\/\/pizbube.ch\/en\/wp-json\/wp\/v2\/product\/149896","targetHints":{"allow":["GET"]}}],"collection":[{"href":"https:\/\/pizbube.ch\/en\/wp-json\/wp\/v2\/product"}],"about":[{"href":"https:\/\/pizbube.ch\/en\/wp-json\/wp\/v2\/types\/product"}],"wp:featuredmedia":[{"embeddable":true,"href":"https:\/\/pizbube.ch\/en\/wp-json\/wp\/v2\/media\/156549"}],"wp:attachment":[{"href":"https:\/\/pizbube.ch\/en\/wp-json\/wp\/v2\/media?parent=149896"}],"wp:term":[{"taxonomy":"product_brand","embeddable":true,"href":"https:\/\/pizbube.ch\/en\/wp-json\/wp\/v2\/product_brand?post=149896"},{"taxonomy":"product_cat","embeddable":true,"href":"https:\/\/pizbube.ch\/en\/wp-json\/wp\/v2\/product_cat?post=149896"},{"taxonomy":"product_tag","embeddable":true,"href":"https:\/\/pizbube.ch\/en\/wp-json\/wp\/v2\/product_tag?post=149896"}],"curies":[{"name":"wp","href":"https:\/\/api.w.org\/{rel}","templated":true}]}}