{"id":149898,"date":"2021-01-15T11:01:02","date_gmt":"2021-01-15T11:01:02","guid":{"rendered":"https:\/\/codengine3.ch\/?product=import-placeholder-for-208787"},"modified":"2024-04-05T09:27:43","modified_gmt":"2024-04-05T07:27:43","slug":"zentralschweizer-voralpen-nordost","status":"publish","type":"product","link":"https:\/\/pizbube.ch\/en\/shop\/zentralschweizer-voralpen-nordost\/","title":{"rendered":"Zentralschweizer Voralpen Nordost"},"content":{"rendered":"<p>W\u00e4gital \/ Mythengebiet \/ Morschach-Muotatal \/ Bisistal \/ Rigi \/ Pilatus<\/p>\n<p>Von den lieblichen Kletterg\u00e4rten am Vierwaldst\u00e4ttersee bis zu den<br \/>\ntraditionsreichen voralpinen Kletterw\u00e4nden im Bockmattli: Die Palette an<br \/>\nKletterm\u00f6glichkeiten in den nord\u00f6stlichen Zentralschweizer Voralpen ist breit.<br \/>\nMit dem Kletterf\u00fchrer Zentralschweizer Voralpen Nordost gibt Autor Urs<br \/>\nL\u00f6tscher einen \u00dcberblick \u00fcber das vielf\u00e4ltige Gebiet. Eingehend vorgestellt<br \/>\nwerden das W\u00e4gital und das Mythengebiet, die Regionen Morschach-Muotatal und<br \/>\nBisistal sowie die Felsen an Rigi und Pilatus.<\/p>\n<p>Insgesamt pr\u00e4sentiert der Band 1299 Sportkletterouten. Die Mehrzahl der 68<br \/>\nKlettergebiete sind Kletterg\u00e4rten, wo man selbst im Winter oft angenehme<br \/>\nBedingungen erwarten kann. L\u00e4ngere Klettereien findet man an den Mythen und im<br \/>\nauch international bekannten Bockmattli. Der F\u00fchrer wurde auf<br \/>\nNaturvertr\u00e4glichkeit gepr\u00fcft. Saisonale Einschr\u00e4nkungen werden in den Topos<br \/>\nangegeben.<\/p>\n<p>368 Seiten, 75 Situationsskizzen, 100 Topos, 200 Fotos<br \/>\n3. unver\u00e4nderte Auflage 2022<\/p>","protected":false},"excerpt":{"rendered":"<ul>\n<li><strong><a href=\"https:\/\/pizbube.ch\/wp-content\/uploads\/attachments\/a_004\/35DA69A4B8FE8A8C35464DF66C090442.pdf\" target=\"_blank\" rel=\"noopener\">PDF: Leseprobe_Zentralschweizer Voralpen Nordost<\/a><\/strong><\/li>\n<\/ul>","protected":false},"featured_media":172343,"template":"","meta":[],"product_brand":[],"product_cat":[21539],"product_tag":[],"class_list":{"0":"post-149898","1":"product","2":"type-product","3":"status-publish","4":"has-post-thumbnail","6":"product_cat-fuehrerliteratur-sportklettern-bouldern","7":"pa_autor-loetscher","8":"pa_erscheinungsjahr-27013","9":"pa_region-schweiz","10":"pa_sprache-de","12":"first","13":"instock","14":"taxable","15":"shipping-taxable","16":"purchasable","17":"product-type-simple"},"_links":{"self":[{"href":"https:\/\/pizbube.ch\/en\/wp-json\/wp\/v2\/product\/149898","targetHints":{"allow":["GET"]}}],"collection":[{"href":"https:\/\/pizbube.ch\/en\/wp-json\/wp\/v2\/product"}],"about":[{"href":"https:\/\/pizbube.ch\/en\/wp-json\/wp\/v2\/types\/product"}],"wp:featuredmedia":[{"embeddable":true,"href":"https:\/\/pizbube.ch\/en\/wp-json\/wp\/v2\/media\/172343"}],"wp:attachment":[{"href":"https:\/\/pizbube.ch\/en\/wp-json\/wp\/v2\/media?parent=149898"}],"wp:term":[{"taxonomy":"product_brand","embeddable":true,"href":"https:\/\/pizbube.ch\/en\/wp-json\/wp\/v2\/product_brand?post=149898"},{"taxonomy":"product_cat","embeddable":true,"href":"https:\/\/pizbube.ch\/en\/wp-json\/wp\/v2\/product_cat?post=149898"},{"taxonomy":"product_tag","embeddable":true,"href":"https:\/\/pizbube.ch\/en\/wp-json\/wp\/v2\/product_tag?post=149898"}],"curies":[{"name":"wp","href":"https:\/\/api.w.org\/{rel}","templated":true}]}}