{"id":149900,"date":"2021-01-15T11:01:03","date_gmt":"2021-01-15T11:01:03","guid":{"rendered":"https:\/\/codengine3.ch\/?product=import-placeholder-for-200813"},"modified":"2021-01-15T11:01:07","modified_gmt":"2021-01-15T11:01:07","slug":"baern-boulder","status":"publish","type":"product","link":"https:\/\/pizbube.ch\/en\/shop\/baern-boulder\/","title":{"rendered":"B\u00c4RN BOULDER"},"content":{"rendered":"<p>Legend\u00e4rer Stadtboulderf\u00fchrer! Nun schon in der 6. Auflage, aktualisiert und<br \/>\nmit neuen Gebieten (zB. Gurten). Beschreibt \u00fcber 230 Boulderprobleme der<br \/>\nBerner Innenstadt. Der Kletterf\u00fchrer bewertet die einzelnen Sektoren auch nach<br \/>\nihrem Illegalit\u00e4tsgrad. Das Perrondach am Bahnhof oder die beiden Reliefs am<br \/>\nRathaus verdienen somit ein maximales &#8218;watch your back&#8216; auf der Skala, weniger<br \/>\nstressige Gebiete wie die Granitbalkone am Falkenplatz oder die Bronzeskulptur<br \/>\nim Schanzenpark, erhalten ein &#8218;fast lagal&#8216;, w\u00e4hrend gem\u00fctliche Ecken wie der<br \/>\nCasino-S\u00fcdhang mit &#8218;legal&#8216; bezeichnet werden.  <\/p>","protected":false},"excerpt":{"rendered":"<p>Legend\u00e4rer Stadtboulderf\u00fchrer! Nun schon in der 6. Auflage, aktualisiert und mit neuen Gebieten (zB. Gurten). Beschreibt \u00fcber 230 Boulderprobleme der Berner Innenstadt. Der Kletterf\u00fchrer bewertet die einzelnen Sektoren auch nach ihrem Illegalit\u00e4tsgrad. Das Perrondach am Bahnhof oder die beiden Reliefs am Rathaus verdienen somit ein maximales &#8218;watch your back&#8216; auf der Skala, weniger stressige Gebiete [&#8230;]\n","protected":false},"featured_media":27888,"template":"","meta":[],"product_brand":[],"product_cat":[21539],"product_tag":[],"class_list":{"0":"post-149900","1":"product","2":"type-product","3":"status-publish","4":"has-post-thumbnail","6":"product_cat-fuehrerliteratur-sportklettern-bouldern","7":"pa_autor-dr-bomb-dr-baeri","8":"pa_erscheinungsjahr-22242","9":"pa_region-schweiz","10":"pa_sprache-de","12":"first","13":"outofstock","14":"taxable","15":"shipping-taxable","16":"purchasable","17":"product-type-simple"},"_links":{"self":[{"href":"https:\/\/pizbube.ch\/en\/wp-json\/wp\/v2\/product\/149900","targetHints":{"allow":["GET"]}}],"collection":[{"href":"https:\/\/pizbube.ch\/en\/wp-json\/wp\/v2\/product"}],"about":[{"href":"https:\/\/pizbube.ch\/en\/wp-json\/wp\/v2\/types\/product"}],"wp:featuredmedia":[{"embeddable":true,"href":"https:\/\/pizbube.ch\/en\/wp-json\/wp\/v2\/media\/27888"}],"wp:attachment":[{"href":"https:\/\/pizbube.ch\/en\/wp-json\/wp\/v2\/media?parent=149900"}],"wp:term":[{"taxonomy":"product_brand","embeddable":true,"href":"https:\/\/pizbube.ch\/en\/wp-json\/wp\/v2\/product_brand?post=149900"},{"taxonomy":"product_cat","embeddable":true,"href":"https:\/\/pizbube.ch\/en\/wp-json\/wp\/v2\/product_cat?post=149900"},{"taxonomy":"product_tag","embeddable":true,"href":"https:\/\/pizbube.ch\/en\/wp-json\/wp\/v2\/product_tag?post=149900"}],"curies":[{"name":"wp","href":"https:\/\/api.w.org\/{rel}","templated":true}]}}