{"id":149903,"date":"2021-01-15T11:01:07","date_gmt":"2021-01-15T11:01:07","guid":{"rendered":"https:\/\/codengine3.ch\/?product=import-placeholder-for-200814"},"modified":"2023-06-17T11:09:31","modified_gmt":"2023-06-17T09:09:31","slug":"churfirsten-alvierkette-flaescherberg","status":"publish","type":"product","link":"https:\/\/pizbube.ch\/en\/shop\/churfirsten-alvierkette-flaescherberg\/","title":{"rendered":"Churfirsten &#8211; Alvierkette &#8211; Fl\u00e4scherberg"},"content":{"rendered":"<p>SAC Kletterf\u00fchrer:<br \/>\nbeschrieben sind Churfirsten, Klettergebiete um Sargans, Fl\u00e4sch, Balzers und<br \/>\nSevelen.<\/p>\n<p>Topof\u00fchrer.<br \/>\nDer F\u00fchrer beschreibt rund 600 lohnende Routen im Gebiete des oberen<br \/>\nToggenburg im Norden und des Walensee als s\u00fcdliche Grenze.<br \/>\n\u00dcber Klettergartenrouten (Voralpsee, Gonzen, Balzers, Fl\u00e4sch, Brochne Burg,<br \/>\nF\u00f6hnmauer, Petit Verdon&#8230;), Plattenklettereien bis zu Mehrseill\u00e4ngenrouten<br \/>\ntrifft hier der Kletterer auf eine einzigartige Klettervielfalt ab dem dritten<br \/>\nSchwierigkeitsgrad.<\/p>\n<p>Thomas W\u00e4lti, selbst Besteiger der meisten durchaus schwierigen Routen, erg\u00e4nzte dieses umfassende, klar gegliederte Werk mit sorgf\u00e4ltig gestalteten Topos und \u00dcbersichtsskizzen.<br \/>\nDazu erf\u00e4hrt der Leser alles \u00fcber die Zustiegswege, Bergunterk\u00fcnfte und Campingpl\u00e4tze sowie \u00fcber die historische Geschichte der beschriebenen Bergketten.<\/p>\n<p>304 Seiten, 9 Farbfotos, 24 Fotos schwarz-weiss, 16 \u00dcbersichtskarten, 143<br \/>\nRoutentopos<\/p>","protected":false},"excerpt":{"rendered":"<p>SAC Kletterf\u00fchrer: beschrieben sind Churfirsten, Klettergebiete um Sargans, Fl\u00e4sch, Balzers und Sevelen. Topof\u00fchrer. Der F\u00fchrer beschreibt rund 600 lohnende Routen im Gebiete des oberen Toggenburg im Norden und des Walensee als s\u00fcdliche Grenze. \u00dcber Klettergartenrouten (Voralpsee, Gonzen, Balzers, Fl\u00e4sch, Brochne Burg, F\u00f6hnmauer, Petit Verdon&#8230;), Plattenklettereien bis zu Mehrseill\u00e4ngenrouten trifft hier der Kletterer auf eine einzigartige [&#8230;]\n","protected":false},"featured_media":156399,"template":"","meta":[],"product_brand":[],"product_cat":[21539],"product_tag":[],"class_list":{"0":"post-149903","1":"product","2":"type-product","3":"status-publish","4":"has-post-thumbnail","6":"product_cat-fuehrerliteratur-sportklettern-bouldern","7":"pa_autor-waelti","8":"pa_erscheinungsjahr-22112","9":"pa_region-schweiz","10":"pa_sprache-de","12":"first","13":"onbackorder","14":"taxable","15":"shipping-taxable","16":"purchasable","17":"product-type-simple"},"_links":{"self":[{"href":"https:\/\/pizbube.ch\/en\/wp-json\/wp\/v2\/product\/149903","targetHints":{"allow":["GET"]}}],"collection":[{"href":"https:\/\/pizbube.ch\/en\/wp-json\/wp\/v2\/product"}],"about":[{"href":"https:\/\/pizbube.ch\/en\/wp-json\/wp\/v2\/types\/product"}],"wp:featuredmedia":[{"embeddable":true,"href":"https:\/\/pizbube.ch\/en\/wp-json\/wp\/v2\/media\/156399"}],"wp:attachment":[{"href":"https:\/\/pizbube.ch\/en\/wp-json\/wp\/v2\/media?parent=149903"}],"wp:term":[{"taxonomy":"product_brand","embeddable":true,"href":"https:\/\/pizbube.ch\/en\/wp-json\/wp\/v2\/product_brand?post=149903"},{"taxonomy":"product_cat","embeddable":true,"href":"https:\/\/pizbube.ch\/en\/wp-json\/wp\/v2\/product_cat?post=149903"},{"taxonomy":"product_tag","embeddable":true,"href":"https:\/\/pizbube.ch\/en\/wp-json\/wp\/v2\/product_tag?post=149903"}],"curies":[{"name":"wp","href":"https:\/\/api.w.org\/{rel}","templated":true}]}}