{"id":149905,"date":"2021-01-15T11:01:07","date_gmt":"2021-01-15T11:01:07","guid":{"rendered":"https:\/\/codengine3.ch\/?product=import-placeholder-for-206392"},"modified":"2022-01-14T16:46:12","modified_gmt":"2022-01-14T15:46:12","slug":"gonzen-der-berg-und-sein-eisen","status":"publish","type":"product","link":"https:\/\/pizbube.ch\/en\/shop\/gonzen-der-berg-und-sein-eisen\/","title":{"rendered":"Gonzen &#8211; Der Berg und sein Eisen"},"content":{"rendered":"<p>\u00dcber Jahrhunderte wurde aus dem Berg Eisenerz gef\u00f6rdert. W\u00e4hrend des Zweiten<br \/>\nWeltkriegs bildete die schroffe Gonzen-Wand die eindr\u00fccklichste<br \/>\nlandschaftliche Formation der legend\u00e4ren Festung Sargans. Zwar ist seit 1966<br \/>\ndie Erzf\u00f6rderung aus Rentabilit\u00e4tsgr\u00fcnden eingestellt. Da aber die Konzession<br \/>\nzum Abbau bis zum Jahr 2083 verl\u00e4ngert worden ist, k\u00f6nnte die Metallgewinnung<br \/>\njederzeit wieder aufgenommen werden.<\/p>\n<p>Die Faszination f\u00fcr den Berg ist ungebrochen. Tausende haben seit Er\u00f6ffnung des Schaubergwerks dem Bauch des<br \/>\nBergs einen Besuch abgestattet. Erstmals wird das Monument des schweizerischen<br \/>\nEisenbergbaus in Verbindung mit der reichen Kulturlandschaft, die den Gonzen<br \/>\numgibt, in Buchform vorgestellt. Rund 20 Autoren beleuchten den Gonzen aus<br \/>\nnaturwissenschaftlichen und kulturgeschichtlichen Blickwinkeln.<\/p>\n<div class=\"biblioDimensions\"><span class=\"value\">Breite 245 mm, H\u00f6he 297 mm, Dicke 28 mm<\/span><\/div>\n<div class=\"biblioIllustations\"><span class=\"value\">1000 farbige u. schw.-w. Abb.<\/span><\/div>","protected":false},"excerpt":{"rendered":"<p>\u00dcber Jahrhunderte wurde aus dem Berg Eisenerz gef\u00f6rdert. W\u00e4hrend des Zweiten Weltkriegs bildete die schroffe Gonzen-Wand die eindr\u00fccklichste landschaftliche Formation der legend\u00e4ren Festung Sargans. Zwar ist seit 1966 die Erzf\u00f6rderung aus Rentabilit\u00e4tsgr\u00fcnden eingestellt. Da aber die Konzession zum Abbau bis zum Jahr 2083 verl\u00e4ngert worden ist, k\u00f6nnte die Metallgewinnung jederzeit wieder aufgenommen werden. Die Faszination [&#8230;]\n","protected":false},"featured_media":35413,"template":"","meta":[],"product_brand":[],"product_cat":[21542],"product_tag":[],"class_list":{"0":"post-149905","1":"product","2":"type-product","3":"status-publish","4":"has-post-thumbnail","6":"product_cat-sachbuecher-dokumentationen","7":"pa_autor-huber","8":"pa_erscheinungsjahr-21830","9":"pa_region-schweiz","10":"pa_sprache-de","12":"first","13":"instock","14":"taxable","15":"shipping-taxable","16":"purchasable","17":"product-type-simple"},"_links":{"self":[{"href":"https:\/\/pizbube.ch\/en\/wp-json\/wp\/v2\/product\/149905","targetHints":{"allow":["GET"]}}],"collection":[{"href":"https:\/\/pizbube.ch\/en\/wp-json\/wp\/v2\/product"}],"about":[{"href":"https:\/\/pizbube.ch\/en\/wp-json\/wp\/v2\/types\/product"}],"wp:featuredmedia":[{"embeddable":true,"href":"https:\/\/pizbube.ch\/en\/wp-json\/wp\/v2\/media\/35413"}],"wp:attachment":[{"href":"https:\/\/pizbube.ch\/en\/wp-json\/wp\/v2\/media?parent=149905"}],"wp:term":[{"taxonomy":"product_brand","embeddable":true,"href":"https:\/\/pizbube.ch\/en\/wp-json\/wp\/v2\/product_brand?post=149905"},{"taxonomy":"product_cat","embeddable":true,"href":"https:\/\/pizbube.ch\/en\/wp-json\/wp\/v2\/product_cat?post=149905"},{"taxonomy":"product_tag","embeddable":true,"href":"https:\/\/pizbube.ch\/en\/wp-json\/wp\/v2\/product_tag?post=149905"}],"curies":[{"name":"wp","href":"https:\/\/api.w.org\/{rel}","templated":true}]}}